{"id":38,"date":"2019-07-08T15:16:02","date_gmt":"2019-07-08T12:16:02","guid":{"rendered":"https:\/\/frank-casino-ru.com\/?page_id=38"},"modified":"2021-04-23T16:37:55","modified_gmt":"2021-04-23T13:37:55","slug":"frank-kazino-ofitsialnyj-sajt","status":"publish","type":"page","link":"https:\/\/frank-casino-ru.com\/pt\/frank-kazino-ofitsialnyj-sajt\/","title":{"rendered":"Site oficial do Frank Casino"},"content":{"rendered":"<div id=\"ez-toc-container\" class=\"ez-toc-v2_0_17 counter-hierarchy counter-decimal ez-toc-grey\">\n<nav><ul class=\"ez-toc-list ez-toc-list-level-1\"><li class=\"ez-toc-page-1 ez-toc-heading-level-2\"><a class=\"ez-toc-link ez-toc-heading-1\" href=\"https:\/\/frank-casino-ru.com\/pt\/frank-kazino-ofitsialnyj-sajt\/#%D0%9F%D0%BB%D1%8E%D1%81%D1%8B_%D0%B8_%D0%B2%D0%BE%D0%B7%D0%BC%D0%BE%D0%B6%D0%BD%D0%BE%D1%81%D1%82%D0%B8_%D0%BE%D1%84%D0%B8%D1%86%D0%B8%D0%B0%D0%BB%D1%8C%D0%BD%D0%BE%D0%B3%D0%BE_%D1%81%D0%B0%D0%B9%D1%82%D0%B0_Frank_Casino\" title=\"Pr\u00f3s e recursos do site oficial do Frank Casino \">Pr\u00f3s e recursos do site oficial do Frank Casino <\/a><\/li><li class=\"ez-toc-page-1 ez-toc-heading-level-2\"><a class=\"ez-toc-link ez-toc-heading-2\" href=\"https:\/\/frank-casino-ru.com\/pt\/frank-kazino-ofitsialnyj-sajt\/#Frank_Casino_%D0%BE%D1%84%D0%B8%D1%86%D0%B8%D0%B0%D0%BB%D1%8C%D0%BD%D1%8B%D0%B9_%D1%81%D0%B0%D0%B9%D1%82_%D0%B1%D0%B5%D0%B7%D0%BE%D0%BF%D0%B0%D1%81%D0%BD%D0%BE%D1%81%D1%82%D1%8C_%D0%B8_%D0%BA%D0%B0%D1%87%D0%B5%D1%81%D1%82%D0%B2%D0%BE\" title=\"Site oficial do Frank Casino: seguran\u00e7a e qualidade\">Site oficial do Frank Casino: seguran\u00e7a e qualidade<\/a><\/li><li class=\"ez-toc-page-1 ez-toc-heading-level-2\"><a class=\"ez-toc-link ez-toc-heading-3\" href=\"https:\/\/frank-casino-ru.com\/pt\/frank-kazino-ofitsialnyj-sajt\/#%D0%94%D0%BE%D0%B2%D0%B5%D1%80%D0%B8%D0%B5_%D0%B8%D0%B3%D1%80%D0%BE%D0%BA%D0%BE%D0%B2_-_%D1%81%D1%82%D0%B0%D0%B1%D0%B8%D0%BB%D1%8C%D0%BD%D0%B0%D1%8F_%D1%80%D0%B0%D0%B1%D0%BE%D1%82%D0%B0_%D1%81%D0%B0%D0%B9%D1%82%D0%B0_Frank_Casino\" title=\"Confian\u00e7a dos jogadores - opera\u00e7\u00e3o est\u00e1vel do site do Frank Casino\">Confian\u00e7a dos jogadores - opera\u00e7\u00e3o est\u00e1vel do site do Frank Casino<\/a><\/li><\/ul><\/nav><\/div>\n\n<h2><span class=\"ez-toc-section\" id=\"%D0%9F%D0%BB%D1%8E%D1%81%D1%8B_%D0%B8_%D0%B2%D0%BE%D0%B7%D0%BC%D0%BE%D0%B6%D0%BD%D0%BE%D1%81%D1%82%D0%B8_%D0%BE%D1%84%D0%B8%D1%86%D0%B8%D0%B0%D0%BB%D1%8C%D0%BD%D0%BE%D0%B3%D0%BE_%D1%81%D0%B0%D0%B9%D1%82%D0%B0_Frank_Casino\"><\/span><strong>Pr\u00f3s e recursos do site oficial do Frank Casino <\/strong><span class=\"ez-toc-section-end\"><\/span><\/h2>\n\n\n\n<p>Para ser muito procurado pelos jogadores e atender \u00e0s suas solicita\u00e7\u00f5es, qualquer cassino online precisa tornar seu site oficial amig\u00e1vel, de alta qualidade e multifuncional. &quot;Cara&quot;<strong> <\/strong>Frank Casino - site oficial<strong> <\/strong>com uma interface amig\u00e1vel, conte\u00fado interessante, jogos licenciados, suporte 24 horas por dia e trabalho est\u00e1vel. Claro, esses n\u00e3o s\u00e3o todos os pontos fortes, mas mesmo eles mostram que o site do Frank Casino \u00e9 um recurso da web bastante poderoso e de alta qualidade.<\/p>\n\n\n\n<p>O site oficial do Frank Casino oferece aos seus clientes condi\u00e7\u00f5es favor\u00e1veis e, portanto, permanece na lista dos clubes de jogo exigidos. Ap\u00f3s o registro, voc\u00ea pode obter muitas fun\u00e7\u00f5es e recursos adicionais!<\/p>\n\n\n\n<h2><span class=\"ez-toc-section\" id=\"Frank_Casino_%D0%BE%D1%84%D0%B8%D1%86%D0%B8%D0%B0%D0%BB%D1%8C%D0%BD%D1%8B%D0%B9_%D1%81%D0%B0%D0%B9%D1%82_%D0%B1%D0%B5%D0%B7%D0%BE%D0%BF%D0%B0%D1%81%D0%BD%D0%BE%D1%81%D1%82%D1%8C_%D0%B8_%D0%BA%D0%B0%D1%87%D0%B5%D1%81%D1%82%D0%B2%D0%BE\"><\/span><strong>Site oficial do Frank Casino: seguran\u00e7a e qualidade<\/strong><span class=\"ez-toc-section-end\"><\/span><\/h2>\n\n\n\n<p>Site oficial do Casino Online Frank<strong> <\/strong>tem um design muito bonito e elegante. As cores escuras adicionam um elemento de rigor e a escala amarelo-ouro complementa perfeitamente o clima geral. O portal possui muita anima\u00e7\u00e3o que melhora a parte visual do site. A falta de an\u00fancios melhora a experi\u00eancia de jogo. Na p\u00e1gina inicial <strong>a partir de<\/strong>o site do Frank Casino cont\u00e9m banners com informa\u00e7\u00f5es \u00fateis sobre <a href=\"https:\/\/frank-casino-ru.com\/wp-admin\/post.php?post=12&amp;action=edit\">b\u00f4nus e promo\u00e7\u00f5es<\/a>.<\/p>\n\n\n\n<div class=\"wp-block-image\"><figure class=\"aligncenter size-large\"><img loading=\"lazy\" width=\"589\" height=\"250\" src=\"https:\/\/frank-casino-ru.com\/wp-content\/uploads\/2020\/07\/frank-casino-site.png\" alt=\"frank-casino-site\" class=\"wp-image-93\"\/><figcaption>P\u00e1gina inicial do Frank Casino <\/figcaption><\/figure><\/div>\n\n\n\n<p>Quais os benef\u00edcios que os jogadores obter\u00e3o ao usar o site oficial do Frank Casino?<\/p>\n\n\n\n<ul><li>confiabilidade e qualidade;<\/li><li>v\u00e1rias op\u00e7\u00f5es para reabastecer sua conta de jogo;<\/li><li>muitas promo\u00e7\u00f5es;<\/li><li>seguran\u00e7a de dados pessoais;<\/li><li>suporte ininterrupto para jogadores;<\/li><li>a aus\u00eancia de erros e falhas no trabalho do site.<\/li><\/ul>\n\n\n\n<p>O site oficial do Frank Casino tem espelhos projetados para contornar o bloqueio. Al\u00e9m disso, o principal portal do clube pode ser acessado pela vers\u00e3o mobile, que \u00e9 compat\u00edvel com quase todos os gadgets da plataforma <a href=\"https:\/\/www.android.com\/\" class=\"rank-math-link\">Android<\/a>.<\/p>\n\n\n\n<p>DENTRO<strong> <\/strong>O site oficial do cassino Frank oferece jogos licenciados exclusivamente, entre os quais voc\u00ea pode encontrar jogos famosos: Book Of Dead, Casanova, Jammin Jars, etc. A lista de desenvolvedores inclui grandes empresas: NetEnt, Microgaming, Yggdrasil, Quickspin, Play&#39;n GO, etc ...<\/p>\n\n\n\n<div class=\"wp-block-image\"><figure class=\"aligncenter size-large\"><img loading=\"lazy\" width=\"589\" height=\"147\" src=\"https:\/\/frank-casino-ru.com\/wp-content\/uploads\/2020\/07\/frank-casino-providers.png\" alt=\"provedores de casino francos\" class=\"wp-image-91\"\/><figcaption>Lista de todos os fornecedores no site oficial do casino<\/figcaption><\/figure><\/div>\n\n\n\n<h2><span class=\"ez-toc-section\" id=\"%D0%94%D0%BE%D0%B2%D0%B5%D1%80%D0%B8%D0%B5_%D0%B8%D0%B3%D1%80%D0%BE%D0%BA%D0%BE%D0%B2_-_%D1%81%D1%82%D0%B0%D0%B1%D0%B8%D0%BB%D1%8C%D0%BD%D0%B0%D1%8F_%D1%80%D0%B0%D0%B1%D0%BE%D1%82%D0%B0_%D1%81%D0%B0%D0%B9%D1%82%D0%B0_Frank_Casino\"><\/span><strong>Confian\u00e7a dos jogadores - opera\u00e7\u00e3o est\u00e1vel do site do Frank Casino<\/strong><span class=\"ez-toc-section-end\"><\/span><\/h2>\n\n\n\n<p>Se voc\u00ea tirar conclus\u00f5es e tomar o feedback dos jogadores como base <a href=\"https:\/\/frank-casino-ru.com\/\" class=\"rank-math-link\">Frank Casino<\/a> o site oficial \u00e9 uma plataforma de Internet est\u00e1vel e de alta qualidade, em cujo funcionamento n\u00e3o existem erros t\u00e9cnicos. Gra\u00e7as \u00e0 jogabilidade segura, os usu\u00e1rios t\u00eam uma rela\u00e7\u00e3o de confian\u00e7a com o clube.<\/p>","protected":false},"excerpt":{"rendered":"<p>\u041f\u043b\u044e\u0441\u044b \u0438 \u0432\u043e\u0437\u043c\u043e\u0436\u043d\u043e\u0441\u0442\u0438 \u043e\u0444\u0438\u0446\u0438\u0430\u043b\u044c\u043d\u043e\u0433\u043e \u0441\u0430\u0439\u0442\u0430 Frank Casino Frank Casino \u043e\u0444\u0438\u0446\u0438\u0430\u043b\u044c\u043d\u044b\u0439 \u0441\u0430\u0439\u0442: \u0431\u0435\u0437\u043e\u043f\u0430\u0441\u043d\u043e\u0441\u0442\u044c \u0438 \u043a\u0430\u0447\u0435\u0441\u0442\u0432\u043e\u0414\u043e\u0432\u0435\u0440\u0438\u0435 \u0438\u0433\u0440\u043e\u043a\u043e\u0432 \u2013 \u0441\u0442\u0430\u0431\u0438\u043b\u044c\u043d\u0430\u044f \u0440\u0430\u0431\u043e\u0442\u0430 \u0441\u0430\u0439\u0442\u0430 Frank Casino \u041f\u043b\u044e\u0441\u044b \u0438 \u0432\u043e\u0437\u043c\u043e\u0436\u043d\u043e\u0441\u0442\u0438 \u043e\u0444\u0438\u0446\u0438\u0430\u043b\u044c\u043d\u043e\u0433\u043e \u0441\u0430\u0439\u0442\u0430 Frank Casino \u0427\u0442\u043e\u0431\u044b \u043f\u043e\u043b\u044c\u0437\u043e\u0432\u0430\u0442\u044c\u0441\u044f \u043e\u0433\u0440\u043e\u043c\u043d\u044b\u043c \u0441\u043f\u0440\u043e\u0441\u043e\u043c \u0443 \u0438\u0433\u0440\u043e\u043a\u043e\u0432 \u0438 \u0441\u043e\u043e\u0442\u0432\u0435\u0442\u0441\u0442\u0432\u043e\u0432\u0430\u0442\u044c \u0438\u0445 \u0437\u0430\u044f\u0432\u043a\u0430\u043c, \u043b\u044e\u0431\u043e\u043c\u0443 \u043e\u043d\u043b\u0430\u0439\u043d-\u043a\u0430\u0437\u0438\u043d\u043e \u043d\u0435\u043e\u0431\u0445\u043e\u0434\u0438\u043c\u043e \u0441\u0434\u0435\u043b\u0430\u0442\u044c \u0441\u0432\u043e\u0439 \u043e\u0444\u0438\u0446\u0438\u0430\u043b\u044c\u043d\u044b\u0439 \u0441\u0430\u0439\u0442 \u0443\u0434\u043e\u0431\u043d\u044b\u043c, \u043a\u0430\u0447\u0435\u0441\u0442\u0432\u0435\u043d\u043d\u044b\u043c \u0438 \u043c\u043d\u043e\u0433\u043e\u0444\u0443\u043d\u043a\u0446\u0438\u043e\u043d\u0430\u043b\u044c\u043d\u044b\u043c. \u00ab\u041b\u0438\u0446\u043e\u00bb Frank Casino &#8212; \u043e\u0444\u0438\u0446\u0438\u0430\u043b\u044c\u043d\u044b\u0439 \u0441\u0430\u0439\u0442 &hellip;<\/p>","protected":false},"author":1,"featured_media":0,"parent":0,"menu_order":0,"comment_status":"closed","ping_status":"closed","template":"","meta":[],"_links":{"self":[{"href":"https:\/\/frank-casino-ru.com\/pt\/wp-json\/wp\/v2\/pages\/38"}],"collection":[{"href":"https:\/\/frank-casino-ru.com\/pt\/wp-json\/wp\/v2\/pages"}],"about":[{"href":"https:\/\/frank-casino-ru.com\/pt\/wp-json\/wp\/v2\/types\/page"}],"author":[{"embeddable":true,"href":"https:\/\/frank-casino-ru.com\/pt\/wp-json\/wp\/v2\/users\/1"}],"replies":[{"embeddable":true,"href":"https:\/\/frank-casino-ru.com\/pt\/wp-json\/wp\/v2\/comments?post=38"}],"version-history":[{"count":3,"href":"https:\/\/frank-casino-ru.com\/pt\/wp-json\/wp\/v2\/pages\/38\/revisions"}],"predecessor-version":[{"id":125,"href":"https:\/\/frank-casino-ru.com\/pt\/wp-json\/wp\/v2\/pages\/38\/revisions\/125"}],"wp:attachment":[{"href":"https:\/\/frank-casino-ru.com\/pt\/wp-json\/wp\/v2\/media?parent=38"}],"curies":[{"name":"wp","href":"https:\/\/api.w.org\/{rel}","templated":true}]}}