{"id":36,"date":"2019-07-08T15:13:56","date_gmt":"2019-07-08T12:13:56","guid":{"rendered":"https:\/\/frank-casino-ru.com\/?page_id=36"},"modified":"2021-04-23T16:39:49","modified_gmt":"2021-04-23T13:39:49","slug":"frank-casino-registratsiya-3","status":"publish","type":"page","link":"https:\/\/frank-casino-ru.com\/pt\/frank-casino-registratsiya-3\/","title":{"rendered":"Registro do Frank Casino no site"},"content":{"rendered":"<div id=\"ez-toc-container\" class=\"ez-toc-v2_0_17 counter-hierarchy counter-decimal ez-toc-grey\">\n<nav><ul class=\"ez-toc-list ez-toc-list-level-1\"><li class=\"ez-toc-page-1 ez-toc-heading-level-2\"><a class=\"ez-toc-link ez-toc-heading-1\" href=\"https:\/\/frank-casino-ru.com\/pt\/frank-casino-registratsiya-3\/#%D0%92%D0%B0%D0%B6%D0%BD%D1%8B%D0%B5_%D1%81%D0%BE%D0%B2%D0%B5%D1%82%D1%8B_%D0%BF%D0%BE_%D1%80%D0%B5%D0%B3%D0%B8%D1%81%D1%82%D1%80%D0%B0%D1%86%D0%B8%D0%B8_%D0%B2_Frank_Casino\" title=\"Dicas importantes para se registrar no Frank Casino\">Dicas importantes para se registrar no Frank Casino<\/a><\/li><li class=\"ez-toc-page-1 ez-toc-heading-level-2\"><a class=\"ez-toc-link ez-toc-heading-2\" href=\"https:\/\/frank-casino-ru.com\/pt\/frank-casino-registratsiya-3\/#%D0%9F%D0%BE%D0%BB%D0%B5%D0%B7%D0%BD%D1%8B%D0%B5_%D0%B2%D0%BE%D0%B7%D0%BC%D0%BE%D0%B6%D0%BD%D0%BE%D1%81%D1%82%D0%B8_%D0%BF%D1%80%D0%B8_%D1%80%D0%B5%D0%B3%D0%B8%D1%81%D1%82%D1%80%D0%B0%D1%86%D0%B8%D0%B8_%D0%BD%D0%B0_%D1%81%D0%B0%D0%B9%D1%82%D0%B5_Frank_Casino\" title=\"Recursos \u00fateis ao se registrar no site do Frank Casino\">Recursos \u00fateis ao se registrar no site do Frank Casino<\/a><\/li><li class=\"ez-toc-page-1 ez-toc-heading-level-2\"><a class=\"ez-toc-link ez-toc-heading-3\" href=\"https:\/\/frank-casino-ru.com\/pt\/frank-casino-registratsiya-3\/#Frank_Casino_%D1%80%D0%B5%D0%B3%D0%B8%D1%81%D1%82%D1%80%D0%B0%D1%86%D0%B8%D1%8F_%D0%BA%D0%B0%D0%BA_%D0%B8%D0%B7%D0%B1%D0%B5%D0%B6%D0%B0%D1%82%D1%8C_%D0%BE%D1%88%D0%B8%D0%B1%D0%BE%D0%BA\" title=\"Registro do Frank Casino: como evitar erros\">Registro do Frank Casino: como evitar erros<\/a><\/li><\/ul><\/nav><\/div>\n\n<h2><span class=\"ez-toc-section\" id=\"%D0%92%D0%B0%D0%B6%D0%BD%D1%8B%D0%B5_%D1%81%D0%BE%D0%B2%D0%B5%D1%82%D1%8B_%D0%BF%D0%BE_%D1%80%D0%B5%D0%B3%D0%B8%D1%81%D1%82%D1%80%D0%B0%D1%86%D0%B8%D0%B8_%D0%B2_Frank_Casino\"><\/span><strong>Dicas importantes para se registrar no Frank Casino<\/strong><span class=\"ez-toc-section-end\"><\/span><\/h2>\n\n\n\n<p>No jogo <a href=\"https:\/\/frank-casino-ru.com\/\">Clube Frank Casino<\/a> o registro permite que voc\u00ea obtenha grandes ganhos<strong>,<\/strong> ganhe v\u00e1rios b\u00f4nus<strong>,<\/strong> tornar-se parte do clube VIP<strong>,<\/strong> participe de torneios e muito mais. Criar um perfil pessoal \u00e9 muito f\u00e1cil e r\u00e1pido.<\/p>\n\n\n\n<h2><span class=\"ez-toc-section\" id=\"%D0%9F%D0%BE%D0%BB%D0%B5%D0%B7%D0%BD%D1%8B%D0%B5_%D0%B2%D0%BE%D0%B7%D0%BC%D0%BE%D0%B6%D0%BD%D0%BE%D1%81%D1%82%D0%B8_%D0%BF%D1%80%D0%B8_%D1%80%D0%B5%D0%B3%D0%B8%D1%81%D1%82%D1%80%D0%B0%D1%86%D0%B8%D0%B8_%D0%BD%D0%B0_%D1%81%D0%B0%D0%B9%D1%82%D0%B5_Frank_Casino\"><\/span><strong>Recursos \u00fateis ao se registrar no site do Frank Casino<\/strong><span class=\"ez-toc-section-end\"><\/span><\/h2>\n\n\n\n<p>No Frank Casino, o registro \u00e9 necess\u00e1rio n\u00e3o apenas para o conforto e tranquilidade do jogo dos usu\u00e1rios.<strong>,<\/strong> mas tamb\u00e9m para receber b\u00f4nus e proteger sua conta de dinheiro. Terceiros n\u00e3o ter\u00e3o acesso aos dados privados dos jogadores<strong>,<\/strong> todas as informa\u00e7\u00f5es est\u00e3o sob a prote\u00e7\u00e3o do servi\u00e7o de seguran\u00e7a do cassino.<\/p>\n\n\n\n<p>Os representantes do cassino compilaram um pequeno memorando<strong>,<\/strong> com o qual voc\u00ea pode entrar no site oficial do Frank Casino de forma simples e r\u00e1pida e se registrar.<\/p>\n\n\n\n<div class=\"wp-block-image\"><figure class=\"aligncenter size-large\"><img loading=\"lazy\" width=\"493\" height=\"56\" src=\"https:\/\/frank-casino-ru.com\/wp-content\/uploads\/2020\/07\/frank-casino-login.png\" alt=\"frank-casino-login\" class=\"wp-image-86\"\/><figcaption>Bot\u00e3o de registro, que abrir\u00e1 o acesso \u00e0 cria\u00e7\u00e3o de conta <\/figcaption><\/figure><\/div>\n\n\n\n<ul><li>Voc\u00ea precisa ir ao site ou espelho funcional do cassino usando um computador ou gadget na plataforma <a href=\"https:\/\/ru.wikipedia.org\/wiki\/Android\" class=\"rank-math-link\">Android<\/a>... Voc\u00ea pode baixar a vers\u00e3o m\u00f3vel em nosso site.<\/li><li>No canto superior direito, encontre o bot\u00e3o &quot;Registro&quot; e clique nele.<\/li><li>Preencha todas as informa\u00e7\u00f5es necess\u00e1rias no formul\u00e1rio especial. Voc\u00ea pode precisar de informa\u00e7\u00f5es sobre: e-mail, pa\u00eds de resid\u00eancia, moeda, senha.<\/li><li>Voc\u00ea tamb\u00e9m ter\u00e1 um b\u00f4nus de boas-vindas para escolher.<\/li><\/ul>\n\n\n\n<div class=\"wp-block-image\"><figure class=\"aligncenter size-large\"><img loading=\"lazy\" width=\"586\" height=\"343\" src=\"https:\/\/frank-casino-ru.com\/wp-content\/uploads\/2020\/07\/frank-casino-sign-up.png\" alt=\"Registro do Frank Casino\" class=\"wp-image-92\"\/><figcaption>Registro do Frank Casino: formul\u00e1rio <\/figcaption><\/figure><\/div>\n\n\n\n<p>Ap\u00f3s a conclus\u00e3o deste processo<strong>,<\/strong> o jogador se torna um usu\u00e1rio pleno do recurso. Depois de criar uma conta e entrar no Frank Casino<strong>,<\/strong> o usu\u00e1rio poder\u00e1 receber seu primeiro garantido <a href=\"https:\/\/frank-casino-ru.com\/frank-kazino-bonusy\/\">b\u00f4nus<\/a>!<\/p>\n\n\n\n<div class=\"wp-block-image\"><figure class=\"aligncenter size-large\"><img loading=\"lazy\" width=\"586\" height=\"153\" src=\"https:\/\/frank-casino-ru.com\/wp-content\/uploads\/2020\/07\/frank-casino-bonus.png\" alt=\"frank-casino-bonus\" class=\"wp-image-83\"\/><figcaption>\u00c9 assim que se parecem os b\u00f4nus de boas-vindas para novos jogadores!  <\/figcaption><\/figure><\/div>\n\n\n\n<h2><span class=\"ez-toc-section\" id=\"Frank_Casino_%D1%80%D0%B5%D0%B3%D0%B8%D1%81%D1%82%D1%80%D0%B0%D1%86%D0%B8%D1%8F_%D0%BA%D0%B0%D0%BA_%D0%B8%D0%B7%D0%B1%D0%B5%D0%B6%D0%B0%D1%82%D1%8C_%D0%BE%D1%88%D0%B8%D0%B1%D0%BE%D0%BA\"><\/span><strong>Registro do Frank Casino<\/strong>: como evitar erros<span class=\"ez-toc-section-end\"><\/span><\/h2>\n\n\n\n<p>A fim de n\u00e3o ter dificuldades no site oficial do Frank Casino durante o registro, sem problemas gerencie sua conta e controle sua conta pessoal<strong>,<\/strong> voc\u00ea precisa ler as instru\u00e7\u00f5es para se cadastrar sem erros no site:<\/p>\n\n\n\n<ol><li>Por favor, insira apenas dados genu\u00ednos;<\/li><li>Use o mesmo m\u00e9todo para administrar seu dinheiro;<\/li><li>Passe pelo processo de verifica\u00e7\u00e3o de identidade antes de fazer seu primeiro dep\u00f3sito;<\/li><li>N\u00e3o crie v\u00e1rias contas em um dispositivo.<\/li><\/ol>\n\n\n\n<p>Frank Casino ama seus clientes e oferece a eles muitas condi\u00e7\u00f5es favor\u00e1veis - m\u00e1quinas ca\u00e7a-n\u00edqueis lend\u00e1rias de desenvolvedores populares<strong>,<\/strong> grandes recompensas e pagamentos instant\u00e2neos. Em vez disso, registre-se no site oficial do clube!<\/p>","protected":false},"excerpt":{"rendered":"<p>\u0412\u0430\u0436\u043d\u044b\u0435 \u0441\u043e\u0432\u0435\u0442\u044b \u043f\u043e \u0440\u0435\u0433\u0438\u0441\u0442\u0440\u0430\u0446\u0438\u0438 \u0432 Frank Casino\u041f\u043e\u043b\u0435\u0437\u043d\u044b\u0435 \u0432\u043e\u0437\u043c\u043e\u0436\u043d\u043e\u0441\u0442\u0438 \u043f\u0440\u0438 \u0440\u0435\u0433\u0438\u0441\u0442\u0440\u0430\u0446\u0438\u0438 \u043d\u0430 \u0441\u0430\u0439\u0442\u0435 Frank CasinoFrank Casino \u0440\u0435\u0433\u0438\u0441\u0442\u0440\u0430\u0446\u0438\u044f: \u043a\u0430\u043a \u0438\u0437\u0431\u0435\u0436\u0430\u0442\u044c \u043e\u0448\u0438\u0431\u043e\u043a \u0412\u0430\u0436\u043d\u044b\u0435 \u0441\u043e\u0432\u0435\u0442\u044b \u043f\u043e \u0440\u0435\u0433\u0438\u0441\u0442\u0440\u0430\u0446\u0438\u0438 \u0432 Frank Casino \u0412 \u0438\u0433\u0440\u043e\u0432\u043e\u043c \u043a\u043b\u0443\u0431\u0435 Frank Casino \u0440\u0435\u0433\u0438\u0441\u0442\u0440\u0430\u0446\u0438\u044f \u043f\u043e\u0437\u0432\u043e\u043b\u044f\u0435\u0442 \u043f\u043e\u043b\u0443\u0447\u0430\u0442\u044c \u043a\u0440\u0443\u043f\u043d\u044b\u0435 \u0432\u044b\u0438\u0433\u0440\u044b\u0448\u0438, \u0437\u0430\u0440\u0430\u0431\u0430\u0442\u044b\u0432\u0430\u0442\u044c \u0440\u0430\u0437\u043d\u043e\u043e\u0431\u0440\u0430\u0437\u043d\u044b\u0435 \u0431\u043e\u043d\u0443\u0441\u044b, \u0441\u0442\u0430\u0442\u044c \u0447\u0430\u0441\u0442\u044c\u044e VIP-\u043a\u043b\u0443\u0431\u0430, \u043f\u0440\u0438\u043d\u0438\u043c\u0430\u0442\u044c \u0443\u0447\u0430\u0441\u0442\u0438\u0435 \u0432 \u0442\u0443\u0440\u043d\u0438\u0440\u0430\u0445 \u0438 \u043f\u0440\u043e\u0447\u0435\u0435. \u0421\u043e\u0437\u0434\u0430\u043d\u0438\u0435 \u043b\u0438\u0447\u043d\u043e\u0433\u043e \u043f\u0440\u043e\u0444\u0438\u043b\u044f \u044f\u0432\u043b\u044f\u0435\u0442\u0441\u044f \u0434\u043e\u0432\u043e\u043b\u044c\u043d\u043e \u043b\u0435\u0433\u043a\u0438\u043c \u043f\u0440\u043e\u0446\u0435\u0441\u0441\u043e\u043c &hellip;<\/p>","protected":false},"author":1,"featured_media":0,"parent":0,"menu_order":0,"comment_status":"closed","ping_status":"closed","template":"","meta":[],"_links":{"self":[{"href":"https:\/\/frank-casino-ru.com\/pt\/wp-json\/wp\/v2\/pages\/36"}],"collection":[{"href":"https:\/\/frank-casino-ru.com\/pt\/wp-json\/wp\/v2\/pages"}],"about":[{"href":"https:\/\/frank-casino-ru.com\/pt\/wp-json\/wp\/v2\/types\/page"}],"author":[{"embeddable":true,"href":"https:\/\/frank-casino-ru.com\/pt\/wp-json\/wp\/v2\/users\/1"}],"replies":[{"embeddable":true,"href":"https:\/\/frank-casino-ru.com\/pt\/wp-json\/wp\/v2\/comments?post=36"}],"version-history":[{"count":2,"href":"https:\/\/frank-casino-ru.com\/pt\/wp-json\/wp\/v2\/pages\/36\/revisions"}],"predecessor-version":[{"id":135,"href":"https:\/\/frank-casino-ru.com\/pt\/wp-json\/wp\/v2\/pages\/36\/revisions\/135"}],"wp:attachment":[{"href":"https:\/\/frank-casino-ru.com\/pt\/wp-json\/wp\/v2\/media?parent=36"}],"curies":[{"name":"wp","href":"https:\/\/api.w.org\/{rel}","templated":true}]}}