{"id":34,"date":"2019-07-08T15:01:46","date_gmt":"2019-07-08T12:01:46","guid":{"rendered":"https:\/\/frank-casino-ru.com\/?page_id=34"},"modified":"2021-04-23T14:51:12","modified_gmt":"2021-04-23T11:51:12","slug":"frank-casino-otzyvy","status":"publish","type":"page","link":"https:\/\/frank-casino-ru.com\/pt\/frank-casino-otzyvy\/","title":{"rendered":"Coment\u00e1rios de jogadores do Frank Casino"},"content":{"rendered":"<div id=\"ez-toc-container\" class=\"ez-toc-v2_0_17 counter-hierarchy counter-decimal ez-toc-grey\">\n<nav><ul class=\"ez-toc-list ez-toc-list-level-1\"><li class=\"ez-toc-page-1 ez-toc-heading-level-2\"><a class=\"ez-toc-link ez-toc-heading-1\" href=\"https:\/\/frank-casino-ru.com\/pt\/frank-casino-otzyvy\/#%D0%A0%D0%B0%D0%B7%D0%B1%D0%BE%D1%80_%D0%BA%D0%BE%D0%BC%D0%BC%D0%B5%D0%BD%D1%82%D0%B0%D1%80%D0%B8%D0%B5%D0%B2_%D0%B8_%D0%BE%D0%B1%D1%8A%D0%B5%D0%BA%D1%82%D0%B8%D0%B2%D0%BD%D1%8B%D0%B9_%D0%BE%D0%B1%D0%B7%D0%BE%D1%80_%D0%BD%D0%B0_Frank_Casino\" title=\"An\u00e1lise de coment\u00e1rios e uma revis\u00e3o objetiva no Frank Casino \">An\u00e1lise de coment\u00e1rios e uma revis\u00e3o objetiva no Frank Casino <\/a><\/li><li class=\"ez-toc-page-1 ez-toc-heading-level-2\"><a class=\"ez-toc-link ez-toc-heading-2\" href=\"https:\/\/frank-casino-ru.com\/pt\/frank-casino-otzyvy\/#Frank_Casino_%D0%B3%D0%BB%D0%B0%D0%B2%D0%BD%D1%8B%D0%B5_%D0%BF%D1%80%D0%B5%D0%B8%D0%BC%D1%83%D1%89%D0%B5%D1%81%D1%82%D0%B2%D0%B0_%D0%BA%D0%B0%D0%B7%D0%B8%D0%BD%D0%BE\" title=\"Frank Casino: as principais vantagens do casino\">Frank Casino: as principais vantagens do casino<\/a><\/li><li class=\"ez-toc-page-1 ez-toc-heading-level-2\"><a class=\"ez-toc-link ez-toc-heading-3\" href=\"https:\/\/frank-casino-ru.com\/pt\/frank-casino-otzyvy\/#%D0%9D%D0%B5%D0%B3%D0%B0%D1%82%D0%B8%D0%B2%D0%BD%D1%8B%D0%B5_Frank_Casino_%D0%BE%D1%82%D0%B7%D1%8B%D0%B2%D1%8B\" title=\"Cr\u00edticas negativas do Frank Casino \">Cr\u00edticas negativas do Frank Casino <\/a><\/li><li class=\"ez-toc-page-1 ez-toc-heading-level-2\"><a class=\"ez-toc-link ez-toc-heading-4\" href=\"https:\/\/frank-casino-ru.com\/pt\/frank-casino-otzyvy\/#Frank_Casino_%D0%B2%D1%8B%D0%B2%D0%BE%D0%B4%D1%8B\" title=\"Conclus\u00f5es do Frank Casino\">Conclus\u00f5es do Frank Casino<\/a><\/li><\/ul><\/nav><\/div>\n\n<h2><span class=\"ez-toc-section\" id=\"%D0%A0%D0%B0%D0%B7%D0%B1%D0%BE%D1%80_%D0%BA%D0%BE%D0%BC%D0%BC%D0%B5%D0%BD%D1%82%D0%B0%D1%80%D0%B8%D0%B5%D0%B2_%D0%B8_%D0%BE%D0%B1%D1%8A%D0%B5%D0%BA%D1%82%D0%B8%D0%B2%D0%BD%D1%8B%D0%B9_%D0%BE%D0%B1%D0%B7%D0%BE%D1%80_%D0%BD%D0%B0_Frank_Casino\"><\/span><strong>An\u00e1lise de coment\u00e1rios e uma revis\u00e3o objetiva no Frank Casino <\/strong><span class=\"ez-toc-section-end\"><\/span><\/h2>\n\n\n\n<p>Amantes do jogo s\u00e3o muito apreciados <a href=\"https:\/\/frank-casino-ru.com\/\">Frank Casino<\/a> e responder positivamente sobre o clube. N\u00e3o apenas iniciantes, mas tamb\u00e9m jogadores experientes concordam que este cassino \u00e9 merecidamente um lugar popular para jogos de azar. Qualquer pessoa pode encontrar an\u00e1lises sobre o Frank Casino e familiariz\u00e1-los por conta pr\u00f3pria.<\/p>\n\n\n\n<h2><span class=\"ez-toc-section\" id=\"Frank_Casino_%D0%B3%D0%BB%D0%B0%D0%B2%D0%BD%D1%8B%D0%B5_%D0%BF%D1%80%D0%B5%D0%B8%D0%BC%D1%83%D1%89%D0%B5%D1%81%D1%82%D0%B2%D0%B0_%D0%BA%D0%B0%D0%B7%D0%B8%D0%BD%D0%BE\"><\/span><strong>Frank Casino: as principais vantagens do casino<\/strong><span class=\"ez-toc-section-end\"><\/span><\/h2>\n\n\n\n<p>Tendo estudado an\u00e1lises e coment\u00e1rios sobre Frank Casino nos f\u00f3runs dedicados a <a class=\"rank-math-link\" href=\"https:\/\/ru.wikipedia.org\/wiki\/%D0%98%D0%BD%D1%82%D0%B5%D1%80%D0%BD%D0%B5%D1%82-%D0%BA%D0%B0%D0%B7%D0%B8%D0%BD%D0%BE\">jogatina<\/a>, acabou por fazer um olhar objetivo a este clube de jogo. Um ponto importante - n\u00e3o s\u00f3 as cr\u00edticas positivas, mas tamb\u00e9m as negativas foram tomadas como base.<\/p>\n\n\n\n<p>Por que os jogadores apreciam o Frank Casino?<\/p>\n\n\n\n<ul><li>Integridade da empresa - n\u00e3o h\u00e1 transa\u00e7\u00f5es confusas e regras desonestas ao trabalhar com um cassino.<\/li><\/ul>\n\n\n\n<ul><li>Jogos originais - apenas m\u00e1quinas ca\u00e7a-n\u00edqueis de alta qualidade de desenvolvedores conhecidos.<\/li><\/ul>\n\n\n\n<ul><li>Conveni\u00eancia - trabalho simples e direto com o site, gerenciamento de dinheiro confort\u00e1vel e uma grande sele\u00e7\u00e3o de sistemas de pagamento populares.<\/li><\/ul>\n\n\n\n<ul><li>Grande cat\u00e1logo de jogos - est\u00e1 dispon\u00edvel entretenimento para todos os gostos.<\/li><\/ul>\n\n\n\n<ul><li>Grandes vit\u00f3rias - o casino d\u00e1-lhe a oportunidade n\u00e3o apenas de se divertir, mas, como mostram as cr\u00edticas sobre o Frank Casino, de ganhar um bom dinheiro.<\/li><\/ul>\n\n\n\n<h2><span class=\"ez-toc-section\" id=\"%D0%9D%D0%B5%D0%B3%D0%B0%D1%82%D0%B8%D0%B2%D0%BD%D1%8B%D0%B5_Frank_Casino_%D0%BE%D1%82%D0%B7%D1%8B%D0%B2%D1%8B\"><\/span><strong>Cr\u00edticas negativas do Frank Casino <\/strong><span class=\"ez-toc-section-end\"><\/span><\/h2>\n\n\n\n<p>Por que muitas vezes h\u00e1 coment\u00e1rios negativos sobre Frank Casino em f\u00f3runs tem\u00e1ticos? Dos mais comuns, pode-se destacar: problemas com a retirada de dinheiro recebido para <a href=\"https:\/\/frank-casino-ru.com\/frank-kazino-bonusy\/\">ativa\u00e7\u00e3o de b\u00f4nus<\/a> e reconfirma\u00e7\u00e3o dos dados pessoais do usu\u00e1rio.<\/p>\n\n\n\n<p>A que essas situa\u00e7\u00f5es est\u00e3o realmente conectadas? Muitas vezes, muitos problemas ocorrem devido a erros dos pr\u00f3prios usu\u00e1rios: familiariza\u00e7\u00e3o descuidada com as regras de realiza\u00e7\u00e3o de promo\u00e7\u00f5es, cria\u00e7\u00e3o de v\u00e1rias contas em um dispositivo e tamb\u00e9m devido a informa\u00e7\u00f5es incorretas inseridas ao se registrar no site oficial do Frank Casino.<\/p>\n\n\n\n<h2><span class=\"ez-toc-section\" id=\"Frank_Casino_%D0%B2%D1%8B%D0%B2%D0%BE%D0%B4%D1%8B\"><\/span><strong>Conclus\u00f5es do Frank Casino<\/strong><span class=\"ez-toc-section-end\"><\/span><\/h2>\n\n\n\n<p>O que deve ser notado no final? Todas as an\u00e1lises reais do Frank Casino est\u00e3o sempre dispon\u00edveis para an\u00e1lise independente. Muitos coment\u00e1rios negativos n\u00e3o t\u00eam uma base s\u00f3lida e est\u00e3o associados a desaten\u00e7\u00e3o e erros dos pr\u00f3prios usu\u00e1rios. A imagem real da avalia\u00e7\u00e3o das opini\u00f5es sobre o Frank Casino mostra que h\u00e1 muito mais avalia\u00e7\u00f5es positivas do que negativas.\u00a0<\/p>\n\n\n\n<div class=\"wp-block-image\"><figure class=\"aligncenter size-large\"><img loading=\"lazy\" width=\"131\" height=\"133\" src=\"https:\/\/frank-casino-ru.com\/wp-content\/uploads\/2019\/07\/logo-1.png\" alt=\"frank-casino an\u00e1lises do Frank casino\" class=\"wp-image-73\"\/><\/figure><\/div>\n\n\n\n<p><\/p>","protected":false},"excerpt":{"rendered":"<p>\u0420\u0430\u0437\u0431\u043e\u0440 \u043a\u043e\u043c\u043c\u0435\u043d\u0442\u0430\u0440\u0438\u0435\u0432 \u0438 \u043e\u0431\u044a\u0435\u043a\u0442\u0438\u0432\u043d\u044b\u0439 \u043e\u0431\u0437\u043e\u0440 \u043d\u0430 Frank Casino Frank Casino: \u0433\u043b\u0430\u0432\u043d\u044b\u0435 \u043f\u0440\u0435\u0438\u043c\u0443\u0449\u0435\u0441\u0442\u0432\u0430 \u043a\u0430\u0437\u0438\u043d\u043e\u041d\u0435\u0433\u0430\u0442\u0438\u0432\u043d\u044b\u0435 Frank Casino \u043e\u0442\u0437\u044b\u0432\u044b Frank Casino: \u0432\u044b\u0432\u043e\u0434\u044b \u0420\u0430\u0437\u0431\u043e\u0440 \u043a\u043e\u043c\u043c\u0435\u043d\u0442\u0430\u0440\u0438\u0435\u0432 \u0438 \u043e\u0431\u044a\u0435\u043a\u0442\u0438\u0432\u043d\u044b\u0439 \u043e\u0431\u0437\u043e\u0440 \u043d\u0430 Frank Casino \u041b\u044e\u0431\u0438\u0442\u0435\u043b\u0438 \u0430\u0437\u0430\u0440\u0442\u043d\u044b\u0445 \u0438\u0433\u0440 \u0432\u044b\u0441\u043e\u043a\u043e \u043e\u0446\u0435\u043d\u0438\u043b\u0438 Frank Casino \u0438 \u043f\u043e\u043b\u043e\u0436\u0438\u0442\u0435\u043b\u044c\u043d\u043e \u043e\u0442\u043a\u043b\u0438\u043a\u0430\u044e\u0442\u0441\u044f \u043e \u0434\u0430\u043d\u043d\u043e\u043c \u043a\u043b\u0443\u0431\u0435. \u041d\u0435 \u0442\u043e\u043b\u044c\u043a\u043e \u043d\u043e\u0432\u0438\u0447\u043a\u0438, \u043d\u043e \u0438 \u043e\u043f\u044b\u0442\u043d\u044b\u0435 \u0433\u0435\u043c\u0431\u043b\u0435\u0440\u044b \u0441\u043e\u0433\u043b\u0430\u0441\u043d\u044b \u0441 \u0442\u0435\u043c, \u0447\u0442\u043e \u044d\u0442\u043e \u043a\u0430\u0437\u0438\u043d\u043e \u043f\u043e \u0434\u043e\u0441\u0442\u043e\u0438\u043d\u0441\u0442\u0432\u0443 &hellip;<\/p>","protected":false},"author":1,"featured_media":0,"parent":0,"menu_order":0,"comment_status":"closed","ping_status":"closed","template":"","meta":[],"_links":{"self":[{"href":"https:\/\/frank-casino-ru.com\/pt\/wp-json\/wp\/v2\/pages\/34"}],"collection":[{"href":"https:\/\/frank-casino-ru.com\/pt\/wp-json\/wp\/v2\/pages"}],"about":[{"href":"https:\/\/frank-casino-ru.com\/pt\/wp-json\/wp\/v2\/types\/page"}],"author":[{"embeddable":true,"href":"https:\/\/frank-casino-ru.com\/pt\/wp-json\/wp\/v2\/users\/1"}],"replies":[{"embeddable":true,"href":"https:\/\/frank-casino-ru.com\/pt\/wp-json\/wp\/v2\/comments?post=34"}],"version-history":[{"count":2,"href":"https:\/\/frank-casino-ru.com\/pt\/wp-json\/wp\/v2\/pages\/34\/revisions"}],"predecessor-version":[{"id":133,"href":"https:\/\/frank-casino-ru.com\/pt\/wp-json\/wp\/v2\/pages\/34\/revisions\/133"}],"wp:attachment":[{"href":"https:\/\/frank-casino-ru.com\/pt\/wp-json\/wp\/v2\/media?parent=34"}],"curies":[{"name":"wp","href":"https:\/\/api.w.org\/{rel}","templated":true}]}}