{"id":32,"date":"2019-07-08T14:58:43","date_gmt":"2019-07-08T11:58:43","guid":{"rendered":"https:\/\/frank-casino-ru.com\/?page_id=32"},"modified":"2021-04-23T16:42:37","modified_gmt":"2021-04-23T13:42:37","slug":"frank-kazino-mobilnaya","status":"publish","type":"page","link":"https:\/\/frank-casino-ru.com\/pt\/frank-kazino-mobilnaya\/","title":{"rendered":"Frank Casino m\u00f3vel"},"content":{"rendered":"<div id=\"ez-toc-container\" class=\"ez-toc-v2_0_17 counter-hierarchy counter-decimal ez-toc-grey\">\n<nav><ul class=\"ez-toc-list ez-toc-list-level-1\"><li class=\"ez-toc-page-1 ez-toc-heading-level-2\"><a class=\"ez-toc-link ez-toc-heading-1\" href=\"https:\/\/frank-casino-ru.com\/pt\/frank-kazino-mobilnaya\/#%D0%9F%D1%80%D0%B5%D0%B8%D0%BC%D1%83%D1%89%D0%B5%D1%81%D1%82%D0%B2%D0%B0_%D0%B8_%D0%B2%D0%BE%D0%B7%D0%BC%D0%BE%D0%B6%D0%BD%D0%BE%D1%81%D1%82%D0%B8_%D0%BC%D0%BE%D0%B1%D0%B8%D0%BB%D1%8C%D0%BD%D0%BE%D0%B3%D0%BE_%D0%BF%D1%80%D0%B8%D0%BB%D0%BE%D0%B6%D0%B5%D0%BD%D0%B8%D1%8F_%D0%A4%D1%80%D0%B0%D0%BD%D0%BA_%D0%9A%D0%B0%D0%B7%D0%B8%D0%BD%D0%BE\" title=\"Benef\u00edcios e recursos do aplicativo m\u00f3vel Frank Casino \">Benef\u00edcios e recursos do aplicativo m\u00f3vel Frank Casino <\/a><\/li><li class=\"ez-toc-page-1 ez-toc-heading-level-2\"><a class=\"ez-toc-link ez-toc-heading-2\" href=\"https:\/\/frank-casino-ru.com\/pt\/frank-kazino-mobilnaya\/#%D0%A7%D1%82%D0%BE_%D0%BF%D1%80%D0%B8%D0%BB%D0%BE%D0%B6%D0%B5%D0%BD%D0%B8%D0%B5_%D0%B4%D0%B0%D0%B5%D1%82_%D1%81%D0%B2%D0%BE%D0%B8%D0%BC_%D0%BF%D0%BE%D0%BB%D1%8C%D0%B7%D0%BE%D0%B2%D0%B0%D1%82%D0%B5%D0%BB%D1%8F%D0%BC\" title=\"O que o aplicativo oferece aos seus usu\u00e1rios?\">O que o aplicativo oferece aos seus usu\u00e1rios?<\/a><\/li><li class=\"ez-toc-page-1 ez-toc-heading-level-2\"><a class=\"ez-toc-link ez-toc-heading-3\" href=\"https:\/\/frank-casino-ru.com\/pt\/frank-kazino-mobilnaya\/#Frank_Casino_%D0%BC%D0%BE%D0%B1%D0%B8%D0%BB%D1%8C%D0%BD%D0%B0%D1%8F_%D0%B2%D0%B5%D1%80%D1%81%D0%B8%D1%8F_%D0%BD%D0%B0%D1%87%D0%B0%D0%BB%D0%BE_%D1%80%D0%B0%D0%B1%D0%BE%D1%82%D1%8B\" title=\"Frank Casino mobile: primeiros passos\">Frank Casino mobile: primeiros passos<\/a><\/li><\/ul><\/nav><\/div>\n\n<h2><span class=\"ez-toc-section\" id=\"%D0%9F%D1%80%D0%B5%D0%B8%D0%BC%D1%83%D1%89%D0%B5%D1%81%D1%82%D0%B2%D0%B0_%D0%B8_%D0%B2%D0%BE%D0%B7%D0%BC%D0%BE%D0%B6%D0%BD%D0%BE%D1%81%D1%82%D0%B8_%D0%BC%D0%BE%D0%B1%D0%B8%D0%BB%D1%8C%D0%BD%D0%BE%D0%B3%D0%BE_%D0%BF%D1%80%D0%B8%D0%BB%D0%BE%D0%B6%D0%B5%D0%BD%D0%B8%D1%8F_%D0%A4%D1%80%D0%B0%D0%BD%D0%BA_%D0%9A%D0%B0%D0%B7%D0%B8%D0%BD%D0%BE\"><\/span><strong>Vantagens e recursos do aplicativo m\u00f3vel<\/strong> <strong>Frank Casino <\/strong><span class=\"ez-toc-section-end\"><\/span><\/h2>\n\n\n\n<p>Para ganhar uma posi\u00e7\u00e3o em uma posi\u00e7\u00e3o elevada no ranking de popularidade, entre outros <a class=\"rank-math-link\" href=\"https:\/\/frank-casino-ru.com\/\">casino online, Frank Casino<\/a> tenta regularmente melhorar seu trabalho e modernizar o site oficial, bem como o acesso a ele. Essas a\u00e7\u00f5es t\u00eam como objetivo a cria\u00e7\u00e3o de um recurso web universal que atenda \u00e0 maioria das solicita\u00e7\u00f5es dos usu\u00e1rios. Uma etapa importante neste processo foi a cria\u00e7\u00e3o de um aplicativo m\u00f3vel.<\/p>\n\n\n\n<p>A vers\u00e3o m\u00f3vel do Frank Casino \u00e9 bastante conveniente de usar:<strong> <\/strong>oferece acesso 24 horas ao clube popular e um grande cat\u00e1logo de v\u00e1rios jogos. O software original atende totalmente \u00e0s mais altas demandas dos usu\u00e1rios. A vers\u00e3o m\u00f3vel do Frank Casino repete completamente a vers\u00e3o para o navegador do PC. Baixe o aplicativo Frank Casino<strong> <\/strong>est\u00e1 dispon\u00edvel em nosso site de forma totalmente gratuita.<\/p>\n\n\n\n<h2><span class=\"ez-toc-section\" id=\"%D0%A7%D1%82%D0%BE_%D0%BF%D1%80%D0%B8%D0%BB%D0%BE%D0%B6%D0%B5%D0%BD%D0%B8%D0%B5_%D0%B4%D0%B0%D0%B5%D1%82_%D1%81%D0%B2%D0%BE%D0%B8%D0%BC_%D0%BF%D0%BE%D0%BB%D1%8C%D0%B7%D0%BE%D0%B2%D0%B0%D1%82%D0%B5%D0%BB%D1%8F%D0%BC\"><\/span><strong>O que o aplicativo oferece aos seus usu\u00e1rios?<\/strong><span class=\"ez-toc-section-end\"><\/span><\/h2>\n\n\n\n<p>A vers\u00e3o m\u00f3vel do Frank Casino pode ser instalada em quase todos os dispositivos port\u00e1teis com plataforma Android, independentemente do fabricante. A principal condi\u00e7\u00e3o para come\u00e7ar a usar a vers\u00e3o universal \u00e9 a disponibilidade de internet m\u00f3vel.&nbsp;&nbsp;<\/p>\n\n\n\n<p>No mundo moderno, tablets e smartphones j\u00e1 ultrapassaram os computadores convencionais em termos de frequ\u00eancia de uso. Estudando o aplicativo m\u00f3vel do Frank Casino, deve-se notar que \u00e9 muito f\u00e1cil de usar.<\/p>\n\n\n\n<p>A vers\u00e3o m\u00f3vel do Frank Casino oferece aos jogadores a oportunidade de:<\/p>\n\n\n\n<ul><li>passar por um simples e r\u00e1pido <a href=\"https:\/\/frank-casino-ru.com\/frank-casino-registratsiya-3\/\">cadastro<\/a>;<\/li><li>gerencie sua conta;<\/li><li>tente jogar no modo de demonstra\u00e7\u00e3o gr\u00e1tis;<\/li><li>receber notifica\u00e7\u00f5es imediatas sobre sorteios e promo\u00e7\u00f5es;<\/li><li>gerenciar fundos;<\/li><li>ativar b\u00f4nus lucrativos;<\/li><li>receber feedback de <a class=\"rank-math-link\" href=\"https:\/\/ru.wikipedia.org\/wiki\/%D0%A2%D0%B5%D1%85%D0%BD%D0%B8%D1%87%D0%B5%D1%81%D0%BA%D0%B0%D1%8F_%D0%BF%D0%BE%D0%B4%D0%B4%D0%B5%D1%80%D0%B6%D0%BA%D0%B0\">suporte t\u00e9cnico<\/a> e etc.<\/li><\/ul>\n\n\n\n<p>Os principais objetivos do aplicativo universal Frank Casino s\u00e3o abrir acesso permanente ao site, independentemente de onde o usu\u00e1rio est\u00e1 localizado, e conectar-se automaticamente ao espelho funcional do site.<\/p>\n\n\n\n<h2><span class=\"ez-toc-section\" id=\"Frank_Casino_%D0%BC%D0%BE%D0%B1%D0%B8%D0%BB%D1%8C%D0%BD%D0%B0%D1%8F_%D0%B2%D0%B5%D1%80%D1%81%D0%B8%D1%8F_%D0%BD%D0%B0%D1%87%D0%B0%D0%BB%D0%BE_%D1%80%D0%B0%D0%B1%D0%BE%D1%82%D1%8B\"><\/span><strong>Frank Casino m\u00f3vel<\/strong>: In\u00edcio do trabalho<span class=\"ez-toc-section-end\"><\/span><\/h2>\n\n\n\n<p>Para obter acesso 24 horas por dia, 7 dias por semana a <a href=\"https:\/\/frank-casino-ru.com\/frank-kazino-ofitsialnyj-sajt\/\">site oficial<\/a> Casino Frank, voc\u00ea precisa baixar o aplicativo m\u00f3vel em nosso portal. O download deve ser feito diretamente do gadget. Depois de preench\u00ea-lo, abra o aplicativo e fa\u00e7a login em sua conta. Se voc\u00ea ainda n\u00e3o tem uma conta, cadastre-se no site diretamente por meio do aplicativo m\u00f3vel, tendo acesso a ca\u00e7a-n\u00edqueis populares.<\/p>\n\n\n\n<div class=\"wp-block-image\"><figure class=\"aligncenter size-large\"><img loading=\"lazy\" width=\"205\" height=\"85\" src=\"https:\/\/frank-casino-ru.com\/wp-content\/uploads\/2019\/07\/logo.png\" alt=\"vers\u00e3o m\u00f3vel do Frank Casino do Frank Casino\" class=\"wp-image-53\"\/><\/figure><\/div>","protected":false},"excerpt":{"rendered":"<p>\u041f\u0440\u0435\u0438\u043c\u0443\u0449\u0435\u0441\u0442\u0432\u0430 \u0438 \u0432\u043e\u0437\u043c\u043e\u0436\u043d\u043e\u0441\u0442\u0438 \u043c\u043e\u0431\u0438\u043b\u044c\u043d\u043e\u0433\u043e \u043f\u0440\u0438\u043b\u043e\u0436\u0435\u043d\u0438\u044f \u0424\u0440\u0430\u043d\u043a \u041a\u0430\u0437\u0438\u043d\u043e \u0427\u0442\u043e \u043f\u0440\u0438\u043b\u043e\u0436\u0435\u043d\u0438\u0435 \u0434\u0430\u0435\u0442 \u0441\u0432\u043e\u0438\u043c \u043f\u043e\u043b\u044c\u0437\u043e\u0432\u0430\u0442\u0435\u043b\u044f\u043c?Frank Casino \u043c\u043e\u0431\u0438\u043b\u044c\u043d\u0430\u044f \u0432\u0435\u0440\u0441\u0438\u044f: \u043d\u0430\u0447\u0430\u043b\u043e \u0440\u0430\u0431\u043e\u0442\u044b \u041f\u0440\u0435\u0438\u043c\u0443\u0449\u0435\u0441\u0442\u0432\u0430 \u0438 \u0432\u043e\u0437\u043c\u043e\u0436\u043d\u043e\u0441\u0442\u0438 \u043c\u043e\u0431\u0438\u043b\u044c\u043d\u043e\u0433\u043e \u043f\u0440\u0438\u043b\u043e\u0436\u0435\u043d\u0438\u044f \u0424\u0440\u0430\u043d\u043a \u041a\u0430\u0437\u0438\u043d\u043e \u0427\u0442\u043e\u0431\u044b \u0443\u043a\u0440\u0435\u043f\u0438\u0442\u044c\u0441\u044f \u043d\u0430 \u0432\u044b\u0441\u043e\u043a\u043e\u0439 \u043f\u043e\u0437\u0438\u0446\u0438\u0438 \u0432 \u0440\u0435\u0439\u0442\u0438\u043d\u0433\u0435 \u043f\u043e\u043f\u0443\u043b\u044f\u0440\u043d\u043e\u0441\u0442\u0438 \u0441\u0440\u0435\u0434\u0438 \u0434\u0440\u0443\u0433\u0438\u0445 \u043e\u043d\u043b\u0430\u0439\u043d-\u043a\u0430\u0437\u0438\u043d\u043e, Frank Casino \u0440\u0435\u0433\u0443\u043b\u044f\u0440\u043d\u043e \u0441\u0442\u0430\u0440\u0430\u0435\u0442\u0441\u044f \u0443\u043b\u0443\u0447\u0448\u0430\u0442\u044c \u0441\u0432\u043e\u044e \u0440\u0430\u0431\u043e\u0442\u0443 \u0438 \u043c\u043e\u0434\u0435\u0440\u043d\u0438\u0437\u0438\u0440\u043e\u0432\u0430\u0442\u044c \u043e\u0444\u0438\u0446\u0438\u0430\u043b\u044c\u043d\u044b\u0439 \u0441\u0430\u0439\u0442, \u0430 \u0442\u0430\u043a\u0436\u0435 \u0434\u043e\u0441\u0442\u0443\u043f \u043a \u043d\u0435\u043c\u0443. \u0422\u0430\u043a\u0438\u0435 \u0434\u0435\u0439\u0441\u0442\u0432\u0438\u044f \u043d\u0430\u043f\u0440\u0430\u0432\u043b\u0435\u043d\u044b \u043d\u0430 &hellip;<\/p>","protected":false},"author":1,"featured_media":0,"parent":0,"menu_order":0,"comment_status":"closed","ping_status":"closed","template":"","meta":[],"_links":{"self":[{"href":"https:\/\/frank-casino-ru.com\/pt\/wp-json\/wp\/v2\/pages\/32"}],"collection":[{"href":"https:\/\/frank-casino-ru.com\/pt\/wp-json\/wp\/v2\/pages"}],"about":[{"href":"https:\/\/frank-casino-ru.com\/pt\/wp-json\/wp\/v2\/types\/page"}],"author":[{"embeddable":true,"href":"https:\/\/frank-casino-ru.com\/pt\/wp-json\/wp\/v2\/users\/1"}],"replies":[{"embeddable":true,"href":"https:\/\/frank-casino-ru.com\/pt\/wp-json\/wp\/v2\/comments?post=32"}],"version-history":[{"count":4,"href":"https:\/\/frank-casino-ru.com\/pt\/wp-json\/wp\/v2\/pages\/32\/revisions"}],"predecessor-version":[{"id":184,"href":"https:\/\/frank-casino-ru.com\/pt\/wp-json\/wp\/v2\/pages\/32\/revisions\/184"}],"wp:attachment":[{"href":"https:\/\/frank-casino-ru.com\/pt\/wp-json\/wp\/v2\/media?parent=32"}],"curies":[{"name":"wp","href":"https:\/\/api.w.org\/{rel}","templated":true}]}}