{"id":30,"date":"2019-07-08T14:57:24","date_gmt":"2019-07-08T11:57:24","guid":{"rendered":"https:\/\/frank-casino-ru.com\/?page_id=30"},"modified":"2021-04-23T14:41:16","modified_gmt":"2021-04-23T11:41:16","slug":"frank-casino-igrat-2","status":"publish","type":"page","link":"https:\/\/frank-casino-ru.com\/pt\/frank-casino-igrat-2\/","title":{"rendered":"Frank Casino jogue de gra\u00e7a"},"content":{"rendered":"<div id=\"ez-toc-container\" class=\"ez-toc-v2_0_17 counter-hierarchy counter-decimal ez-toc-grey\">\n<nav><ul class=\"ez-toc-list ez-toc-list-level-1\"><li class=\"ez-toc-page-1 ez-toc-heading-level-2\"><a class=\"ez-toc-link ez-toc-heading-1\" href=\"https:\/\/frank-casino-ru.com\/pt\/frank-casino-igrat-2\/#%D0%9D%D0%B5%D0%BE%D0%B1%D1%85%D0%BE%D0%B4%D0%B8%D0%BC%D0%BE%D1%81%D1%82%D1%8C_%D1%80%D0%B5%D0%B3%D0%B8%D1%81%D1%82%D1%80%D0%B0%D1%86%D0%B8%D0%B8_%D0%B2_%D0%BA%D0%B0%D0%B7%D0%B8%D0%BD%D0%BE_%D0%B8_%D0%BA%D0%B0%D0%BA%D0%B8%D0%BC_%D0%BE%D0%B1%D1%80%D0%B0%D0%B7%D0%BE%D0%BC_%D0%B7%D0%B0%D1%80%D0%B0%D0%B1%D0%B0%D1%82%D1%8B%D0%B2%D0%B0%D1%82%D1%8C_%D0%BD%D0%B0_%D0%B8%D0%B3%D1%80%D0%BE%D0%B2%D1%8B%D1%85_%D0%B0%D0%B2%D1%82%D0%BE%D0%BC%D0%B0%D1%82%D0%B0%D1%85\" title=\"A necessidade de se registrar em um cassino e como ganhar dinheiro em m\u00e1quinas ca\u00e7a-n\u00edqueis?\">A necessidade de se registrar em um cassino e como ganhar dinheiro em m\u00e1quinas ca\u00e7a-n\u00edqueis?<\/a><\/li><li class=\"ez-toc-page-1 ez-toc-heading-level-2\"><a class=\"ez-toc-link ez-toc-heading-2\" href=\"https:\/\/frank-casino-ru.com\/pt\/frank-casino-igrat-2\/#Frank_Casino_%D0%B8%D0%B3%D1%80%D0%B0%D1%82%D1%8C_%D0%B2_%D1%81%D0%BB%D0%BE%D1%82%D1%8B\" title=\"Slots de jogo Frank Casino\">Slots de jogo Frank Casino<\/a><\/li><li class=\"ez-toc-page-1 ez-toc-heading-level-2\"><a class=\"ez-toc-link ez-toc-heading-3\" href=\"https:\/\/frank-casino-ru.com\/pt\/frank-casino-igrat-2\/#%D0%A3%D0%BF%D1%80%D0%B0%D0%B2%D0%BB%D0%B5%D0%BD%D0%B8%D0%B5_%D0%B4%D0%B5%D0%BD%D0%B5%D0%B6%D0%BD%D1%8B%D0%BC_%D1%81%D1%87%D0%B5%D1%82%D0%BE%D0%BC_%D0%B1%D0%B5%D0%B7_%D0%BE%D1%88%D0%B8%D0%B1%D0%BE%D0%BA\" title=\"Gest\u00e3o de contas de dinheiro sem erros\">Gest\u00e3o de contas de dinheiro sem erros<\/a><\/li><\/ul><\/nav><\/div>\n\n<h2><span class=\"ez-toc-section\" id=\"%D0%9D%D0%B5%D0%BE%D0%B1%D1%85%D0%BE%D0%B4%D0%B8%D0%BC%D0%BE%D1%81%D1%82%D1%8C_%D1%80%D0%B5%D0%B3%D0%B8%D1%81%D1%82%D1%80%D0%B0%D1%86%D0%B8%D0%B8_%D0%B2_%D0%BA%D0%B0%D0%B7%D0%B8%D0%BD%D0%BE_%D0%B8_%D0%BA%D0%B0%D0%BA%D0%B8%D0%BC_%D0%BE%D0%B1%D1%80%D0%B0%D0%B7%D0%BE%D0%BC_%D0%B7%D0%B0%D1%80%D0%B0%D0%B1%D0%B0%D1%82%D1%8B%D0%B2%D0%B0%D1%82%D1%8C_%D0%BD%D0%B0_%D0%B8%D0%B3%D1%80%D0%BE%D0%B2%D1%8B%D1%85_%D0%B0%D0%B2%D1%82%D0%BE%D0%BC%D0%B0%D1%82%D0%B0%D1%85\"><\/span><strong>A necessidade de se registrar em um cassino e como ganhar dinheiro em m\u00e1quinas ca\u00e7a-n\u00edqueis?<\/strong><span class=\"ez-toc-section-end\"><\/span><\/h2>\n\n\n\n<p><a href=\"https:\/\/frank-casino-ru.com\/\">Frank Casino<\/a> definitivamente agrada seus usu\u00e1rios com um enorme cat\u00e1logo de jogos<strong>,<\/strong> que cont\u00e9m apenas software original de desenvolvedores populares. E novatos<strong>,<\/strong> e jogadores experientes podem facilmente encontrar algo de seu agrado. \u00c9 absolutamente seguro jogar no Frank Casino e muitos slots t\u00eam um jackpot cumulativo.<\/p>\n\n\n\n<p>O Frank Casino \u00e9 gratuito para jogar, sem dep\u00f3sitos. Voc\u00ea pode melhorar suas habilidades de jogo sem criar uma conta: gire os tambores dos simuladores<strong>,<\/strong> explorar modelos<strong>,<\/strong> construa sua pr\u00f3pria estrat\u00e9gia. Quando o jogador sente<strong> <\/strong>disposi\u00e7\u00e3o para jogar por dinheiro real<strong>,<\/strong> ent\u00e3o voc\u00ea pode criar uma conta e jogar na primeira conta parcelada. No futuro, ap\u00f3s o registro, todos os tipos de b\u00f4nus e promo\u00e7\u00f5es ser\u00e3o abertos aos usu\u00e1rios<strong>,<\/strong> com a ajuda do qual voc\u00ea pode tornar suas f\u00e9rias muito mais emocionantes e ativas.<\/p>\n\n\n\n<h2><span class=\"ez-toc-section\" id=\"Frank_Casino_%D0%B8%D0%B3%D1%80%D0%B0%D1%82%D1%8C_%D0%B2_%D1%81%D0%BB%D0%BE%D1%82%D1%8B\"><\/span><strong>Slots de jogo Frank Casino<\/strong><span class=\"ez-toc-section-end\"><\/span><\/h2>\n\n\n\n<p>Para come\u00e7ar a usar as m\u00e1quinas ca\u00e7a-n\u00edqueis e jogar no Casino Frank, voc\u00ea precisa entrar no site ou no espelho funcional. <a href=\"https:\/\/frank-casino-ru.com\/frank-casino-zerkalo-2\/\">Links para um site espelho<\/a> est\u00e1 sempre em nosso portal. O acesso 24 horas por dia, 7 dias por semana, tamb\u00e9m \u00e9 aberto por meio do aplicativo m\u00f3vel<strong>,<\/strong> que tamb\u00e9m pode ser baixado de n\u00f3s.<\/p>\n\n\n\n<p>No site, voc\u00ea pode encontrar facilmente a marca necess\u00e1ria ou um simulador espec\u00edfico<strong>,<\/strong> com navega\u00e7\u00e3o conveniente. Voc\u00ea pode jogar ca\u00e7a-n\u00edqueis no site oficial do Frank Casino<strong>,<\/strong> que s\u00e3o divididos em t\u00edtulos tem\u00e1ticos. Dada a variedade de g\u00eaneros e caracter\u00edsticas t\u00e9cnicas<strong>,<\/strong> essa classifica\u00e7\u00e3o \u00e9 extremamente conveniente. Na lista de desenvolvedores voc\u00ea pode ver grandes empresas: NetEnt<strong>,<\/strong> Microgaming<strong>,<\/strong> Yggdrasil<strong>,<\/strong> Quickspin<strong>,<\/strong> Play&#39;n GO, etc.<\/p>\n\n\n\n<div class=\"wp-block-image\"><figure class=\"aligncenter size-large\"><img loading=\"lazy\" width=\"589\" height=\"99\" src=\"https:\/\/frank-casino-ru.com\/wp-content\/uploads\/2020\/07\/frank-casino-new-games.png\" alt=\"frank-casino-new-games\" class=\"wp-image-87\"\/><figcaption>Alguns dos jogos da categoria &quot;Novo&quot; <\/figcaption><\/figure><\/div>\n\n\n\n<p>Original <a class=\"rank-math-link\" href=\"https:\/\/ru.wikipedia.org\/wiki\/%D0%9F%D1%80%D0%BE%D0%B3%D1%80%D0%B0%D0%BC%D0%BC%D0%BD%D0%BE%D0%B5_%D0%BE%D0%B1%D0%B5%D1%81%D0%BF%D0%B5%D1%87%D0%B5%D0%BD%D0%B8%D0%B5\">DE<\/a> garante a seguran\u00e7a dos dados dos jogadores e auxilia na resolu\u00e7\u00e3o de diversos problemas e disputas. Os slots na categoria &quot;Novo&quot; s\u00e3o atualizados regularmente<strong>,<\/strong> e voc\u00ea pode se familiarizar com os jogos neles gratuitamente.<\/p>\n\n\n\n<h2><span class=\"ez-toc-section\" id=\"%D0%A3%D0%BF%D1%80%D0%B0%D0%B2%D0%BB%D0%B5%D0%BD%D0%B8%D0%B5_%D0%B4%D0%B5%D0%BD%D0%B5%D0%B6%D0%BD%D1%8B%D0%BC_%D1%81%D1%87%D0%B5%D1%82%D0%BE%D0%BC_%D0%B1%D0%B5%D0%B7_%D0%BE%D1%88%D0%B8%D0%B1%D0%BE%D0%BA\"><\/span><strong>Gest\u00e3o de contas de dinheiro sem erros<\/strong><span class=\"ez-toc-section-end\"><\/span><\/h2>\n\n\n\n<p>Come\u00e7ando a jogar online no Frank Casino, voc\u00ea precisa controlar o processo interno<strong>,<\/strong> para evitar todos os erros permitidos ao trabalhar com uma conta de usu\u00e1rio individual. Trabalhando com dep\u00f3sitos e ganhos<strong>,<\/strong> voc\u00ea precisa usar o mesmo sistema de pagamento.<\/p>\n\n\n\n<div class=\"wp-block-image\"><figure class=\"aligncenter size-large\"><img loading=\"lazy\" width=\"583\" height=\"47\" src=\"https:\/\/frank-casino-ru.com\/wp-content\/uploads\/2020\/07\/frank-casino-payment.png\" alt=\"frank-casino-payment\" class=\"wp-image-89\"\/><figcaption>Sistemas de pagamento dispon\u00edveis no site do Frank Casino<\/figcaption><\/figure><\/div>\n\n\n\n<p>Mergulhe na atmosfera de emo\u00e7\u00e3o<strong>,<\/strong> Expanda os limites desconhecidos da sorte com as slots Frank Casino, v\u00e1 para jogar online no site oficial!<\/p>","protected":false},"excerpt":{"rendered":"<p>\u041d\u0435\u043e\u0431\u0445\u043e\u0434\u0438\u043c\u043e\u0441\u0442\u044c \u0440\u0435\u0433\u0438\u0441\u0442\u0440\u0430\u0446\u0438\u0438 \u0432 \u043a\u0430\u0437\u0438\u043d\u043e \u0438 \u043a\u0430\u043a\u0438\u043c \u043e\u0431\u0440\u0430\u0437\u043e\u043c \u0437\u0430\u0440\u0430\u0431\u0430\u0442\u044b\u0432\u0430\u0442\u044c \u043d\u0430 \u0438\u0433\u0440\u043e\u0432\u044b\u0445 \u0430\u0432\u0442\u043e\u043c\u0430\u0442\u0430\u0445?Frank Casino \u0438\u0433\u0440\u0430\u0442\u044c \u0432 \u0441\u043b\u043e\u0442\u044b\u0423\u043f\u0440\u0430\u0432\u043b\u0435\u043d\u0438\u0435 \u0434\u0435\u043d\u0435\u0436\u043d\u044b\u043c \u0441\u0447\u0435\u0442\u043e\u043c \u0431\u0435\u0437 \u043e\u0448\u0438\u0431\u043e\u043a \u041d\u0435\u043e\u0431\u0445\u043e\u0434\u0438\u043c\u043e\u0441\u0442\u044c \u0440\u0435\u0433\u0438\u0441\u0442\u0440\u0430\u0446\u0438\u0438 \u0432 \u043a\u0430\u0437\u0438\u043d\u043e \u0438 \u043a\u0430\u043a\u0438\u043c \u043e\u0431\u0440\u0430\u0437\u043e\u043c \u0437\u0430\u0440\u0430\u0431\u0430\u0442\u044b\u0432\u0430\u0442\u044c \u043d\u0430 \u0438\u0433\u0440\u043e\u0432\u044b\u0445 \u0430\u0432\u0442\u043e\u043c\u0430\u0442\u0430\u0445? Frank Casino \u043e\u043f\u0440\u0435\u0434\u0435\u043b\u0435\u043d\u043d\u043e \u0440\u0430\u0434\u0443\u0435\u0442 \u0441\u0432\u043e\u0438\u0445 \u043f\u043e\u043b\u044c\u0437\u043e\u0432\u0430\u0442\u0435\u043b\u0435\u0439 \u043e\u0433\u0440\u043e\u043c\u043d\u044b\u043c \u0438\u0433\u0440\u043e\u0432\u044b\u043c \u043a\u0430\u0442\u0430\u043b\u043e\u0433\u043e\u043c, \u043a\u043e\u0442\u043e\u0440\u044b\u0439 \u0441\u043e\u0434\u0435\u0440\u0436\u0438\u0442 \u0442\u043e\u043b\u044c\u043a\u043e \u043e\u0440\u0438\u0433\u0438\u043d\u0430\u043b\u044c\u043d\u044b\u0439 \u0441\u043e\u0444\u0442 \u043e\u0442 \u043f\u043e\u043f\u0443\u043b\u044f\u0440\u043d\u044b\u0445 \u0440\u0430\u0437\u0440\u0430\u0431\u043e\u0442\u0447\u0438\u043a\u043e\u0432. \u0418 \u043d\u043e\u0432\u0438\u0447\u043a\u0438, \u0438 \u0433\u0435\u043c\u0431\u043b\u0435\u0440\u044b \u0441 \u043e\u043f\u044b\u0442\u043e\u043c \u0441\u043c\u043e\u0433\u0443\u0442 \u043b\u0435\u0433\u043a\u043e &hellip;<\/p>","protected":false},"author":1,"featured_media":0,"parent":0,"menu_order":0,"comment_status":"closed","ping_status":"closed","template":"","meta":[],"_links":{"self":[{"href":"https:\/\/frank-casino-ru.com\/pt\/wp-json\/wp\/v2\/pages\/30"}],"collection":[{"href":"https:\/\/frank-casino-ru.com\/pt\/wp-json\/wp\/v2\/pages"}],"about":[{"href":"https:\/\/frank-casino-ru.com\/pt\/wp-json\/wp\/v2\/types\/page"}],"author":[{"embeddable":true,"href":"https:\/\/frank-casino-ru.com\/pt\/wp-json\/wp\/v2\/users\/1"}],"replies":[{"embeddable":true,"href":"https:\/\/frank-casino-ru.com\/pt\/wp-json\/wp\/v2\/comments?post=30"}],"version-history":[{"count":2,"href":"https:\/\/frank-casino-ru.com\/pt\/wp-json\/wp\/v2\/pages\/30\/revisions"}],"predecessor-version":[{"id":131,"href":"https:\/\/frank-casino-ru.com\/pt\/wp-json\/wp\/v2\/pages\/30\/revisions\/131"}],"wp:attachment":[{"href":"https:\/\/frank-casino-ru.com\/pt\/wp-json\/wp\/v2\/media?parent=30"}],"curies":[{"name":"wp","href":"https:\/\/api.w.org\/{rel}","templated":true}]}}