{"id":28,"date":"2019-07-08T14:55:52","date_gmt":"2019-07-08T11:55:52","guid":{"rendered":"https:\/\/frank-casino-ru.com\/?page_id=28"},"modified":"2021-04-23T16:41:13","modified_gmt":"2021-04-23T13:41:13","slug":"frank-casino-zerkalo-2","status":"publish","type":"page","link":"https:\/\/frank-casino-ru.com\/pt\/frank-casino-zerkalo-2\/","title":{"rendered":"Bloqueio de desvio do espelho do Frank Casino"},"content":{"rendered":"<div id=\"ez-toc-container\" class=\"ez-toc-v2_0_17 counter-hierarchy counter-decimal ez-toc-grey\">\n<nav><ul class=\"ez-toc-list ez-toc-list-level-1\"><li class=\"ez-toc-page-1 ez-toc-heading-level-2\"><a class=\"ez-toc-link ez-toc-heading-1\" href=\"https:\/\/frank-casino-ru.com\/pt\/frank-casino-zerkalo-2\/#%D0%9F%D0%BE%D0%B4%D0%BA%D0%BB%D1%8E%D1%87%D0%B5%D0%BD%D0%B8%D0%B5_%D0%BA_%D0%B7%D0%B5%D1%80%D0%BA%D0%B0%D0%BB%D1%8C%D0%BD%D0%BE%D0%BC%D1%83_%D1%81%D0%B0%D0%B9%D1%82%D1%83_%D0%B8_%D0%BE%D0%B1%D0%B7%D0%BE%D1%80_%D0%B2%D1%81%D0%B5%D1%85_%D0%B5%D0%B3%D0%BE_%D0%B2%D0%BE%D0%B7%D0%BC%D0%BE%D0%B6%D0%BD%D0%BE%D1%81%D1%82%D0%B5%D0%B9\" title=\"Conex\u00e3o a um site espelho e uma vis\u00e3o geral de todos os seus recursos\">Conex\u00e3o a um site espelho e uma vis\u00e3o geral de todos os seus recursos<\/a><\/li><li class=\"ez-toc-page-1 ez-toc-heading-level-2\"><a class=\"ez-toc-link ez-toc-heading-2\" href=\"https:\/\/frank-casino-ru.com\/pt\/frank-casino-zerkalo-2\/#%D0%9D%D0%B5%D1%81%D0%BA%D0%BE%D0%BB%D1%8C%D0%BA%D0%BE_%D1%81%D0%BF%D0%BE%D1%81%D0%BE%D0%B1%D0%BE%D0%B2_%D0%BF%D0%BE%D0%BB%D1%83%D1%87%D0%B5%D0%BD%D0%B8%D1%8F_%D0%B4%D0%BE%D1%81%D1%82%D1%83%D0%BF%D0%B0_%D0%BA_%D0%B7%D0%B5%D1%80%D0%BA%D0%B0%D0%BB%D1%83_Frank_Casino\" title=\"V\u00e1rias maneiras de acessar o espelho do Frank Casino\">V\u00e1rias maneiras de acessar o espelho do Frank Casino<\/a><\/li><li class=\"ez-toc-page-1 ez-toc-heading-level-2\"><a class=\"ez-toc-link ez-toc-heading-3\" href=\"https:\/\/frank-casino-ru.com\/pt\/frank-casino-zerkalo-2\/#%D0%A0%D0%B0%D0%B1%D0%BE%D1%87%D0%B5%D0%B5_%D0%B7%D0%B5%D1%80%D0%BA%D0%B0%D0%BB%D0%BE_%D0%B8_%D0%BE%D1%84%D0%B8%D1%86%D0%B8%D0%B0%D0%BB%D1%8C%D0%BD%D1%8B%D0%B9_%D1%81%D0%B0%D0%B9%D1%82_Frank_Casino_%D0%BE%D0%B1%D1%89%D0%B5%D0%B5\" title=\"Espelho de trabalho e site oficial do Frank Casino: geral \">Espelho de trabalho e site oficial do Frank Casino: geral <\/a><\/li><\/ul><\/nav><\/div>\n\n<h2><span class=\"ez-toc-section\" id=\"%D0%9F%D0%BE%D0%B4%D0%BA%D0%BB%D1%8E%D1%87%D0%B5%D0%BD%D0%B8%D0%B5_%D0%BA_%D0%B7%D0%B5%D1%80%D0%BA%D0%B0%D0%BB%D1%8C%D0%BD%D0%BE%D0%BC%D1%83_%D1%81%D0%B0%D0%B9%D1%82%D1%83_%D0%B8_%D0%BE%D0%B1%D0%B7%D0%BE%D1%80_%D0%B2%D1%81%D0%B5%D1%85_%D0%B5%D0%B3%D0%BE_%D0%B2%D0%BE%D0%B7%D0%BC%D0%BE%D0%B6%D0%BD%D0%BE%D1%81%D1%82%D0%B5%D0%B9\"><\/span><strong>Conex\u00e3o a um site espelho e uma vis\u00e3o geral de todos os seus recursos<\/strong><span class=\"ez-toc-section-end\"><\/span><\/h2>\n\n\n\n<p>O encerramento de estabelecimentos de jogos de azar \u00e9 aprovado na R\u00fassia a n\u00edvel legislativo. Mesmo os recursos online s\u00e3o bloqueados<strong>,<\/strong> dedicado a v\u00e1rios cassinos. No entanto, os desenvolvedores quase imediatamente encontraram uma maneira de sair dessas circunst\u00e2ncias e come\u00e7aram a criar sites espelhos especiais.<\/p>\n\n\n\n<p>DENTRO <a href=\"https:\/\/frank-casino-ru.com\/\">casino online Frank Casino<\/a> espelho<strong> <\/strong>atua como um portal com estrutura id\u00eantica \u00e0 do site principal.<\/p>\n\n\n\n<div class=\"wp-block-image\"><figure class=\"aligncenter size-large\"><img loading=\"lazy\" width=\"586\" height=\"153\" src=\"https:\/\/frank-casino-ru.com\/wp-content\/uploads\/2020\/07\/frank-casino-official-site.png\" alt=\"frank-casino\" class=\"wp-image-88\"\/><figcaption>Todas as categorias de jogo no espelho s\u00e3o exatamente as mesmas do portal principal<\/figcaption><\/figure><\/div>\n\n\n\n<h2><span class=\"ez-toc-section\" id=\"%D0%9D%D0%B5%D1%81%D0%BA%D0%BE%D0%BB%D1%8C%D0%BA%D0%BE_%D1%81%D0%BF%D0%BE%D1%81%D0%BE%D0%B1%D0%BE%D0%B2_%D0%BF%D0%BE%D0%BB%D1%83%D1%87%D0%B5%D0%BD%D0%B8%D1%8F_%D0%B4%D0%BE%D1%81%D1%82%D1%83%D0%BF%D0%B0_%D0%BA_%D0%B7%D0%B5%D1%80%D0%BA%D0%B0%D0%BB%D1%83_Frank_Casino\"><\/span><strong>V\u00e1rias maneiras de acessar o espelho do Frank Casino<\/strong><span class=\"ez-toc-section-end\"><\/span><\/h2>\n\n\n\n<p>Entrar<strong> <\/strong>Frank Casino, um espelho usado hoje para bloquear<strong>,<\/strong> falhas t\u00e9cnicas<strong>,<\/strong> ataques de hackers. Depois de examinar todos os cen\u00e1rios e riscos aceit\u00e1veis<strong>,<\/strong> os desenvolvedores melhoraram o espelho do clube<strong>,<\/strong> garantindo assim: fa\u00e7a login em sua conta<strong>,<\/strong> gest\u00e3o interna<strong>,<\/strong> realizando v\u00e1rias transa\u00e7\u00f5es com pagamentos<strong>,<\/strong> ativa\u00e7\u00e3o de b\u00f4nus e c\u00f3digos promocionais, etc.<\/p>\n\n\n\n<p>Para chegar ao espelho do Frank Casino, voc\u00ea pode usar m\u00e9todos diferentes. em primeiro lugar<strong>,<\/strong> muitas vezes, a transi\u00e7\u00e3o para um site espelho \u00e9 feita mecanicamente<strong>,<\/strong> se os problemas do sistema come\u00e7aram no portal principal. Uma conex\u00e3o automatizada semelhante ocorre durante o login atrav\u00e9s do <a class=\"rank-math-link\" href=\"https:\/\/ru.wikipedia.org\/wiki\/%D0%9C%D0%BE%D0%B1%D0%B8%D0%BB%D1%8C%D0%BD%D0%BE%D0%B5_%D0%BF%D1%80%D0%B8%D0%BB%D0%BE%D0%B6%D0%B5%D0%BD%D0%B8%D0%B5\">aplicativo m\u00f3vel<\/a>... Em segundo lugar<strong>,<\/strong> voc\u00ea pode seguir independentemente o link de trabalho. Todos os links do nosso portal est\u00e3o atualizados e s\u00e3o atualizados diariamente. Al\u00e9m disso, eles podem ser recebidos regularmente.<strong>,<\/strong> assinando os alertas do casino.<\/p>\n\n\n\n<h2><span class=\"ez-toc-section\" id=\"%D0%A0%D0%B0%D0%B1%D0%BE%D1%87%D0%B5%D0%B5_%D0%B7%D0%B5%D1%80%D0%BA%D0%B0%D0%BB%D0%BE_%D0%B8_%D0%BE%D1%84%D0%B8%D1%86%D0%B8%D0%B0%D0%BB%D1%8C%D0%BD%D1%8B%D0%B9_%D1%81%D0%B0%D0%B9%D1%82_Frank_Casino_%D0%BE%D0%B1%D1%89%D0%B5%D0%B5\"><\/span><strong>Espelho de trabalho e site oficial do Frank Casino: geral <\/strong><span class=\"ez-toc-section-end\"><\/span><\/h2>\n\n\n\n<p>No Frank Casino, o espelho imita o conte\u00fado externo e interno do site principal do clube.<\/p>\n\n\n\n<p>Se o jogador usar um espelho<strong>,<\/strong> ent\u00e3o:<\/p>\n\n\n\n<ul><li>ainda h\u00e1 a oportunidade de jogar no modo demo ou por dinheiro;<\/li><li><a href=\"https:\/\/frank-casino-ru.com\/frank-kazino-bonusy\/\">as promo\u00e7\u00f5es continuam<\/a>;<\/li><li>o trabalho constante das p\u00e1ginas do site \u00e9 mantido;<\/li><li>os usu\u00e1rios t\u00eam acesso 24 horas por dia;<\/li><li>confidencialidade garantida;<\/li><li>pagamentos pontuais s\u00e3o fornecidos;<\/li><li>todas as conquistas do usu\u00e1rio s\u00e3o salvas.<\/li><\/ul>\n\n\n\n<div class=\"wp-block-image\"><figure class=\"aligncenter size-large\"><img loading=\"lazy\" width=\"586\" height=\"216\" src=\"https:\/\/frank-casino-ru.com\/wp-content\/uploads\/2020\/07\/frank-casino-turnir.png\" alt=\"frank-casino-turnir\" class=\"wp-image-94\"\/><figcaption>Participe do torneio fazendo login atrav\u00e9s do espelho - todos os resultados ser\u00e3o salvos! <\/figcaption><\/figure><\/div>\n\n\n\n<p>Se o jogador j\u00e1 abriu uma conta no site oficial do casino<strong>,<\/strong> e agora ele vai entrar em seu perfil pessoal no espelho do Frank Casino, ent\u00e3o ele pode usar seu nome de usu\u00e1rio e senha. Se n\u00e3o houver conta<strong>,<\/strong> ent\u00e3o voc\u00ea pode passar pelo processo de registro direto no espelho.<\/p>\n\n\n\n<p>Acesso regular a ca\u00e7a-n\u00edqueis famosos<strong>,<\/strong> a\u00e7\u00f5es<strong>,<\/strong> loterias e sorteios<strong>,<\/strong> e o mais importante - grandes vit\u00f3rias<strong>,<\/strong> voc\u00ea pode conseguir isso<strong>,<\/strong> criando uma conta em <a href=\"https:\/\/frank-casino-ru.com\/frank-kazino-ofitsialnyj-sajt\/\">website oficial<\/a> Frank Casino ou Mirror!<\/p>","protected":false},"excerpt":{"rendered":"<p>\u041f\u043e\u0434\u043a\u043b\u044e\u0447\u0435\u043d\u0438\u0435 \u043a \u0437\u0435\u0440\u043a\u0430\u043b\u044c\u043d\u043e\u043c\u0443 \u0441\u0430\u0439\u0442\u0443 \u0438 \u043e\u0431\u0437\u043e\u0440 \u0432\u0441\u0435\u0445 \u0435\u0433\u043e \u0432\u043e\u0437\u043c\u043e\u0436\u043d\u043e\u0441\u0442\u0435\u0439\u041d\u0435\u0441\u043a\u043e\u043b\u044c\u043a\u043e \u0441\u043f\u043e\u0441\u043e\u0431\u043e\u0432 \u043f\u043e\u043b\u0443\u0447\u0435\u043d\u0438\u044f \u0434\u043e\u0441\u0442\u0443\u043f\u0430 \u043a \u0437\u0435\u0440\u043a\u0430\u043b\u0443 Frank Casino\u0420\u0430\u0431\u043e\u0447\u0435\u0435 \u0437\u0435\u0440\u043a\u0430\u043b\u043e \u0438 \u043e\u0444\u0438\u0446\u0438\u0430\u043b\u044c\u043d\u044b\u0439 \u0441\u0430\u0439\u0442 Frank Casino: \u043e\u0431\u0449\u0435\u0435 \u041f\u043e\u0434\u043a\u043b\u044e\u0447\u0435\u043d\u0438\u0435 \u043a \u0437\u0435\u0440\u043a\u0430\u043b\u044c\u043d\u043e\u043c\u0443 \u0441\u0430\u0439\u0442\u0443 \u0438 \u043e\u0431\u0437\u043e\u0440 \u0432\u0441\u0435\u0445 \u0435\u0433\u043e \u0432\u043e\u0437\u043c\u043e\u0436\u043d\u043e\u0441\u0442\u0435\u0439 \u0417\u0430\u043a\u0440\u044b\u0442\u0438\u0435 \u0430\u0437\u0430\u0440\u0442\u043d\u044b\u0445 \u0437\u0430\u0432\u0435\u0434\u0435\u043d\u0438\u0439 \u043f\u0440\u0438\u043d\u044f\u0442\u043e \u0432 \u0420\u043e\u0441\u0441\u0438\u0438 \u043d\u0430 \u0437\u0430\u043a\u043e\u043d\u043e\u0434\u0430\u0442\u0435\u043b\u044c\u043d\u043e\u043c \u0443\u0440\u043e\u0432\u043d\u0435. \u0414\u0430\u0436\u0435 \u0432 \u0441\u0435\u0442\u0438 \u043f\u0440\u043e\u0438\u0441\u0445\u043e\u0434\u0438\u0442 \u0431\u043b\u043e\u043a\u0438\u0440\u043e\u0432\u043a\u0430 \u043e\u043d\u043b\u0430\u0439\u043d-\u0440\u0435\u0441\u0443\u0440\u0441\u043e\u0432, \u043f\u043e\u0441\u0432\u044f\u0449\u0435\u043d\u043d\u044b\u0445 \u0440\u0430\u0437\u043b\u0438\u0447\u043d\u044b\u043c \u043a\u0430\u0437\u0438\u043d\u043e. \u0422\u0435\u043c \u043d\u0435 \u043c\u0435\u043d\u0435\u0435 \u0440\u0430\u0437\u0440\u0430\u0431\u043e\u0442\u0447\u0438\u043a\u0438 \u043f\u0440\u0430\u043a\u0442\u0438\u0447\u0435\u0441\u043a\u0438 &hellip;<\/p>","protected":false},"author":1,"featured_media":0,"parent":0,"menu_order":0,"comment_status":"closed","ping_status":"closed","template":"","meta":[],"_links":{"self":[{"href":"https:\/\/frank-casino-ru.com\/pt\/wp-json\/wp\/v2\/pages\/28"}],"collection":[{"href":"https:\/\/frank-casino-ru.com\/pt\/wp-json\/wp\/v2\/pages"}],"about":[{"href":"https:\/\/frank-casino-ru.com\/pt\/wp-json\/wp\/v2\/types\/page"}],"author":[{"embeddable":true,"href":"https:\/\/frank-casino-ru.com\/pt\/wp-json\/wp\/v2\/users\/1"}],"replies":[{"embeddable":true,"href":"https:\/\/frank-casino-ru.com\/pt\/wp-json\/wp\/v2\/comments?post=28"}],"version-history":[{"count":3,"href":"https:\/\/frank-casino-ru.com\/pt\/wp-json\/wp\/v2\/pages\/28\/revisions"}],"predecessor-version":[{"id":183,"href":"https:\/\/frank-casino-ru.com\/pt\/wp-json\/wp\/v2\/pages\/28\/revisions\/183"}],"wp:attachment":[{"href":"https:\/\/frank-casino-ru.com\/pt\/wp-json\/wp\/v2\/media?parent=28"}],"curies":[{"name":"wp","href":"https:\/\/api.w.org\/{rel}","templated":true}]}}