{"id":26,"date":"2019-07-08T14:53:59","date_gmt":"2019-07-08T11:53:59","guid":{"rendered":"https:\/\/frank-casino-ru.com\/?page_id=26"},"modified":"2021-04-23T16:35:04","modified_gmt":"2021-04-23T13:35:04","slug":"frank-kazino","status":"publish","type":"page","link":"https:\/\/frank-casino-ru.com\/pt\/","title":{"rendered":"Frank Casino Online - um clube de jogo com condi\u00e7\u00f5es favor\u00e1veis"},"content":{"rendered":"<div id=\"ez-toc-container\" class=\"ez-toc-v2_0_17 counter-hierarchy counter-decimal ez-toc-grey\">\n<nav><ul class=\"ez-toc-list ez-toc-list-level-1\"><li class=\"ez-toc-page-1 ez-toc-heading-level-2\"><a class=\"ez-toc-link ez-toc-heading-1\" href=\"https:\/\/frank-casino-ru.com\/pt\/#%D0%9A%D0%B0%D0%B7%D0%B8%D0%BD%D0%BE_Frank_%D0%BE%D0%B1%D0%B7%D0%BE%D1%80_%D0%BD%D0%B0_%D0%BF%D1%80%D0%B5%D0%B8%D0%BC%D1%83%D1%89%D0%B5%D1%81%D1%82%D0%B2%D0%B0_-_%D0%BF%D1%80%D0%B5%D0%BC%D0%B8%D1%83%D0%BC_%D0%BA%D0%BB%D1%83%D0%B1_%D0%BA%D1%80%D1%83%D1%82%D1%8B%D0%B5_%D0%B1%D0%BE%D0%BD%D1%83%D1%81%D1%8B_%D1%81%D0%B0%D0%B9%D1%82\" title=\"An\u00e1lise do Frank casino sobre os benef\u00edcios - clube premium, b\u00f4nus fant\u00e1sticos, site\">An\u00e1lise do Frank casino sobre os benef\u00edcios - clube premium, b\u00f4nus fant\u00e1sticos, site <\/a><\/li><li class=\"ez-toc-page-1 ez-toc-heading-level-2\"><a class=\"ez-toc-link ez-toc-heading-2\" href=\"https:\/\/frank-casino-ru.com\/pt\/#%D0%9F%D0%BE%D1%87%D0%B5%D0%BC%D1%83_%D0%B8%D0%B3%D1%80%D0%BE%D0%BA%D0%B8_%D0%B2%D1%8B%D0%B1%D0%B8%D1%80%D0%B0%D1%8E%D1%82_Frank_Casino\" title=\"Por que os jogadores escolhem o Frank Casino?\">Por que os jogadores escolhem o Frank Casino?<\/a><\/li><li class=\"ez-toc-page-1 ez-toc-heading-level-2\"><a class=\"ez-toc-link ez-toc-heading-3\" href=\"https:\/\/frank-casino-ru.com\/pt\/#%D0%9A%D0%B0%D1%87%D0%B5%D1%81%D1%82%D0%B2%D0%B5%D0%BD%D0%BD%D0%B0%D1%8F_%D1%80%D0%B0%D0%B1%D0%BE%D1%82%D0%B0_%D0%BE%D1%84%D0%B8%D1%86%D0%B8%D0%B0%D0%BB%D1%8C%D0%BD%D0%BE%D0%B3%D0%BE_%D1%81%D0%B0%D0%B9%D1%82%D0%B0\" title=\"Trabalho de alta qualidade do site oficial\">Trabalho de alta qualidade do site oficial<\/a><\/li><\/ul><\/nav><\/div>\n\n<h2><span class=\"ez-toc-section\" id=\"%D0%9A%D0%B0%D0%B7%D0%B8%D0%BD%D0%BE_Frank_%D0%BE%D0%B1%D0%B7%D0%BE%D1%80_%D0%BD%D0%B0_%D0%BF%D1%80%D0%B5%D0%B8%D0%BC%D1%83%D1%89%D0%B5%D1%81%D1%82%D0%B2%D0%B0_-_%D0%BF%D1%80%D0%B5%D0%BC%D0%B8%D1%83%D0%BC_%D0%BA%D0%BB%D1%83%D0%B1_%D0%BA%D1%80%D1%83%D1%82%D1%8B%D0%B5_%D0%B1%D0%BE%D0%BD%D1%83%D1%81%D1%8B_%D1%81%D0%B0%D0%B9%D1%82\"><\/span><strong>An\u00e1lise do Frank casino sobre os benef\u00edcios - clube premium, b\u00f4nus fant\u00e1sticos, site <\/strong><span class=\"ez-toc-section-end\"><\/span><\/h2>\n\n\n\n<p>Frank Casino \u00e9 um dos cassinos online mais populares do mercado de clubes de apostas. Os entusiastas do jogo s\u00e3o atra\u00eddos n\u00e3o apenas pela bela interface do site oficial, mas tamb\u00e9m pelo conte\u00fado de alta qualidade com que ele \u00e9 preenchido. O suporte ao usu\u00e1rio est\u00e1 em um n\u00edvel bastante alto.<\/p>\n\n\n\n<p>Frank Casino preparou<strong> <\/strong>existem muitas condi\u00e7\u00f5es favor\u00e1veis para os nossos clientes: um conveniente site oficial, um grande programa de b\u00f3nus, a oportunidade de aderir ao Premium Club, v\u00e1rios sistemas de pagamento para gerir uma conta, apoio ao utilizador, levantamentos r\u00e1pidos de fundos, jogos licenciados e muito mais .<\/p>\n\n\n\n<p>Como muitos outros<strong> <\/strong>casino, Frank Casino<strong> <\/strong>d\u00e1 aos seus usu\u00e1rios a oportunidade de ganhar com o primeiro dep\u00f3sito, para isso basta se cadastrar no site oficial. Os jogadores poder\u00e3o testar slots populares em um modo de demonstra\u00e7\u00e3o gratuito, para o qual n\u00e3o \u00e9 necess\u00e1rio abrir uma conta.<\/p>\n\n\n\n<div class=\"wp-block-image\"><figure class=\"aligncenter size-large\"><img loading=\"lazy\" width=\"589\" height=\"122\" src=\"https:\/\/frank-casino-ru.com\/wp-content\/uploads\/2020\/07\/frank-casino-games.png\" alt=\"frank-casino-games\" class=\"wp-image-85\"\/><figcaption>Tente jogar no modo de teste - de gra\u00e7a e sem registro<\/figcaption><\/figure><\/div>\n\n\n\n<h2><span class=\"ez-toc-section\" id=\"%D0%9F%D0%BE%D1%87%D0%B5%D0%BC%D1%83_%D0%B8%D0%B3%D1%80%D0%BE%D0%BA%D0%B8_%D0%B2%D1%8B%D0%B1%D0%B8%D1%80%D0%B0%D1%8E%D1%82_Frank_Casino\"><\/span><strong>Por que os jogadores escolhem o Frank Casino?<\/strong><span class=\"ez-toc-section-end\"><\/span><\/h2>\n\n\n\n<p>Quer fazer parte do Frank Casino online? Descubra quais benef\u00edcios os jogadores obt\u00eam:<\/p>\n\n\n\n<ul><li>apenas software de jogo original;<\/li><li>confiabilidade e qualidade;<\/li><li>a oportunidade de se tornar um membro do clube VIP;<\/li><li>v\u00e1rias miss\u00f5es, torneios, loterias e b\u00f4nus;<\/li><li>uma grande porcentagem de pagamentos;<\/li><li>seguran\u00e7a de dados pessoais;<\/li><li>suporte t\u00e9cnico 24 horas por dia;<\/li><li>Se\u00e7\u00e3o FAQ;<\/li><li>falta de erros de sistema no site;<\/li><li>disponibilidade de uma vers\u00e3o m\u00f3vel.<\/li><\/ul>\n\n\n\n<p>No Frank Casino, a entrada estar\u00e1 dispon\u00edvel<strong> <\/strong>n\u00e3o s\u00f3 com a ajuda de um computador, mas tamb\u00e9m por meio de v\u00e1rios gadgets da plataforma Android. O aplicativo m\u00f3vel pode ser baixado de nosso site de forma absolutamente gratuita.<\/p>\n\n\n\n<p>Frank Casino<strong> <\/strong>d\u00e1 a seus clientes a oportunidade de melhorar a jogabilidade e obter privil\u00e9gios adicionais ao se tornar um membro do Clube Premium. Isso pode ser feito em algumas etapas:<\/p>\n\n\n\n<ol><li>Cadastre-se e fa\u00e7a seu primeiro dep\u00f3sito;<\/li><li>Comece o jogo;<\/li><li>Obtenha seu primeiro status VIP;<\/li><li>Alcance e mantenha o status de Cavaleiro das Trevas;<\/li><li>Mantenha-se um jogador ativo;<\/li><li>Espere convites de cassino.<\/li><\/ol>\n\n\n\n<p>Os jogadores recebem muitas vantagens \u00fateis ao se tornarem parte do clube VIP: acesso a eventos privados, b\u00f4nus premium, presentes pessoais, assistente pessoal, taxa de c\u00e2mbio pessoal no jogo, retirada instant\u00e2nea de fundos, cashbacks de at\u00e9 15%.&nbsp;<\/p>\n\n\n\n<div class=\"wp-block-image\"><figure class=\"aligncenter size-large\"><img loading=\"lazy\" width=\"589\" height=\"233\" src=\"https:\/\/frank-casino-ru.com\/wp-content\/uploads\/2020\/07\/frank-casino-presents.png\" alt=\"frank-casino-present\" class=\"wp-image-90\"\/><figcaption>Torne-se um membro do Clube Premium e receba muitos privil\u00e9gios! <\/figcaption><\/figure><\/div>\n\n\n\n<h2><span class=\"ez-toc-section\" id=\"%D0%9A%D0%B0%D1%87%D0%B5%D1%81%D1%82%D0%B2%D0%B5%D0%BD%D0%BD%D0%B0%D1%8F_%D1%80%D0%B0%D0%B1%D0%BE%D1%82%D0%B0_%D0%BE%D1%84%D0%B8%D1%86%D0%B8%D0%B0%D0%BB%D1%8C%D0%BD%D0%BE%D0%B3%D0%BE_%D1%81%D0%B0%D0%B9%D1%82%D0%B0\"><\/span><strong>Trabalho de alta qualidade do site oficial<\/strong><span class=\"ez-toc-section-end\"><\/span><\/h2>\n\n\n\n<p>Cozinhando<strong> <\/strong>Revis\u00e3o do Frank Casino, um grande n\u00famero de revis\u00f5es sobre o clube foi estudado. Muitos usu\u00e1rios falam positivamente sobre o trabalho do site oficial. Seu desempenho est\u00e1vel \u00e9 uma das principais vantagens. N\u00e3o encontramos um \u00fanico coment\u00e1rio sobre falhas do sistema durante o processo de jogo, ativa\u00e7\u00e3o de b\u00f4nus ou retirada de ganhos no Frank Casino.<\/p>","protected":false},"excerpt":{"rendered":"<p>\u041a\u0430\u0437\u0438\u043d\u043e Frank \u043e\u0431\u0437\u043e\u0440 \u043d\u0430 \u043f\u0440\u0435\u0438\u043c\u0443\u0449\u0435\u0441\u0442\u0432\u0430 &#8212; \u043f\u0440\u0435\u043c\u0438\u0443\u043c \u043a\u043b\u0443\u0431, \u043a\u0440\u0443\u0442\u044b\u0435 \u0431\u043e\u043d\u0443\u0441\u044b, \u0441\u0430\u0439\u0442 \u041f\u043e\u0447\u0435\u043c\u0443 \u0438\u0433\u0440\u043e\u043a\u0438 \u0432\u044b\u0431\u0438\u0440\u0430\u044e\u0442 Frank Casino?\u041a\u0430\u0447\u0435\u0441\u0442\u0432\u0435\u043d\u043d\u0430\u044f \u0440\u0430\u0431\u043e\u0442\u0430 \u043e\u0444\u0438\u0446\u0438\u0430\u043b\u044c\u043d\u043e\u0433\u043e \u0441\u0430\u0439\u0442\u0430 \u041a\u0430\u0437\u0438\u043d\u043e Frank \u043e\u0431\u0437\u043e\u0440 \u043d\u0430 \u043f\u0440\u0435\u0438\u043c\u0443\u0449\u0435\u0441\u0442\u0432\u0430 &#8212; \u043f\u0440\u0435\u043c\u0438\u0443\u043c \u043a\u043b\u0443\u0431, \u043a\u0440\u0443\u0442\u044b\u0435 \u0431\u043e\u043d\u0443\u0441\u044b, \u0441\u0430\u0439\u0442 Frank Casino \u2013 \u043e\u0434\u043d\u043e \u0438\u0437 \u0441\u0430\u043c\u044b\u0445 \u043f\u043e\u043f\u0443\u043b\u044f\u0440\u043d\u044b\u0445 \u043e\u043d\u043b\u0430\u0439\u043d-\u043a\u0430\u0437\u0438\u043d\u043e \u043d\u0430 \u0440\u044b\u043d\u043a\u0435 \u0438\u0433\u0440\u043e\u0432\u044b\u0445 \u043a\u043b\u0443\u0431\u043e\u0432. \u041b\u044e\u0431\u0438\u0442\u0435\u043b\u0435\u0439 \u0430\u0437\u0430\u0440\u0442\u043d\u043e\u0433\u043e \u0434\u043e\u0441\u0443\u0433\u0430 \u043f\u0440\u0438\u0432\u043b\u0435\u043a\u0430\u0435\u0442 \u043d\u0435 \u0442\u043e\u043b\u044c\u043a\u043e \u043a\u0440\u0430\u0441\u0438\u0432\u044b\u0439 \u0438\u043d\u0442\u0435\u0440\u0444\u0435\u0439\u0441 \u043e\u0444\u0438\u0446\u0438\u0430\u043b\u044c\u043d\u043e\u0433\u043e \u0441\u0430\u0439\u0442\u0430, \u043d\u043e \u0438 \u043a\u0430\u0447\u0435\u0441\u0442\u0432\u0435\u043d\u043d\u044b\u0439 &hellip;<\/p>","protected":false},"author":1,"featured_media":0,"parent":0,"menu_order":0,"comment_status":"closed","ping_status":"closed","template":"","meta":[],"_links":{"self":[{"href":"https:\/\/frank-casino-ru.com\/pt\/wp-json\/wp\/v2\/pages\/26"}],"collection":[{"href":"https:\/\/frank-casino-ru.com\/pt\/wp-json\/wp\/v2\/pages"}],"about":[{"href":"https:\/\/frank-casino-ru.com\/pt\/wp-json\/wp\/v2\/types\/page"}],"author":[{"embeddable":true,"href":"https:\/\/frank-casino-ru.com\/pt\/wp-json\/wp\/v2\/users\/1"}],"replies":[{"embeddable":true,"href":"https:\/\/frank-casino-ru.com\/pt\/wp-json\/wp\/v2\/comments?post=26"}],"version-history":[{"count":3,"href":"https:\/\/frank-casino-ru.com\/pt\/wp-json\/wp\/v2\/pages\/26\/revisions"}],"predecessor-version":[{"id":123,"href":"https:\/\/frank-casino-ru.com\/pt\/wp-json\/wp\/v2\/pages\/26\/revisions\/123"}],"wp:attachment":[{"href":"https:\/\/frank-casino-ru.com\/pt\/wp-json\/wp\/v2\/media?parent=26"}],"curies":[{"name":"wp","href":"https:\/\/api.w.org\/{rel}","templated":true}]}}