{"id":12,"date":"2019-07-08T14:51:19","date_gmt":"2019-07-08T11:51:19","guid":{"rendered":"https:\/\/frank-casino-ru.com\/?page_id=12"},"modified":"2021-04-23T14:18:54","modified_gmt":"2021-04-23T11:18:54","slug":"frank-kazino-bonusy","status":"publish","type":"page","link":"https:\/\/frank-casino-ru.com\/pt\/frank-kazino-bonusy\/","title":{"rendered":"B\u00f4nus e c\u00f3digos promocionais do Frank Casino"},"content":{"rendered":"<div id=\"ez-toc-container\" class=\"ez-toc-v2_0_17 counter-hierarchy counter-decimal ez-toc-grey\">\n<nav><ul class=\"ez-toc-list ez-toc-list-level-1\"><li class=\"ez-toc-page-1 ez-toc-heading-level-2\"><a class=\"ez-toc-link ez-toc-heading-1\" href=\"https:\/\/frank-casino-ru.com\/pt\/frank-kazino-bonusy\/#%D0%9A%D0%B0%D0%BA_%D0%BF%D0%BE%D0%BB%D1%83%D1%87%D0%B8%D1%82%D1%8C_%D0%B2%D1%8B%D0%B3%D0%BE%D0%B4%D0%BD%D1%8B%D0%B5_%D0%B1%D0%BE%D0%BD%D1%83%D1%81%D1%8B_%D0%B8_%D1%83%D0%B2%D0%B5%D0%BB%D0%B8%D1%87%D0%B8%D1%82%D1%8C_%D1%81%D0%B2%D0%BE%D0%B9_%D0%B2%D1%8B%D0%B8%D0%B3%D1%80%D1%8B%D1%88\" title=\"Como obter b\u00f4nus lucrativos e aumentar seus ganhos?\">Como obter b\u00f4nus lucrativos e aumentar seus ganhos?<\/a><\/li><li class=\"ez-toc-page-1 ez-toc-heading-level-2\"><a class=\"ez-toc-link ez-toc-heading-2\" href=\"https:\/\/frank-casino-ru.com\/pt\/frank-kazino-bonusy\/#%D0%94%D0%BE%D1%81%D1%82%D1%83%D0%BF%D0%BD%D1%8B%D0%B5_Frank_Casino_%D0%B1%D0%BE%D0%BD%D1%83%D1%81%D1%8B\" title=\"B\u00f4nus dispon\u00edveis do Frank Casino \">B\u00f4nus dispon\u00edveis do Frank Casino <\/a><\/li><li class=\"ez-toc-page-1 ez-toc-heading-level-2\"><a class=\"ez-toc-link ez-toc-heading-3\" href=\"https:\/\/frank-casino-ru.com\/pt\/frank-kazino-bonusy\/#%D0%90%D0%BA%D1%82%D0%B8%D0%B2%D0%B0%D1%86%D0%B8%D1%8F_%D0%B1%D0%BE%D0%BD%D1%83%D1%81%D0%BD%D1%8B%D1%85_%D0%BF%D1%80%D0%B5%D0%B4%D0%BB%D0%BE%D0%B6%D0%B5%D0%BD%D0%B8%D0%B9_%D0%BD%D0%B0_%D1%81%D0%B0%D0%B9%D1%82%D0%B5\" title=\"Ativa\u00e7\u00e3o de ofertas de b\u00f4nus no site\">Ativa\u00e7\u00e3o de ofertas de b\u00f4nus no site<\/a><\/li><\/ul><\/nav><\/div>\n\n<h2><span class=\"ez-toc-section\" id=\"%D0%9A%D0%B0%D0%BA_%D0%BF%D0%BE%D0%BB%D1%83%D1%87%D0%B8%D1%82%D1%8C_%D0%B2%D1%8B%D0%B3%D0%BE%D0%B4%D0%BD%D1%8B%D0%B5_%D0%B1%D0%BE%D0%BD%D1%83%D1%81%D1%8B_%D0%B8_%D1%83%D0%B2%D0%B5%D0%BB%D0%B8%D1%87%D0%B8%D1%82%D1%8C_%D1%81%D0%B2%D0%BE%D0%B9_%D0%B2%D1%8B%D0%B8%D0%B3%D1%80%D1%8B%D1%88\"><\/span><strong>Como obter b\u00f4nus lucrativos e aumentar seus ganhos?<\/strong><span class=\"ez-toc-section-end\"><\/span><\/h2>\n\n\n\n<p>Grande programa de b\u00f4nus de <a href=\"https:\/\/frank-casino-ru.com\/\">Frank Casino<\/a> permite que seus usu\u00e1rios ganhem grandes vit\u00f3rias com custos de aposta m\u00ednimos. As recompensas s\u00e3o distribu\u00eddas regularmente, seu primeiro b\u00f4nus do Frank Casino pode ser recebido j\u00e1 com o primeiro dep\u00f3sito. O programa de b\u00f4nus tamb\u00e9m inclui c\u00f3digos promocionais, giros, francos do Frank Casino. Todas as ofertas t\u00eam como objetivo atrair clientes, contornar a concorr\u00eancia e estabelecer um bom relacionamento com os jogadores.<\/p>\n\n\n\n<h2><span class=\"ez-toc-section\" id=\"%D0%94%D0%BE%D1%81%D1%82%D1%83%D0%BF%D0%BD%D1%8B%D0%B5_Frank_Casino_%D0%B1%D0%BE%D0%BD%D1%83%D1%81%D1%8B\"><\/span><strong>B\u00f4nus dispon\u00edveis do Frank Casino <\/strong><span class=\"ez-toc-section-end\"><\/span><\/h2>\n\n\n\n<p>Para receber prontamente informa\u00e7\u00f5es do Frank Casino sobre b\u00f4nus, voc\u00ea precisa<strong> <\/strong>inscreva-se na lista de discuss\u00e3o ao criar uma conta no site. H\u00e1 sempre muitas ofertas e promo\u00e7\u00f5es de b\u00f4nus atualizadas no cassino, as informa\u00e7\u00f5es sobre elas podem ser encontradas no menu, que est\u00e1 localizado no canto superior esquerdo da p\u00e1gina.<\/p>\n\n\n\n<p>Vamos dar uma olhada em todas as op\u00e7\u00f5es de recompensas que um usu\u00e1rio de cassino pode receber.<\/p>\n\n\n\n<div class=\"wp-block-image\"><figure class=\"aligncenter size-large\"><img loading=\"lazy\" width=\"583\" height=\"270\" src=\"https:\/\/frank-casino-ru.com\/wp-content\/uploads\/2020\/07\/frank-casino-bonuses.png\" alt=\"frank-casino-bonus\" class=\"wp-image-84\"\/><figcaption>B\u00f4nus do Frank Casino<\/figcaption><\/figure><\/div>\n\n\n\n<ul><li>Rodadas gr\u00e1tis - rodadas gr\u00e1tis, com as quais voc\u00ea pode testar o jogo sem fazer apostas;<\/li><li>Francos gr\u00e1tis - recebimento gr\u00e1tis da moeda do jogo;<\/li><li>Juros de dep\u00f3sito - voc\u00ea pode obter at\u00e9 100% com o valor do dep\u00f3sito;<\/li><li>Rodadas do torneio - <a href=\"https:\/\/frank-casino-ru.com\/frank-kazino-ofitsialnyj-sajt\/\">Conectados<\/a> voc\u00ea pode se tornar um participante de um torneio emocionante e tentar sua sorte em uma batalha real;<\/li><li>B\u00f4nus do dia - para ativar, voc\u00ea precisa carregar a bateria de b\u00f4nus em 100%;<\/li><li><a class=\"rank-math-link\" href=\"https:\/\/ru.wikipedia.org\/wiki\/%D0%9A%D0%B5%D1%88%D0%B1%D1%8D%D0%BA\">Dinheiro de volta<\/a> - para ativar, voc\u00ea precisa fazer dep\u00f3sitos no valor de 1000 USD para o m\u00eas anterior.<\/li><\/ul>\n\n\n\n<p>Ap\u00f3s ingressar no Clube Premium, o jogador pode receber b\u00f4nus do Frank Casino de um n\u00edvel superior: pacotes de b\u00f4nus de bronze, prata, ouro e platina. Todos eles incluem rodadas gr\u00e1tis e francos.<\/p>\n\n\n\n<div class=\"wp-block-image\"><figure class=\"aligncenter size-large\"><img loading=\"lazy\" width=\"440\" height=\"453\" src=\"https:\/\/frank-casino-ru.com\/wp-content\/uploads\/2020\/07\/frank-casino-vip.png\" alt=\"frank-casino-vip\" class=\"wp-image-95\"\/><figcaption>Uma guia que detalha todos os benef\u00edcios de uma associa\u00e7\u00e3o ao VIP Club<\/figcaption><\/figure><\/div>\n\n\n\n<h2><span class=\"ez-toc-section\" id=\"%D0%90%D0%BA%D1%82%D0%B8%D0%B2%D0%B0%D1%86%D0%B8%D1%8F_%D0%B1%D0%BE%D0%BD%D1%83%D1%81%D0%BD%D1%8B%D1%85_%D0%BF%D1%80%D0%B5%D0%B4%D0%BB%D0%BE%D0%B6%D0%B5%D0%BD%D0%B8%D0%B9_%D0%BD%D0%B0_%D1%81%D0%B0%D0%B9%D1%82%D0%B5\"><\/span><strong>Ativa\u00e7\u00e3o de ofertas de b\u00f4nus no site<\/strong><span class=\"ez-toc-section-end\"><\/span><\/h2>\n\n\n\n<p>\u00c9 importante enfatizar que n\u00e3o h\u00e1 b\u00f4nus de dep\u00f3sito no Frank Casino, mas ap\u00f3s a cria\u00e7\u00e3o de uma conta, v\u00e1rias ofertas lucrativas ficam dispon\u00edveis de uma s\u00f3 vez. Para ativar os b\u00f4nus recebidos em sua conta pessoal, voc\u00ea precisa seguir alguns passos simples:<\/p>\n\n\n\n<ol><li>Fa\u00e7a login em sua conta no site;<\/li><li>Acesse a aba &quot;Caixa&quot; e veja as ofertas dispon\u00edveis;<\/li><li>Clique no bot\u00e3o &quot;Ativar&quot; para come\u00e7ar a trabalhar com os b\u00f4nus.&nbsp;<\/li><\/ol>\n\n\n\n<p>O cassino garante aos seus clientes saques r\u00e1pidos e prote\u00e7\u00e3o confi\u00e1vel contra fraudadores. Ao usar os b\u00f4nus no Frank Casino e, assim, multiplicar seus ganhos, os usu\u00e1rios ir\u00e3o, sem d\u00favida, garantir um \u00f3timo humor para si pr\u00f3prios!<\/p>","protected":false},"excerpt":{"rendered":"<p>\u041a\u0430\u043a \u043f\u043e\u043b\u0443\u0447\u0438\u0442\u044c \u0432\u044b\u0433\u043e\u0434\u043d\u044b\u0435 \u0431\u043e\u043d\u0443\u0441\u044b \u0438 \u0443\u0432\u0435\u043b\u0438\u0447\u0438\u0442\u044c \u0441\u0432\u043e\u0439 \u0432\u044b\u0438\u0433\u0440\u044b\u0448?\u0414\u043e\u0441\u0442\u0443\u043f\u043d\u044b\u0435 Frank Casino \u0431\u043e\u043d\u0443\u0441\u044b \u0410\u043a\u0442\u0438\u0432\u0430\u0446\u0438\u044f \u0431\u043e\u043d\u0443\u0441\u043d\u044b\u0445 \u043f\u0440\u0435\u0434\u043b\u043e\u0436\u0435\u043d\u0438\u0439 \u043d\u0430 \u0441\u0430\u0439\u0442\u0435 \u041a\u0430\u043a \u043f\u043e\u043b\u0443\u0447\u0438\u0442\u044c \u0432\u044b\u0433\u043e\u0434\u043d\u044b\u0435 \u0431\u043e\u043d\u0443\u0441\u044b \u0438 \u0443\u0432\u0435\u043b\u0438\u0447\u0438\u0442\u044c \u0441\u0432\u043e\u0439 \u0432\u044b\u0438\u0433\u0440\u044b\u0448? \u0411\u043e\u043b\u044c\u0448\u0430\u044f \u0431\u043e\u043d\u0443\u0441\u043d\u0430\u044f \u043f\u0440\u043e\u0433\u0440\u0430\u043c\u043c\u0430 \u043e\u0442 Frank Casino \u0434\u0430\u0435\u0442 \u0432\u043e\u0437\u043c\u043e\u0436\u043d\u043e\u0441\u0442\u044c \u0441\u0432\u043e\u0438\u043c \u043f\u043e\u043b\u044c\u0437\u043e\u0432\u0430\u0442\u0435\u043b\u044f\u043c \u0437\u0430\u0440\u0430\u0431\u0430\u0442\u044b\u0432\u0430\u0442\u044c \u043a\u0440\u0443\u043f\u043d\u044b\u0435 \u0432\u044b\u0438\u0433\u0440\u044b\u0448\u0438 \u043f\u0440\u0438 \u043c\u0438\u043d\u0438\u043c\u0430\u043b\u044c\u043d\u044b\u0445 \u0437\u0430\u0442\u0440\u0430\u0442\u0430\u0445 \u043d\u0430 \u0441\u0442\u0430\u0432\u043a\u0438. \u041f\u043e\u043e\u0449\u0440\u0435\u043d\u0438\u044f \u0440\u0430\u0437\u0434\u0430\u044e\u0442\u0441\u044f \u0440\u0435\u0433\u0443\u043b\u044f\u0440\u043d\u043e, \u0441\u0432\u043e\u0439 \u043f\u0435\u0440\u0432\u044b\u0439 \u0431\u043e\u043d\u0443\u0441 Frank Casino \u043c\u043e\u0436\u043d\u043e \u043f\u043e\u043b\u0443\u0447\u0438\u0442\u044c \u0443\u0436\u0435 \u0437\u0430 \u043f\u0435\u0440\u0432\u043e\u0435 &hellip;<\/p>","protected":false},"author":1,"featured_media":0,"parent":0,"menu_order":0,"comment_status":"closed","ping_status":"closed","template":"","meta":[],"_links":{"self":[{"href":"https:\/\/frank-casino-ru.com\/pt\/wp-json\/wp\/v2\/pages\/12"}],"collection":[{"href":"https:\/\/frank-casino-ru.com\/pt\/wp-json\/wp\/v2\/pages"}],"about":[{"href":"https:\/\/frank-casino-ru.com\/pt\/wp-json\/wp\/v2\/types\/page"}],"author":[{"embeddable":true,"href":"https:\/\/frank-casino-ru.com\/pt\/wp-json\/wp\/v2\/users\/1"}],"replies":[{"embeddable":true,"href":"https:\/\/frank-casino-ru.com\/pt\/wp-json\/wp\/v2\/comments?post=12"}],"version-history":[{"count":2,"href":"https:\/\/frank-casino-ru.com\/pt\/wp-json\/wp\/v2\/pages\/12\/revisions"}],"predecessor-version":[{"id":127,"href":"https:\/\/frank-casino-ru.com\/pt\/wp-json\/wp\/v2\/pages\/12\/revisions\/127"}],"wp:attachment":[{"href":"https:\/\/frank-casino-ru.com\/pt\/wp-json\/wp\/v2\/media?parent=12"}],"curies":[{"name":"wp","href":"https:\/\/api.w.org\/{rel}","templated":true}]}}