{"id":34,"date":"2019-07-08T15:01:46","date_gmt":"2019-07-08T12:01:46","guid":{"rendered":"https:\/\/frank-casino-ru.com\/?page_id=34"},"modified":"2021-04-23T14:51:12","modified_gmt":"2021-04-23T11:51:12","slug":"frank-casino-otzyvy","status":"publish","type":"page","link":"https:\/\/frank-casino-ru.com\/nl\/frank-casino-otzyvy\/","title":{"rendered":"Frank Casino spelersrecensies"},"content":{"rendered":"<div id=\"ez-toc-container\" class=\"ez-toc-v2_0_17 counter-hierarchy counter-decimal ez-toc-grey\">\n<nav><ul class=\"ez-toc-list ez-toc-list-level-1\"><li class=\"ez-toc-page-1 ez-toc-heading-level-2\"><a class=\"ez-toc-link ez-toc-heading-1\" href=\"https:\/\/frank-casino-ru.com\/nl\/frank-casino-otzyvy\/#%D0%A0%D0%B0%D0%B7%D0%B1%D0%BE%D1%80_%D0%BA%D0%BE%D0%BC%D0%BC%D0%B5%D0%BD%D1%82%D0%B0%D1%80%D0%B8%D0%B5%D0%B2_%D0%B8_%D0%BE%D0%B1%D1%8A%D0%B5%D0%BA%D1%82%D0%B8%D0%B2%D0%BD%D1%8B%D0%B9_%D0%BE%D0%B1%D0%B7%D0%BE%D1%80_%D0%BD%D0%B0_Frank_Casino\" title=\"Analyse van opmerkingen en een objectieve beoordeling bij Frank Casino \">Analyse van opmerkingen en een objectieve beoordeling bij Frank Casino <\/a><\/li><li class=\"ez-toc-page-1 ez-toc-heading-level-2\"><a class=\"ez-toc-link ez-toc-heading-2\" href=\"https:\/\/frank-casino-ru.com\/nl\/frank-casino-otzyvy\/#Frank_Casino_%D0%B3%D0%BB%D0%B0%D0%B2%D0%BD%D1%8B%D0%B5_%D0%BF%D1%80%D0%B5%D0%B8%D0%BC%D1%83%D1%89%D0%B5%D1%81%D1%82%D0%B2%D0%B0_%D0%BA%D0%B0%D0%B7%D0%B8%D0%BD%D0%BE\" title=\"Frank Casino: de belangrijkste voordelen van het casino\">Frank Casino: de belangrijkste voordelen van het casino<\/a><\/li><li class=\"ez-toc-page-1 ez-toc-heading-level-2\"><a class=\"ez-toc-link ez-toc-heading-3\" href=\"https:\/\/frank-casino-ru.com\/nl\/frank-casino-otzyvy\/#%D0%9D%D0%B5%D0%B3%D0%B0%D1%82%D0%B8%D0%B2%D0%BD%D1%8B%D0%B5_Frank_Casino_%D0%BE%D1%82%D0%B7%D1%8B%D0%B2%D1%8B\" title=\"Negatieve Frank Casino beoordelingen \">Negatieve Frank Casino beoordelingen <\/a><\/li><li class=\"ez-toc-page-1 ez-toc-heading-level-2\"><a class=\"ez-toc-link ez-toc-heading-4\" href=\"https:\/\/frank-casino-ru.com\/nl\/frank-casino-otzyvy\/#Frank_Casino_%D0%B2%D1%8B%D0%B2%D0%BE%D0%B4%D1%8B\" title=\"Frank Casino conclusies\">Frank Casino conclusies<\/a><\/li><\/ul><\/nav><\/div>\n\n<h2><span class=\"ez-toc-section\" id=\"%D0%A0%D0%B0%D0%B7%D0%B1%D0%BE%D1%80_%D0%BA%D0%BE%D0%BC%D0%BC%D0%B5%D0%BD%D1%82%D0%B0%D1%80%D0%B8%D0%B5%D0%B2_%D0%B8_%D0%BE%D0%B1%D1%8A%D0%B5%D0%BA%D1%82%D0%B8%D0%B2%D0%BD%D1%8B%D0%B9_%D0%BE%D0%B1%D0%B7%D0%BE%D1%80_%D0%BD%D0%B0_Frank_Casino\"><\/span><strong>Analyse van opmerkingen en een objectieve beoordeling bij Frank Casino <\/strong><span class=\"ez-toc-section-end\"><\/span><\/h2>\n\n\n\n<p>Liefhebbers van gokken zeer gewaardeerd <a href=\"https:\/\/frank-casino-ru.com\/\">Frank Casino<\/a> en positief reageren over de club. Niet alleen beginners, maar ook ervaren gokkers zijn het erover eens dat dit casino terecht een populaire plek is voor recreatief gokken. Iedereen kan reviews over Frank Casino vinden en er zelf kennis mee maken.<\/p>\n\n\n\n<h2><span class=\"ez-toc-section\" id=\"Frank_Casino_%D0%B3%D0%BB%D0%B0%D0%B2%D0%BD%D1%8B%D0%B5_%D0%BF%D1%80%D0%B5%D0%B8%D0%BC%D1%83%D1%89%D0%B5%D1%81%D1%82%D0%B2%D0%B0_%D0%BA%D0%B0%D0%B7%D0%B8%D0%BD%D0%BE\"><\/span><strong>Frank Casino: de belangrijkste voordelen van het casino<\/strong><span class=\"ez-toc-section-end\"><\/span><\/h2>\n\n\n\n<p>Na het bestuderen van recensies en opmerkingen over Frank Casino van de forums die zijn gewijd aan <a class=\"rank-math-link\" href=\"https:\/\/ru.wikipedia.org\/wiki\/%D0%98%D0%BD%D1%82%D0%B5%D1%80%D0%BD%D0%B5%D1%82-%D0%BA%D0%B0%D0%B7%D0%B8%D0%BD%D0%BE\">gokken<\/a>, bleek een objectieve blik te werpen op deze gameclub. Een belangrijk punt - niet alleen positieve, maar ook negatieve beoordelingen werden als basis genomen.<\/p>\n\n\n\n<p>Waarom waarderen spelers Frank Casino?<\/p>\n\n\n\n<ul><li>Integriteit van het bedrijf - er zijn geen verwarrende transacties en oneerlijke regels bij het werken met een casino.<\/li><\/ul>\n\n\n\n<ul><li>Originele spellen - alleen hoogwaardige gokautomaten van bekende ontwikkelaars.<\/li><\/ul>\n\n\n\n<ul><li>Gemak - eenvoudig en duidelijk werken met de site, comfortabel geldbeheer en een grote selectie van populaire betalingssystemen.<\/li><\/ul>\n\n\n\n<ul><li>Grote gamecatalogus - entertainment voor elke smaak is beschikbaar.<\/li><\/ul>\n\n\n\n<ul><li>Grote winsten - het casino geeft je niet alleen de kans om een leuke tijd te hebben, maar, zoals de recensies over Frank Casino laten zien, om goed geld te verdienen.<\/li><\/ul>\n\n\n\n<h2><span class=\"ez-toc-section\" id=\"%D0%9D%D0%B5%D0%B3%D0%B0%D1%82%D0%B8%D0%B2%D0%BD%D1%8B%D0%B5_Frank_Casino_%D0%BE%D1%82%D0%B7%D1%8B%D0%B2%D1%8B\"><\/span><strong>Negatieve Frank Casino beoordelingen <\/strong><span class=\"ez-toc-section-end\"><\/span><\/h2>\n\n\n\n<p>Waarom zijn er vaak negatieve recensies over Frank Casino op thematische forums? Van de meest voorkomende kan men onderscheiden: problemen met het opnemen van geld dat is ontvangen voor <a href=\"https:\/\/frank-casino-ru.com\/frank-kazino-bonusy\/\">activering van bonussen<\/a> en herbevestiging van de persoonlijke gegevens van de gebruiker.<\/p>\n\n\n\n<p>Waar zijn deze situaties werkelijk mee verbonden? Vaak treden er veel problemen op door de fouten van de gebruikers zelf: onzorgvuldig kennismaken met de regels voor het houden van promoties, het aanmaken van meerdere accounts op \u00e9\u00e9n apparaat, en ook vanwege onjuiste informatie die is ingevoerd bij het registreren op de offici\u00eble website van Frank Casino.<\/p>\n\n\n\n<h2><span class=\"ez-toc-section\" id=\"Frank_Casino_%D0%B2%D1%8B%D0%B2%D0%BE%D0%B4%D1%8B\"><\/span><strong>Frank Casino conclusies<\/strong><span class=\"ez-toc-section-end\"><\/span><\/h2>\n\n\n\n<p>Wat moet er uiteindelijk worden opgemerkt? Alle echte Frank Casino beoordelingen zijn altijd beschikbaar voor onafhankelijke beoordeling. Veel negatieve opmerkingen hebben geen solide basis en worden geassocieerd met onoplettendheid en fouten van de gebruikers zelf. Het echte beeld van de beoordeling van meningen over Frank Casino laat zien dat er veel meer positieve beoordelingen zijn dan negatieve.\u00a0<\/p>\n\n\n\n<div class=\"wp-block-image\"><figure class=\"aligncenter size-large\"><img loading=\"lazy\" width=\"131\" height=\"133\" src=\"https:\/\/frank-casino-ru.com\/wp-content\/uploads\/2019\/07\/logo-1.png\" alt=\"frank-casino Frank casino beoordelingen\" class=\"wp-image-73\"\/><\/figure><\/div>\n\n\n\n<p><\/p>","protected":false},"excerpt":{"rendered":"<p>\u0420\u0430\u0437\u0431\u043e\u0440 \u043a\u043e\u043c\u043c\u0435\u043d\u0442\u0430\u0440\u0438\u0435\u0432 \u0438 \u043e\u0431\u044a\u0435\u043a\u0442\u0438\u0432\u043d\u044b\u0439 \u043e\u0431\u0437\u043e\u0440 \u043d\u0430 Frank Casino Frank Casino: \u0433\u043b\u0430\u0432\u043d\u044b\u0435 \u043f\u0440\u0435\u0438\u043c\u0443\u0449\u0435\u0441\u0442\u0432\u0430 \u043a\u0430\u0437\u0438\u043d\u043e\u041d\u0435\u0433\u0430\u0442\u0438\u0432\u043d\u044b\u0435 Frank Casino \u043e\u0442\u0437\u044b\u0432\u044b Frank Casino: \u0432\u044b\u0432\u043e\u0434\u044b \u0420\u0430\u0437\u0431\u043e\u0440 \u043a\u043e\u043c\u043c\u0435\u043d\u0442\u0430\u0440\u0438\u0435\u0432 \u0438 \u043e\u0431\u044a\u0435\u043a\u0442\u0438\u0432\u043d\u044b\u0439 \u043e\u0431\u0437\u043e\u0440 \u043d\u0430 Frank Casino \u041b\u044e\u0431\u0438\u0442\u0435\u043b\u0438 \u0430\u0437\u0430\u0440\u0442\u043d\u044b\u0445 \u0438\u0433\u0440 \u0432\u044b\u0441\u043e\u043a\u043e \u043e\u0446\u0435\u043d\u0438\u043b\u0438 Frank Casino \u0438 \u043f\u043e\u043b\u043e\u0436\u0438\u0442\u0435\u043b\u044c\u043d\u043e \u043e\u0442\u043a\u043b\u0438\u043a\u0430\u044e\u0442\u0441\u044f \u043e \u0434\u0430\u043d\u043d\u043e\u043c \u043a\u043b\u0443\u0431\u0435. \u041d\u0435 \u0442\u043e\u043b\u044c\u043a\u043e \u043d\u043e\u0432\u0438\u0447\u043a\u0438, \u043d\u043e \u0438 \u043e\u043f\u044b\u0442\u043d\u044b\u0435 \u0433\u0435\u043c\u0431\u043b\u0435\u0440\u044b \u0441\u043e\u0433\u043b\u0430\u0441\u043d\u044b \u0441 \u0442\u0435\u043c, \u0447\u0442\u043e \u044d\u0442\u043e \u043a\u0430\u0437\u0438\u043d\u043e \u043f\u043e \u0434\u043e\u0441\u0442\u043e\u0438\u043d\u0441\u0442\u0432\u0443 &hellip;<\/p>","protected":false},"author":1,"featured_media":0,"parent":0,"menu_order":0,"comment_status":"closed","ping_status":"closed","template":"","meta":[],"_links":{"self":[{"href":"https:\/\/frank-casino-ru.com\/nl\/wp-json\/wp\/v2\/pages\/34"}],"collection":[{"href":"https:\/\/frank-casino-ru.com\/nl\/wp-json\/wp\/v2\/pages"}],"about":[{"href":"https:\/\/frank-casino-ru.com\/nl\/wp-json\/wp\/v2\/types\/page"}],"author":[{"embeddable":true,"href":"https:\/\/frank-casino-ru.com\/nl\/wp-json\/wp\/v2\/users\/1"}],"replies":[{"embeddable":true,"href":"https:\/\/frank-casino-ru.com\/nl\/wp-json\/wp\/v2\/comments?post=34"}],"version-history":[{"count":2,"href":"https:\/\/frank-casino-ru.com\/nl\/wp-json\/wp\/v2\/pages\/34\/revisions"}],"predecessor-version":[{"id":133,"href":"https:\/\/frank-casino-ru.com\/nl\/wp-json\/wp\/v2\/pages\/34\/revisions\/133"}],"wp:attachment":[{"href":"https:\/\/frank-casino-ru.com\/nl\/wp-json\/wp\/v2\/media?parent=34"}],"curies":[{"name":"wp","href":"https:\/\/api.w.org\/{rel}","templated":true}]}}