{"id":38,"date":"2019-07-08T15:16:02","date_gmt":"2019-07-08T12:16:02","guid":{"rendered":"https:\/\/frank-casino-ru.com\/?page_id=38"},"modified":"2021-04-23T16:37:55","modified_gmt":"2021-04-23T13:37:55","slug":"frank-kazino-ofitsialnyj-sajt","status":"publish","type":"page","link":"https:\/\/frank-casino-ru.com\/de\/frank-kazino-ofitsialnyj-sajt\/","title":{"rendered":"Offizielle Website von Frank Casino"},"content":{"rendered":"<div id=\"ez-toc-container\" class=\"ez-toc-v2_0_17 counter-hierarchy counter-decimal ez-toc-grey\">\n<nav><ul class=\"ez-toc-list ez-toc-list-level-1\"><li class=\"ez-toc-page-1 ez-toc-heading-level-2\"><a class=\"ez-toc-link ez-toc-heading-1\" href=\"https:\/\/frank-casino-ru.com\/de\/frank-kazino-ofitsialnyj-sajt\/#%D0%9F%D0%BB%D1%8E%D1%81%D1%8B_%D0%B8_%D0%B2%D0%BE%D0%B7%D0%BC%D0%BE%D0%B6%D0%BD%D0%BE%D1%81%D1%82%D0%B8_%D0%BE%D1%84%D0%B8%D1%86%D0%B8%D0%B0%D0%BB%D1%8C%D0%BD%D0%BE%D0%B3%D0%BE_%D1%81%D0%B0%D0%B9%D1%82%D0%B0_Frank_Casino\" title=\"Vorteile und Funktionen der offiziellen Website von Frank Casino \">Vorteile und Funktionen der offiziellen Website von Frank Casino <\/a><\/li><li class=\"ez-toc-page-1 ez-toc-heading-level-2\"><a class=\"ez-toc-link ez-toc-heading-2\" href=\"https:\/\/frank-casino-ru.com\/de\/frank-kazino-ofitsialnyj-sajt\/#Frank_Casino_%D0%BE%D1%84%D0%B8%D1%86%D0%B8%D0%B0%D0%BB%D1%8C%D0%BD%D1%8B%D0%B9_%D1%81%D0%B0%D0%B9%D1%82_%D0%B1%D0%B5%D0%B7%D0%BE%D0%BF%D0%B0%D1%81%D0%BD%D0%BE%D1%81%D1%82%D1%8C_%D0%B8_%D0%BA%D0%B0%D1%87%D0%B5%D1%81%D1%82%D0%B2%D0%BE\" title=\"Offizielle Website von Frank Casino: Sicherheit und Qualit\u00e4t\">Offizielle Website von Frank Casino: Sicherheit und Qualit\u00e4t<\/a><\/li><li class=\"ez-toc-page-1 ez-toc-heading-level-2\"><a class=\"ez-toc-link ez-toc-heading-3\" href=\"https:\/\/frank-casino-ru.com\/de\/frank-kazino-ofitsialnyj-sajt\/#%D0%94%D0%BE%D0%B2%D0%B5%D1%80%D0%B8%D0%B5_%D0%B8%D0%B3%D1%80%D0%BE%D0%BA%D0%BE%D0%B2_-_%D1%81%D1%82%D0%B0%D0%B1%D0%B8%D0%BB%D1%8C%D0%BD%D0%B0%D1%8F_%D1%80%D0%B0%D0%B1%D0%BE%D1%82%D0%B0_%D1%81%D0%B0%D0%B9%D1%82%D0%B0_Frank_Casino\" title=\"Vertrauen der Spieler - stabiler Betrieb der Frank Casino Website\">Vertrauen der Spieler - stabiler Betrieb der Frank Casino Website<\/a><\/li><\/ul><\/nav><\/div>\n\n<h2><span class=\"ez-toc-section\" id=\"%D0%9F%D0%BB%D1%8E%D1%81%D1%8B_%D0%B8_%D0%B2%D0%BE%D0%B7%D0%BC%D0%BE%D0%B6%D0%BD%D0%BE%D1%81%D1%82%D0%B8_%D0%BE%D1%84%D0%B8%D1%86%D0%B8%D0%B0%D0%BB%D1%8C%D0%BD%D0%BE%D0%B3%D0%BE_%D1%81%D0%B0%D0%B9%D1%82%D0%B0_Frank_Casino\"><\/span><strong>Vorteile und Funktionen der offiziellen Website von Frank Casino <\/strong><span class=\"ez-toc-section-end\"><\/span><\/h2>\n\n\n\n<p>Um bei den Spielern sehr gefragt zu sein und ihre W\u00fcnsche zu erf\u00fcllen, muss jedes Online-Casino seine offizielle Website benutzerfreundlich, hochwertig und multifunktional gestalten. &quot;Gesicht&quot;<strong> <\/strong>Frank Casino - offizielle Seite<strong> <\/strong>mit benutzerfreundlicher Oberfl\u00e4che, interessanten Inhalten, lizenzierten Spielen, Support rund um die Uhr und stabilem Arbeiten. Nat\u00fcrlich sind dies nicht alle St\u00e4rken, aber selbst sie zeigen, dass die Frank Casino-Site eine ziemlich leistungsstarke und qualitativ hochwertige Webressource ist.<\/p>\n\n\n\n<p>Die offizielle Website von Frank Casino bietet seinen Kunden g\u00fcnstige Konditionen und bleibt daher auf der Liste der gefragten Gl\u00fccksspielclubs. Nach der Registrierung erhalten Sie viele zus\u00e4tzliche Funktionen und M\u00f6glichkeiten!<\/p>\n\n\n\n<h2><span class=\"ez-toc-section\" id=\"Frank_Casino_%D0%BE%D1%84%D0%B8%D1%86%D0%B8%D0%B0%D0%BB%D1%8C%D0%BD%D1%8B%D0%B9_%D1%81%D0%B0%D0%B9%D1%82_%D0%B1%D0%B5%D0%B7%D0%BE%D0%BF%D0%B0%D1%81%D0%BD%D0%BE%D1%81%D1%82%D1%8C_%D0%B8_%D0%BA%D0%B0%D1%87%D0%B5%D1%81%D1%82%D0%B2%D0%BE\"><\/span><strong>Offizielle Website von Frank Casino: Sicherheit und Qualit\u00e4t<\/strong><span class=\"ez-toc-section-end\"><\/span><\/h2>\n\n\n\n<p>Offizielle Website des Online Casino Frank<strong> <\/strong>hat ein sehr sch\u00f6nes und stylisches Design. Dunkle Farben sorgen f\u00fcr Strenge und die gelb-goldene Skala erg\u00e4nzt die Gesamtstimmung perfekt. Das Portal verf\u00fcgt \u00fcber viele Animationen, die den visuellen Teil der Website verbessern. Das Fehlen von Werbung verbessert das Spielerlebnis. Auf der Startseite <strong>von<\/strong>die Frank Casino-Website enth\u00e4lt Banner mit n\u00fctzlichen Informationen zu aktuellen <a href=\"https:\/\/frank-casino-ru.com\/wp-admin\/post.php?post=12&amp;action=edit\">Boni und Aktionen<\/a>.<\/p>\n\n\n\n<div class=\"wp-block-image\"><figure class=\"aligncenter size-large\"><img loading=\"lazy\" width=\"589\" height=\"250\" src=\"https:\/\/frank-casino-ru.com\/wp-content\/uploads\/2020\/07\/frank-casino-site.png\" alt=\"frank-casino-site\" class=\"wp-image-93\"\/><figcaption>Frank Casino-Homepage <\/figcaption><\/figure><\/div>\n\n\n\n<p>Welche Vorteile werden Spieler erhalten, wenn sie die offizielle Website von Frank Casino nutzen?<\/p>\n\n\n\n<ul><li>Zuverl\u00e4ssigkeit und Qualit\u00e4t;<\/li><li>verschiedene Optionen zum Auff\u00fcllen Ihres Spielkontos;<\/li><li>viele Werbeaktionen;<\/li><li>Sicherheit personenbezogener Daten;<\/li><li>Rund-um-die-Uhr-Unterst\u00fctzung f\u00fcr Spieler;<\/li><li>das Fehlen von Fehlern und Ausf\u00e4llen bei der Arbeit der Website.<\/li><\/ul>\n\n\n\n<p>Die offizielle Website von Frank Casino verf\u00fcgt \u00fcber Spiegel, die das Blockieren umgehen sollen. Au\u00dferdem kann \u00fcber die mobile Version auf das Haupt-Webportal des Clubs zugegriffen werden, die mit fast allen Ger\u00e4ten auf der Plattform kompatibel ist <a href=\"https:\/\/www.android.com\/\" class=\"rank-math-link\">Android<\/a>.<\/p>\n\n\n\n<p>IM<strong> <\/strong>Die offizielle Website von Frank Casino bietet exklusiv lizenzierte Spiele an, unter denen Sie ber\u00fchmte Spiele finden k\u00f6nnen: Book Of Dead, Casanova, Jammin Jars usw. Die Liste der Entwickler umfasst gro\u00dfe Unternehmen: NetEnt, Microgaming, Yggdrasil, Quickspin, Play&#39;n GO, usw. ...<\/p>\n\n\n\n<div class=\"wp-block-image\"><figure class=\"aligncenter size-large\"><img loading=\"lazy\" width=\"589\" height=\"147\" src=\"https:\/\/frank-casino-ru.com\/wp-content\/uploads\/2020\/07\/frank-casino-providers.png\" alt=\"frank-casino-anbieter\" class=\"wp-image-91\"\/><figcaption>Liste aller Anbieter auf der offiziellen Casino-Website<\/figcaption><\/figure><\/div>\n\n\n\n<h2><span class=\"ez-toc-section\" id=\"%D0%94%D0%BE%D0%B2%D0%B5%D1%80%D0%B8%D0%B5_%D0%B8%D0%B3%D1%80%D0%BE%D0%BA%D0%BE%D0%B2_-_%D1%81%D1%82%D0%B0%D0%B1%D0%B8%D0%BB%D1%8C%D0%BD%D0%B0%D1%8F_%D1%80%D0%B0%D0%B1%D0%BE%D1%82%D0%B0_%D1%81%D0%B0%D0%B9%D1%82%D0%B0_Frank_Casino\"><\/span><strong>Vertrauen der Spieler - stabiler Betrieb der Frank Casino Website<\/strong><span class=\"ez-toc-section-end\"><\/span><\/h2>\n\n\n\n<p>Wenn du Schlussfolgerungen ziehst und das Feedback der Spieler als Grundlage nimmst <a href=\"https:\/\/frank-casino-ru.com\/\" class=\"rank-math-link\">Frank Casino<\/a> die offizielle Seite ist eine hochwertige und stabile Internetplattform, bei der es keine technischen Fehler gibt. Dank des sicheren Spielablaufs haben die Nutzer ein vertrauensvolles Verh\u00e4ltnis zum Verein.<\/p>","protected":false},"excerpt":{"rendered":"<p>\u041f\u043b\u044e\u0441\u044b \u0438 \u0432\u043e\u0437\u043c\u043e\u0436\u043d\u043e\u0441\u0442\u0438 \u043e\u0444\u0438\u0446\u0438\u0430\u043b\u044c\u043d\u043e\u0433\u043e \u0441\u0430\u0439\u0442\u0430 Frank Casino Frank Casino \u043e\u0444\u0438\u0446\u0438\u0430\u043b\u044c\u043d\u044b\u0439 \u0441\u0430\u0439\u0442: \u0431\u0435\u0437\u043e\u043f\u0430\u0441\u043d\u043e\u0441\u0442\u044c \u0438 \u043a\u0430\u0447\u0435\u0441\u0442\u0432\u043e\u0414\u043e\u0432\u0435\u0440\u0438\u0435 \u0438\u0433\u0440\u043e\u043a\u043e\u0432 \u2013 \u0441\u0442\u0430\u0431\u0438\u043b\u044c\u043d\u0430\u044f \u0440\u0430\u0431\u043e\u0442\u0430 \u0441\u0430\u0439\u0442\u0430 Frank Casino \u041f\u043b\u044e\u0441\u044b \u0438 \u0432\u043e\u0437\u043c\u043e\u0436\u043d\u043e\u0441\u0442\u0438 \u043e\u0444\u0438\u0446\u0438\u0430\u043b\u044c\u043d\u043e\u0433\u043e \u0441\u0430\u0439\u0442\u0430 Frank Casino \u0427\u0442\u043e\u0431\u044b \u043f\u043e\u043b\u044c\u0437\u043e\u0432\u0430\u0442\u044c\u0441\u044f \u043e\u0433\u0440\u043e\u043c\u043d\u044b\u043c \u0441\u043f\u0440\u043e\u0441\u043e\u043c \u0443 \u0438\u0433\u0440\u043e\u043a\u043e\u0432 \u0438 \u0441\u043e\u043e\u0442\u0432\u0435\u0442\u0441\u0442\u0432\u043e\u0432\u0430\u0442\u044c \u0438\u0445 \u0437\u0430\u044f\u0432\u043a\u0430\u043c, \u043b\u044e\u0431\u043e\u043c\u0443 \u043e\u043d\u043b\u0430\u0439\u043d-\u043a\u0430\u0437\u0438\u043d\u043e \u043d\u0435\u043e\u0431\u0445\u043e\u0434\u0438\u043c\u043e \u0441\u0434\u0435\u043b\u0430\u0442\u044c \u0441\u0432\u043e\u0439 \u043e\u0444\u0438\u0446\u0438\u0430\u043b\u044c\u043d\u044b\u0439 \u0441\u0430\u0439\u0442 \u0443\u0434\u043e\u0431\u043d\u044b\u043c, \u043a\u0430\u0447\u0435\u0441\u0442\u0432\u0435\u043d\u043d\u044b\u043c \u0438 \u043c\u043d\u043e\u0433\u043e\u0444\u0443\u043d\u043a\u0446\u0438\u043e\u043d\u0430\u043b\u044c\u043d\u044b\u043c. \u00ab\u041b\u0438\u0446\u043e\u00bb Frank Casino &#8212; \u043e\u0444\u0438\u0446\u0438\u0430\u043b\u044c\u043d\u044b\u0439 \u0441\u0430\u0439\u0442 &hellip;<\/p>","protected":false},"author":1,"featured_media":0,"parent":0,"menu_order":0,"comment_status":"closed","ping_status":"closed","template":"","meta":[],"_links":{"self":[{"href":"https:\/\/frank-casino-ru.com\/de\/wp-json\/wp\/v2\/pages\/38"}],"collection":[{"href":"https:\/\/frank-casino-ru.com\/de\/wp-json\/wp\/v2\/pages"}],"about":[{"href":"https:\/\/frank-casino-ru.com\/de\/wp-json\/wp\/v2\/types\/page"}],"author":[{"embeddable":true,"href":"https:\/\/frank-casino-ru.com\/de\/wp-json\/wp\/v2\/users\/1"}],"replies":[{"embeddable":true,"href":"https:\/\/frank-casino-ru.com\/de\/wp-json\/wp\/v2\/comments?post=38"}],"version-history":[{"count":3,"href":"https:\/\/frank-casino-ru.com\/de\/wp-json\/wp\/v2\/pages\/38\/revisions"}],"predecessor-version":[{"id":125,"href":"https:\/\/frank-casino-ru.com\/de\/wp-json\/wp\/v2\/pages\/38\/revisions\/125"}],"wp:attachment":[{"href":"https:\/\/frank-casino-ru.com\/de\/wp-json\/wp\/v2\/media?parent=38"}],"curies":[{"name":"wp","href":"https:\/\/api.w.org\/{rel}","templated":true}]}}