{"id":36,"date":"2019-07-08T15:13:56","date_gmt":"2019-07-08T12:13:56","guid":{"rendered":"https:\/\/frank-casino-ru.com\/?page_id=36"},"modified":"2021-04-23T16:39:49","modified_gmt":"2021-04-23T13:39:49","slug":"frank-casino-registratsiya-3","status":"publish","type":"page","link":"https:\/\/frank-casino-ru.com\/de\/frank-casino-registratsiya-3\/","title":{"rendered":"Frank Casino Registrierung auf der Website"},"content":{"rendered":"<div id=\"ez-toc-container\" class=\"ez-toc-v2_0_17 counter-hierarchy counter-decimal ez-toc-grey\">\n<nav><ul class=\"ez-toc-list ez-toc-list-level-1\"><li class=\"ez-toc-page-1 ez-toc-heading-level-2\"><a class=\"ez-toc-link ez-toc-heading-1\" href=\"https:\/\/frank-casino-ru.com\/de\/frank-casino-registratsiya-3\/#%D0%92%D0%B0%D0%B6%D0%BD%D1%8B%D0%B5_%D1%81%D0%BE%D0%B2%D0%B5%D1%82%D1%8B_%D0%BF%D0%BE_%D1%80%D0%B5%D0%B3%D0%B8%D1%81%D1%82%D1%80%D0%B0%D1%86%D0%B8%D0%B8_%D0%B2_Frank_Casino\" title=\"Wichtige Tipps zur Registrierung im Frank Casino\">Wichtige Tipps zur Registrierung im Frank Casino<\/a><\/li><li class=\"ez-toc-page-1 ez-toc-heading-level-2\"><a class=\"ez-toc-link ez-toc-heading-2\" href=\"https:\/\/frank-casino-ru.com\/de\/frank-casino-registratsiya-3\/#%D0%9F%D0%BE%D0%BB%D0%B5%D0%B7%D0%BD%D1%8B%D0%B5_%D0%B2%D0%BE%D0%B7%D0%BC%D0%BE%D0%B6%D0%BD%D0%BE%D1%81%D1%82%D0%B8_%D0%BF%D1%80%D0%B8_%D1%80%D0%B5%D0%B3%D0%B8%D1%81%D1%82%D1%80%D0%B0%D1%86%D0%B8%D0%B8_%D0%BD%D0%B0_%D1%81%D0%B0%D0%B9%D1%82%D0%B5_Frank_Casino\" title=\"N\u00fctzliche Funktionen bei der Registrierung auf der Frank Casino-Website\">N\u00fctzliche Funktionen bei der Registrierung auf der Frank Casino-Website<\/a><\/li><li class=\"ez-toc-page-1 ez-toc-heading-level-2\"><a class=\"ez-toc-link ez-toc-heading-3\" href=\"https:\/\/frank-casino-ru.com\/de\/frank-casino-registratsiya-3\/#Frank_Casino_%D1%80%D0%B5%D0%B3%D0%B8%D1%81%D1%82%D1%80%D0%B0%D1%86%D0%B8%D1%8F_%D0%BA%D0%B0%D0%BA_%D0%B8%D0%B7%D0%B1%D0%B5%D0%B6%D0%B0%D1%82%D1%8C_%D0%BE%D1%88%D0%B8%D0%B1%D0%BE%D0%BA\" title=\"Frank Casino Registrierung: So vermeiden Sie Fehler\">Frank Casino Registrierung: So vermeiden Sie Fehler<\/a><\/li><\/ul><\/nav><\/div>\n\n<h2><span class=\"ez-toc-section\" id=\"%D0%92%D0%B0%D0%B6%D0%BD%D1%8B%D0%B5_%D1%81%D0%BE%D0%B2%D0%B5%D1%82%D1%8B_%D0%BF%D0%BE_%D1%80%D0%B5%D0%B3%D0%B8%D1%81%D1%82%D1%80%D0%B0%D1%86%D0%B8%D0%B8_%D0%B2_Frank_Casino\"><\/span><strong>Wichtige Tipps zur Registrierung im Frank Casino<\/strong><span class=\"ez-toc-section-end\"><\/span><\/h2>\n\n\n\n<p>Im Spiel <a href=\"https:\/\/frank-casino-ru.com\/\">Frank Casino Club<\/a> Mit der Registrierung k\u00f6nnen Sie gro\u00dfe Gewinne erzielen<strong>,<\/strong> verschiedene Boni verdienen<strong>,<\/strong> werde Teil des VIP-Clubs<strong>,<\/strong> an Turnieren teilnehmen und vieles mehr. Das Erstellen eines pers\u00f6nlichen Profils ist ziemlich einfach und dauert nicht lange.<\/p>\n\n\n\n<h2><span class=\"ez-toc-section\" id=\"%D0%9F%D0%BE%D0%BB%D0%B5%D0%B7%D0%BD%D1%8B%D0%B5_%D0%B2%D0%BE%D0%B7%D0%BC%D0%BE%D0%B6%D0%BD%D0%BE%D1%81%D1%82%D0%B8_%D0%BF%D1%80%D0%B8_%D1%80%D0%B5%D0%B3%D0%B8%D1%81%D1%82%D1%80%D0%B0%D1%86%D0%B8%D0%B8_%D0%BD%D0%B0_%D1%81%D0%B0%D0%B9%D1%82%D0%B5_Frank_Casino\"><\/span><strong>N\u00fctzliche Funktionen bei der Registrierung auf der Frank Casino-Website<\/strong><span class=\"ez-toc-section-end\"><\/span><\/h2>\n\n\n\n<p>Bei Frank Casino ist eine Registrierung nicht nur f\u00fcr den Komfort und das ruhige Spiel der Benutzer erforderlich.<strong>,<\/strong> sondern auch um Boni zu erhalten und Ihr Geldkonto zu sch\u00fctzen. Dritte haben keinen Zugriff auf die privaten Daten der Spieler<strong>,<\/strong> Alle Informationen stehen unter dem Schutz des Casino-Sicherheitsdienstes.<\/p>\n\n\n\n<p>Die Casino-Vertreter haben ein kleines Memo zusammengestellt<strong>,<\/strong> mit dem Sie ganz einfach und schnell auf die offizielle Website von Frank Casino gelangen und sich registrieren k\u00f6nnen.<\/p>\n\n\n\n<div class=\"wp-block-image\"><figure class=\"aligncenter size-large\"><img loading=\"lazy\" width=\"493\" height=\"56\" src=\"https:\/\/frank-casino-ru.com\/wp-content\/uploads\/2020\/07\/frank-casino-login.png\" alt=\"frank-casino-login\" class=\"wp-image-86\"\/><figcaption>Registrierungsschaltfl\u00e4che, die den Zugang zur Kontoerstellung \u00f6ffnet <\/figcaption><\/figure><\/div>\n\n\n\n<ul><li>Sie m\u00fcssen mit einem Computer oder Gadget auf der Plattform auf die Website oder den Arbeitsspiegel des Casinos gehen <a href=\"https:\/\/ru.wikipedia.org\/wiki\/Android\" class=\"rank-math-link\">Android<\/a>... Sie k\u00f6nnen die mobile Version auf unserer Website herunterladen.<\/li><li>Suchen Sie in der oberen rechten Ecke die Schaltfl\u00e4che &quot;Registrierung&quot; und klicken Sie darauf.<\/li><li>F\u00fcllen Sie alle erforderlichen Informationen in das spezielle Formular aus. M\u00f6glicherweise ben\u00f6tigen Sie Informationen zu: E-Mail, Wohnsitzland, W\u00e4hrung, Passwort.<\/li><li>Sie haben auch einen Willkommensbonus zur Auswahl.<\/li><\/ul>\n\n\n\n<div class=\"wp-block-image\"><figure class=\"aligncenter size-large\"><img loading=\"lazy\" width=\"586\" height=\"343\" src=\"https:\/\/frank-casino-ru.com\/wp-content\/uploads\/2020\/07\/frank-casino-sign-up.png\" alt=\"Frank Casino-Registrierung\" class=\"wp-image-92\"\/><figcaption>Frank Casino Registrierung: Formular <\/figcaption><\/figure><\/div>\n\n\n\n<p>Nach Abschluss dieses Vorgangs<strong>,<\/strong> der Spieler wird ein vollst\u00e4ndiger Benutzer der Ressource. Nachdem Sie ein Konto erstellt und sich bei Frank Casino angemeldet haben<strong>,<\/strong> der Benutzer kann seine erste garantierte erhalten <a href=\"https:\/\/frank-casino-ru.com\/frank-kazino-bonusy\/\">Boni<\/a>!<\/p>\n\n\n\n<div class=\"wp-block-image\"><figure class=\"aligncenter size-large\"><img loading=\"lazy\" width=\"586\" height=\"153\" src=\"https:\/\/frank-casino-ru.com\/wp-content\/uploads\/2020\/07\/frank-casino-bonus.png\" alt=\"Frank-Casino-Bonus\" class=\"wp-image-83\"\/><figcaption>So sehen die Willkommensboni f\u00fcr neue Spieler aus!  <\/figcaption><\/figure><\/div>\n\n\n\n<h2><span class=\"ez-toc-section\" id=\"Frank_Casino_%D1%80%D0%B5%D0%B3%D0%B8%D1%81%D1%82%D1%80%D0%B0%D1%86%D0%B8%D1%8F_%D0%BA%D0%B0%D0%BA_%D0%B8%D0%B7%D0%B1%D0%B5%D0%B6%D0%B0%D1%82%D1%8C_%D0%BE%D1%88%D0%B8%D0%B1%D0%BE%D0%BA\"><\/span><strong>Frank Casino-Registrierung<\/strong>: wie man Fehler vermeidet<span class=\"ez-toc-section-end\"><\/span><\/h2>\n\n\n\n<p>Um bei der Registrierung auf der offiziellen Website von Frank Casino keine Schwierigkeiten zu haben, verwalten Sie problemlos Ihr Konto und kontrollieren Sie Ihr pers\u00f6nliches Konto<strong>,<\/strong> Sie m\u00fcssen die Anweisungen zur fehlerfreien Registrierung auf der Website lesen:<\/p>\n\n\n\n<ol><li>Bitte geben Sie nur echte Daten ein;<\/li><li>Verwenden Sie dieselbe Methode, um Ihr Geld zu verwalten;<\/li><li>F\u00fchren Sie den Identit\u00e4ts\u00fcberpr\u00fcfungsprozess durch, bevor Sie Ihre erste Einzahlung t\u00e4tigen;<\/li><li>Erstellen Sie nicht mehrere Konten auf einem Ger\u00e4t.<\/li><\/ol>\n\n\n\n<p>Frank Casino liebt seine Kunden und bietet ihnen viele g\u00fcnstige Konditionen \u2013 legend\u00e4re Spielautomaten von beliebten Entwicklern<strong>,<\/strong> gro\u00dfe Belohnungen und sofortige Auszahlungen. Registrieren Sie sich lieber auf der offiziellen Website des Clubs!<\/p>","protected":false},"excerpt":{"rendered":"<p>\u0412\u0430\u0436\u043d\u044b\u0435 \u0441\u043e\u0432\u0435\u0442\u044b \u043f\u043e \u0440\u0435\u0433\u0438\u0441\u0442\u0440\u0430\u0446\u0438\u0438 \u0432 Frank Casino\u041f\u043e\u043b\u0435\u0437\u043d\u044b\u0435 \u0432\u043e\u0437\u043c\u043e\u0436\u043d\u043e\u0441\u0442\u0438 \u043f\u0440\u0438 \u0440\u0435\u0433\u0438\u0441\u0442\u0440\u0430\u0446\u0438\u0438 \u043d\u0430 \u0441\u0430\u0439\u0442\u0435 Frank CasinoFrank Casino \u0440\u0435\u0433\u0438\u0441\u0442\u0440\u0430\u0446\u0438\u044f: \u043a\u0430\u043a \u0438\u0437\u0431\u0435\u0436\u0430\u0442\u044c \u043e\u0448\u0438\u0431\u043e\u043a \u0412\u0430\u0436\u043d\u044b\u0435 \u0441\u043e\u0432\u0435\u0442\u044b \u043f\u043e \u0440\u0435\u0433\u0438\u0441\u0442\u0440\u0430\u0446\u0438\u0438 \u0432 Frank Casino \u0412 \u0438\u0433\u0440\u043e\u0432\u043e\u043c \u043a\u043b\u0443\u0431\u0435 Frank Casino \u0440\u0435\u0433\u0438\u0441\u0442\u0440\u0430\u0446\u0438\u044f \u043f\u043e\u0437\u0432\u043e\u043b\u044f\u0435\u0442 \u043f\u043e\u043b\u0443\u0447\u0430\u0442\u044c \u043a\u0440\u0443\u043f\u043d\u044b\u0435 \u0432\u044b\u0438\u0433\u0440\u044b\u0448\u0438, \u0437\u0430\u0440\u0430\u0431\u0430\u0442\u044b\u0432\u0430\u0442\u044c \u0440\u0430\u0437\u043d\u043e\u043e\u0431\u0440\u0430\u0437\u043d\u044b\u0435 \u0431\u043e\u043d\u0443\u0441\u044b, \u0441\u0442\u0430\u0442\u044c \u0447\u0430\u0441\u0442\u044c\u044e VIP-\u043a\u043b\u0443\u0431\u0430, \u043f\u0440\u0438\u043d\u0438\u043c\u0430\u0442\u044c \u0443\u0447\u0430\u0441\u0442\u0438\u0435 \u0432 \u0442\u0443\u0440\u043d\u0438\u0440\u0430\u0445 \u0438 \u043f\u0440\u043e\u0447\u0435\u0435. \u0421\u043e\u0437\u0434\u0430\u043d\u0438\u0435 \u043b\u0438\u0447\u043d\u043e\u0433\u043e \u043f\u0440\u043e\u0444\u0438\u043b\u044f \u044f\u0432\u043b\u044f\u0435\u0442\u0441\u044f \u0434\u043e\u0432\u043e\u043b\u044c\u043d\u043e \u043b\u0435\u0433\u043a\u0438\u043c \u043f\u0440\u043e\u0446\u0435\u0441\u0441\u043e\u043c &hellip;<\/p>","protected":false},"author":1,"featured_media":0,"parent":0,"menu_order":0,"comment_status":"closed","ping_status":"closed","template":"","meta":[],"_links":{"self":[{"href":"https:\/\/frank-casino-ru.com\/de\/wp-json\/wp\/v2\/pages\/36"}],"collection":[{"href":"https:\/\/frank-casino-ru.com\/de\/wp-json\/wp\/v2\/pages"}],"about":[{"href":"https:\/\/frank-casino-ru.com\/de\/wp-json\/wp\/v2\/types\/page"}],"author":[{"embeddable":true,"href":"https:\/\/frank-casino-ru.com\/de\/wp-json\/wp\/v2\/users\/1"}],"replies":[{"embeddable":true,"href":"https:\/\/frank-casino-ru.com\/de\/wp-json\/wp\/v2\/comments?post=36"}],"version-history":[{"count":2,"href":"https:\/\/frank-casino-ru.com\/de\/wp-json\/wp\/v2\/pages\/36\/revisions"}],"predecessor-version":[{"id":135,"href":"https:\/\/frank-casino-ru.com\/de\/wp-json\/wp\/v2\/pages\/36\/revisions\/135"}],"wp:attachment":[{"href":"https:\/\/frank-casino-ru.com\/de\/wp-json\/wp\/v2\/media?parent=36"}],"curies":[{"name":"wp","href":"https:\/\/api.w.org\/{rel}","templated":true}]}}