{"id":34,"date":"2019-07-08T15:01:46","date_gmt":"2019-07-08T12:01:46","guid":{"rendered":"https:\/\/frank-casino-ru.com\/?page_id=34"},"modified":"2021-04-23T14:51:12","modified_gmt":"2021-04-23T11:51:12","slug":"frank-casino-otzyvy","status":"publish","type":"page","link":"https:\/\/frank-casino-ru.com\/de\/frank-casino-otzyvy\/","title":{"rendered":"Frank Casino Spielerbewertungen"},"content":{"rendered":"<div id=\"ez-toc-container\" class=\"ez-toc-v2_0_17 counter-hierarchy counter-decimal ez-toc-grey\">\n<nav><ul class=\"ez-toc-list ez-toc-list-level-1\"><li class=\"ez-toc-page-1 ez-toc-heading-level-2\"><a class=\"ez-toc-link ez-toc-heading-1\" href=\"https:\/\/frank-casino-ru.com\/de\/frank-casino-otzyvy\/#%D0%A0%D0%B0%D0%B7%D0%B1%D0%BE%D1%80_%D0%BA%D0%BE%D0%BC%D0%BC%D0%B5%D0%BD%D1%82%D0%B0%D1%80%D0%B8%D0%B5%D0%B2_%D0%B8_%D0%BE%D0%B1%D1%8A%D0%B5%D0%BA%D1%82%D0%B8%D0%B2%D0%BD%D1%8B%D0%B9_%D0%BE%D0%B1%D0%B7%D0%BE%D1%80_%D0%BD%D0%B0_Frank_Casino\" title=\"Analyse von Kommentaren und eine objektive Bewertung bei Frank Casino \">Analyse von Kommentaren und eine objektive Bewertung bei Frank Casino <\/a><\/li><li class=\"ez-toc-page-1 ez-toc-heading-level-2\"><a class=\"ez-toc-link ez-toc-heading-2\" href=\"https:\/\/frank-casino-ru.com\/de\/frank-casino-otzyvy\/#Frank_Casino_%D0%B3%D0%BB%D0%B0%D0%B2%D0%BD%D1%8B%D0%B5_%D0%BF%D1%80%D0%B5%D0%B8%D0%BC%D1%83%D1%89%D0%B5%D1%81%D1%82%D0%B2%D0%B0_%D0%BA%D0%B0%D0%B7%D0%B8%D0%BD%D0%BE\" title=\"Frank Casino: die wichtigsten Vorteile des Casinos\">Frank Casino: die wichtigsten Vorteile des Casinos<\/a><\/li><li class=\"ez-toc-page-1 ez-toc-heading-level-2\"><a class=\"ez-toc-link ez-toc-heading-3\" href=\"https:\/\/frank-casino-ru.com\/de\/frank-casino-otzyvy\/#%D0%9D%D0%B5%D0%B3%D0%B0%D1%82%D0%B8%D0%B2%D0%BD%D1%8B%D0%B5_Frank_Casino_%D0%BE%D1%82%D0%B7%D1%8B%D0%B2%D1%8B\" title=\"Negative Frank Casino Bewertungen \">Negative Frank Casino Bewertungen <\/a><\/li><li class=\"ez-toc-page-1 ez-toc-heading-level-2\"><a class=\"ez-toc-link ez-toc-heading-4\" href=\"https:\/\/frank-casino-ru.com\/de\/frank-casino-otzyvy\/#Frank_Casino_%D0%B2%D1%8B%D0%B2%D0%BE%D0%B4%D1%8B\" title=\"Schlussfolgerungen von Frank Casino\">Schlussfolgerungen von Frank Casino<\/a><\/li><\/ul><\/nav><\/div>\n\n<h2><span class=\"ez-toc-section\" id=\"%D0%A0%D0%B0%D0%B7%D0%B1%D0%BE%D1%80_%D0%BA%D0%BE%D0%BC%D0%BC%D0%B5%D0%BD%D1%82%D0%B0%D1%80%D0%B8%D0%B5%D0%B2_%D0%B8_%D0%BE%D0%B1%D1%8A%D0%B5%D0%BA%D1%82%D0%B8%D0%B2%D0%BD%D1%8B%D0%B9_%D0%BE%D0%B1%D0%B7%D0%BE%D1%80_%D0%BD%D0%B0_Frank_Casino\"><\/span><strong>Analyse von Kommentaren und eine objektive Bewertung bei Frank Casino <\/strong><span class=\"ez-toc-section-end\"><\/span><\/h2>\n\n\n\n<p>Liebhaber des Gl\u00fccksspiels werden sehr gesch\u00e4tzt <a href=\"https:\/\/frank-casino-ru.com\/\">Frank Casino<\/a> und positiv \u00fcber den Club reagieren. Nicht nur Anf\u00e4nger, sondern auch erfahrene Spieler sind sich einig, dass dieses Casino zu Recht ein beliebter Ort f\u00fcr Freizeit-Gl\u00fccksspiele ist. Jeder kann Bewertungen \u00fcber Frank Casino finden und sich selbst mit ihnen vertraut machen.<\/p>\n\n\n\n<h2><span class=\"ez-toc-section\" id=\"Frank_Casino_%D0%B3%D0%BB%D0%B0%D0%B2%D0%BD%D1%8B%D0%B5_%D0%BF%D1%80%D0%B5%D0%B8%D0%BC%D1%83%D1%89%D0%B5%D1%81%D1%82%D0%B2%D0%B0_%D0%BA%D0%B0%D0%B7%D0%B8%D0%BD%D0%BE\"><\/span><strong>Frank Casino: die wichtigsten Vorteile des Casinos<\/strong><span class=\"ez-toc-section-end\"><\/span><\/h2>\n\n\n\n<p>Nach dem Studium von Bewertungen und Kommentaren \u00fcber Frank Casino aus den Foren, die dem gewidmet sind <a class=\"rank-math-link\" href=\"https:\/\/ru.wikipedia.org\/wiki\/%D0%98%D0%BD%D1%82%D0%B5%D1%80%D0%BD%D0%B5%D1%82-%D0%BA%D0%B0%D0%B7%D0%B8%D0%BD%D0%BE\">Gl\u00fccksspiel<\/a>, es stellte sich heraus, einen objektiven Blick auf diesen Gaming-Club zu werfen. Ein wichtiger Punkt - nicht nur positive, sondern auch negative Bewertungen wurden zugrunde gelegt.<\/p>\n\n\n\n<p>Warum sch\u00e4tzen Spieler das Frank Casino?<\/p>\n\n\n\n<ul><li>Integrit\u00e4t des Unternehmens - es gibt keine verwirrenden Transaktionen und unehrlichen Regeln bei der Zusammenarbeit mit einem Casino.<\/li><\/ul>\n\n\n\n<ul><li>Originelle Spiele - nur hochwertige Spielautomaten von namhaften Entwicklern.<\/li><\/ul>\n\n\n\n<ul><li>Komfort - einfaches und unkompliziertes Arbeiten mit der Seite, komfortable Geldverwaltung und eine gro\u00dfe Auswahl an g\u00e4ngigen Bezahlsystemen.<\/li><\/ul>\n\n\n\n<ul><li>Gro\u00dfer Spielekatalog - Unterhaltung f\u00fcr jeden Geschmack ist vorhanden.<\/li><\/ul>\n\n\n\n<ul><li>Gro\u00dfe Gewinne - das Casino bietet Ihnen nicht nur die M\u00f6glichkeit, eine gute Zeit zu haben, sondern, wie die Bewertungen \u00fcber das Frank Casino zeigen, auch gutes Geld zu verdienen.<\/li><\/ul>\n\n\n\n<h2><span class=\"ez-toc-section\" id=\"%D0%9D%D0%B5%D0%B3%D0%B0%D1%82%D0%B8%D0%B2%D0%BD%D1%8B%D0%B5_Frank_Casino_%D0%BE%D1%82%D0%B7%D1%8B%D0%B2%D1%8B\"><\/span><strong>Negative Frank Casino Bewertungen <\/strong><span class=\"ez-toc-section-end\"><\/span><\/h2>\n\n\n\n<p>Warum gibt es in thematischen Foren oft negative Bewertungen \u00fcber Frank Casino? Von den h\u00e4ufigsten kann man herausgreifen: Probleme mit der Abhebung von erhaltenem Geld f\u00fcr <a href=\"https:\/\/frank-casino-ru.com\/frank-kazino-bonusy\/\">Aktivierung von Boni<\/a> und erneute Best\u00e4tigung der personenbezogenen Daten des Benutzers.<\/p>\n\n\n\n<p>Womit sind diese Situationen wirklich verbunden? Viele Probleme treten oft aufgrund von Fehlern der Benutzer selbst auf: Unachtsames Einarbeiten in die Regeln f\u00fcr das Abhalten von Werbeaktionen, Erstellen mehrerer Konten auf einem Ger\u00e4t und auch aufgrund falscher Eingaben bei der Registrierung auf der offiziellen Website von Frank Casino.<\/p>\n\n\n\n<h2><span class=\"ez-toc-section\" id=\"Frank_Casino_%D0%B2%D1%8B%D0%B2%D0%BE%D0%B4%D1%8B\"><\/span><strong>Schlussfolgerungen von Frank Casino<\/strong><span class=\"ez-toc-section-end\"><\/span><\/h2>\n\n\n\n<p>Was ist am Ende zu beachten? Alle echten Frank Casino Bewertungen sind immer f\u00fcr eine unabh\u00e4ngige \u00dcberpr\u00fcfung verf\u00fcgbar. Viele negative Kommentare haben keine solide Grundlage und sind mit Unaufmerksamkeit und Fehlern der Nutzer selbst verbunden. Das reale Bild der Bewertung der Meinungen \u00fcber Frank Casino zeigt, dass es viel mehr positive Bewertungen als negative gibt.\u00a0<\/p>\n\n\n\n<div class=\"wp-block-image\"><figure class=\"aligncenter size-large\"><img loading=\"lazy\" width=\"131\" height=\"133\" src=\"https:\/\/frank-casino-ru.com\/wp-content\/uploads\/2019\/07\/logo-1.png\" alt=\"frank-casino Frank Casino-Bewertungen\" class=\"wp-image-73\"\/><\/figure><\/div>\n\n\n\n<p><\/p>","protected":false},"excerpt":{"rendered":"<p>\u0420\u0430\u0437\u0431\u043e\u0440 \u043a\u043e\u043c\u043c\u0435\u043d\u0442\u0430\u0440\u0438\u0435\u0432 \u0438 \u043e\u0431\u044a\u0435\u043a\u0442\u0438\u0432\u043d\u044b\u0439 \u043e\u0431\u0437\u043e\u0440 \u043d\u0430 Frank Casino Frank Casino: \u0433\u043b\u0430\u0432\u043d\u044b\u0435 \u043f\u0440\u0435\u0438\u043c\u0443\u0449\u0435\u0441\u0442\u0432\u0430 \u043a\u0430\u0437\u0438\u043d\u043e\u041d\u0435\u0433\u0430\u0442\u0438\u0432\u043d\u044b\u0435 Frank Casino \u043e\u0442\u0437\u044b\u0432\u044b Frank Casino: \u0432\u044b\u0432\u043e\u0434\u044b \u0420\u0430\u0437\u0431\u043e\u0440 \u043a\u043e\u043c\u043c\u0435\u043d\u0442\u0430\u0440\u0438\u0435\u0432 \u0438 \u043e\u0431\u044a\u0435\u043a\u0442\u0438\u0432\u043d\u044b\u0439 \u043e\u0431\u0437\u043e\u0440 \u043d\u0430 Frank Casino \u041b\u044e\u0431\u0438\u0442\u0435\u043b\u0438 \u0430\u0437\u0430\u0440\u0442\u043d\u044b\u0445 \u0438\u0433\u0440 \u0432\u044b\u0441\u043e\u043a\u043e \u043e\u0446\u0435\u043d\u0438\u043b\u0438 Frank Casino \u0438 \u043f\u043e\u043b\u043e\u0436\u0438\u0442\u0435\u043b\u044c\u043d\u043e \u043e\u0442\u043a\u043b\u0438\u043a\u0430\u044e\u0442\u0441\u044f \u043e \u0434\u0430\u043d\u043d\u043e\u043c \u043a\u043b\u0443\u0431\u0435. \u041d\u0435 \u0442\u043e\u043b\u044c\u043a\u043e \u043d\u043e\u0432\u0438\u0447\u043a\u0438, \u043d\u043e \u0438 \u043e\u043f\u044b\u0442\u043d\u044b\u0435 \u0433\u0435\u043c\u0431\u043b\u0435\u0440\u044b \u0441\u043e\u0433\u043b\u0430\u0441\u043d\u044b \u0441 \u0442\u0435\u043c, \u0447\u0442\u043e \u044d\u0442\u043e \u043a\u0430\u0437\u0438\u043d\u043e \u043f\u043e \u0434\u043e\u0441\u0442\u043e\u0438\u043d\u0441\u0442\u0432\u0443 &hellip;<\/p>","protected":false},"author":1,"featured_media":0,"parent":0,"menu_order":0,"comment_status":"closed","ping_status":"closed","template":"","meta":[],"_links":{"self":[{"href":"https:\/\/frank-casino-ru.com\/de\/wp-json\/wp\/v2\/pages\/34"}],"collection":[{"href":"https:\/\/frank-casino-ru.com\/de\/wp-json\/wp\/v2\/pages"}],"about":[{"href":"https:\/\/frank-casino-ru.com\/de\/wp-json\/wp\/v2\/types\/page"}],"author":[{"embeddable":true,"href":"https:\/\/frank-casino-ru.com\/de\/wp-json\/wp\/v2\/users\/1"}],"replies":[{"embeddable":true,"href":"https:\/\/frank-casino-ru.com\/de\/wp-json\/wp\/v2\/comments?post=34"}],"version-history":[{"count":2,"href":"https:\/\/frank-casino-ru.com\/de\/wp-json\/wp\/v2\/pages\/34\/revisions"}],"predecessor-version":[{"id":133,"href":"https:\/\/frank-casino-ru.com\/de\/wp-json\/wp\/v2\/pages\/34\/revisions\/133"}],"wp:attachment":[{"href":"https:\/\/frank-casino-ru.com\/de\/wp-json\/wp\/v2\/media?parent=34"}],"curies":[{"name":"wp","href":"https:\/\/api.w.org\/{rel}","templated":true}]}}