{"id":32,"date":"2019-07-08T14:58:43","date_gmt":"2019-07-08T11:58:43","guid":{"rendered":"https:\/\/frank-casino-ru.com\/?page_id=32"},"modified":"2021-04-23T16:42:37","modified_gmt":"2021-04-23T13:42:37","slug":"frank-kazino-mobilnaya","status":"publish","type":"page","link":"https:\/\/frank-casino-ru.com\/de\/frank-kazino-mobilnaya\/","title":{"rendered":"Frank Casino mobil"},"content":{"rendered":"<div id=\"ez-toc-container\" class=\"ez-toc-v2_0_17 counter-hierarchy counter-decimal ez-toc-grey\">\n<nav><ul class=\"ez-toc-list ez-toc-list-level-1\"><li class=\"ez-toc-page-1 ez-toc-heading-level-2\"><a class=\"ez-toc-link ez-toc-heading-1\" href=\"https:\/\/frank-casino-ru.com\/de\/frank-kazino-mobilnaya\/#%D0%9F%D1%80%D0%B5%D0%B8%D0%BC%D1%83%D1%89%D0%B5%D1%81%D1%82%D0%B2%D0%B0_%D0%B8_%D0%B2%D0%BE%D0%B7%D0%BC%D0%BE%D0%B6%D0%BD%D0%BE%D1%81%D1%82%D0%B8_%D0%BC%D0%BE%D0%B1%D0%B8%D0%BB%D1%8C%D0%BD%D0%BE%D0%B3%D0%BE_%D0%BF%D1%80%D0%B8%D0%BB%D0%BE%D0%B6%D0%B5%D0%BD%D0%B8%D1%8F_%D0%A4%D1%80%D0%B0%D0%BD%D0%BA_%D0%9A%D0%B0%D0%B7%D0%B8%D0%BD%D0%BE\" title=\"Vorteile und Funktionen der Frank Casino Mobile App \">Vorteile und Funktionen der Frank Casino Mobile App <\/a><\/li><li class=\"ez-toc-page-1 ez-toc-heading-level-2\"><a class=\"ez-toc-link ez-toc-heading-2\" href=\"https:\/\/frank-casino-ru.com\/de\/frank-kazino-mobilnaya\/#%D0%A7%D1%82%D0%BE_%D0%BF%D1%80%D0%B8%D0%BB%D0%BE%D0%B6%D0%B5%D0%BD%D0%B8%D0%B5_%D0%B4%D0%B0%D0%B5%D1%82_%D1%81%D0%B2%D0%BE%D0%B8%D0%BC_%D0%BF%D0%BE%D0%BB%D1%8C%D0%B7%D0%BE%D0%B2%D0%B0%D1%82%D0%B5%D0%BB%D1%8F%D0%BC\" title=\"Was bietet die Anwendung ihren Benutzern?\">Was bietet die Anwendung ihren Benutzern?<\/a><\/li><li class=\"ez-toc-page-1 ez-toc-heading-level-2\"><a class=\"ez-toc-link ez-toc-heading-3\" href=\"https:\/\/frank-casino-ru.com\/de\/frank-kazino-mobilnaya\/#Frank_Casino_%D0%BC%D0%BE%D0%B1%D0%B8%D0%BB%D1%8C%D0%BD%D0%B0%D1%8F_%D0%B2%D0%B5%D1%80%D1%81%D0%B8%D1%8F_%D0%BD%D0%B0%D1%87%D0%B0%D0%BB%D0%BE_%D1%80%D0%B0%D0%B1%D0%BE%D1%82%D1%8B\" title=\"Frank Casino mobil: Erste Schritte\">Frank Casino mobil: Erste Schritte<\/a><\/li><\/ul><\/nav><\/div>\n\n<h2><span class=\"ez-toc-section\" id=\"%D0%9F%D1%80%D0%B5%D0%B8%D0%BC%D1%83%D1%89%D0%B5%D1%81%D1%82%D0%B2%D0%B0_%D0%B8_%D0%B2%D0%BE%D0%B7%D0%BC%D0%BE%D0%B6%D0%BD%D0%BE%D1%81%D1%82%D0%B8_%D0%BC%D0%BE%D0%B1%D0%B8%D0%BB%D1%8C%D0%BD%D0%BE%D0%B3%D0%BE_%D0%BF%D1%80%D0%B8%D0%BB%D0%BE%D0%B6%D0%B5%D0%BD%D0%B8%D1%8F_%D0%A4%D1%80%D0%B0%D0%BD%D0%BA_%D0%9A%D0%B0%D0%B7%D0%B8%D0%BD%D0%BE\"><\/span><strong>Vorteile und M\u00f6glichkeiten der mobilen Anwendung<\/strong> <strong>Frank Casino <\/strong><span class=\"ez-toc-section-end\"><\/span><\/h2>\n\n\n\n<p>Um unter anderem im Beliebtheitsranking in einer hohen Position Fu\u00df zu fassen <a class=\"rank-math-link\" href=\"https:\/\/frank-casino-ru.com\/\">Online-Casino, Frank Casino<\/a> versucht regelm\u00e4\u00dfig, seine Arbeit zu verbessern und die offizielle Website sowie den Zugriff darauf zu modernisieren. Solche Aktionen zielen darauf ab, eine universelle Webressource zu schaffen, die die meisten Benutzeranfragen erf\u00fcllt. Ein wichtiger Schritt in diesem Prozess war die Erstellung einer mobilen Anwendung.<\/p>\n\n\n\n<p>Die mobile Version von Frank Casino ist sehr bequem zu verwenden:<strong> <\/strong>Es bietet rund um die Uhr Zugang zum beliebten Club und einen gro\u00dfen Katalog an verschiedenen Spielen. Die Originalsoftware wird den h\u00f6chsten Anspr\u00fcchen der Anwender voll gerecht. Die mobile Version von Frank Casino wiederholt die Version f\u00fcr den PC-Browser vollst\u00e4ndig. Laden Sie die Frank Casino-App herunter<strong> <\/strong>ist auf unserer Website absolut kostenlos verf\u00fcgbar.<\/p>\n\n\n\n<h2><span class=\"ez-toc-section\" id=\"%D0%A7%D1%82%D0%BE_%D0%BF%D1%80%D0%B8%D0%BB%D0%BE%D0%B6%D0%B5%D0%BD%D0%B8%D0%B5_%D0%B4%D0%B0%D0%B5%D1%82_%D1%81%D0%B2%D0%BE%D0%B8%D0%BC_%D0%BF%D0%BE%D0%BB%D1%8C%D0%B7%D0%BE%D0%B2%D0%B0%D1%82%D0%B5%D0%BB%D1%8F%D0%BC\"><\/span><strong>Was bietet die Anwendung ihren Benutzern?<\/strong><span class=\"ez-toc-section-end\"><\/span><\/h2>\n\n\n\n<p>Die mobile Version von Frank Casino kann auf fast allen tragbaren Ger\u00e4ten mit Android-Plattform installiert werden, unabh\u00e4ngig vom Hersteller. Die Hauptbedingung f\u00fcr die Nutzung der Universalversion ist die Verf\u00fcgbarkeit von mobilem Internet.&nbsp;&nbsp;<\/p>\n\n\n\n<p>In der modernen Welt haben Tablets und Smartphones herk\u00f6mmliche Computer in Bezug auf die Nutzungsh\u00e4ufigkeit bereits \u00fcberholt. Beim Studium der mobilen Anwendung von Frank Casino ist zu beachten, dass sie sehr einfach zu bedienen ist.<\/p>\n\n\n\n<p>Die mobile Version von Frank Casino bietet seinen Spielern die M\u00f6glichkeit:<\/p>\n\n\n\n<ul><li>gehen Sie einfach und schnell durch <a href=\"https:\/\/frank-casino-ru.com\/frank-casino-registratsiya-3\/\">Anmeldung<\/a>;<\/li><li>Verwalten Sie Ihr Konto;<\/li><li>Versuchen Sie, im kostenlosen Demo-Modus zu spielen;<\/li><li>sofortige Benachrichtigungen \u00fcber Gewinnspiele und Werbeaktionen erhalten;<\/li><li>Fonds verwalten;<\/li><li>lukrative Boni aktivieren;<\/li><li>Feedback erhalten von <a class=\"rank-math-link\" href=\"https:\/\/ru.wikipedia.org\/wiki\/%D0%A2%D0%B5%D1%85%D0%BD%D0%B8%D1%87%D0%B5%D1%81%D0%BA%D0%B0%D1%8F_%D0%BF%D0%BE%D0%B4%D0%B4%D0%B5%D1%80%D0%B6%D0%BA%D0%B0\">technischer Support<\/a> usw.<\/li><\/ul>\n\n\n\n<p>Die Hauptziele der universellen Anwendung von Frank Casino bestehen darin, einen permanenten Zugriff auf die Site zu erm\u00f6glichen, unabh\u00e4ngig davon, wo sich der Benutzer befindet, und sich automatisch mit dem funktionierenden Mirror der Site zu verbinden.<\/p>\n\n\n\n<h2><span class=\"ez-toc-section\" id=\"Frank_Casino_%D0%BC%D0%BE%D0%B1%D0%B8%D0%BB%D1%8C%D0%BD%D0%B0%D1%8F_%D0%B2%D0%B5%D1%80%D1%81%D0%B8%D1%8F_%D0%BD%D0%B0%D1%87%D0%B0%D0%BB%D0%BE_%D1%80%D0%B0%D0%B1%D0%BE%D1%82%D1%8B\"><\/span><strong>Frank Casino mobil<\/strong>: Arbeitsbeginn<span class=\"ez-toc-section-end\"><\/span><\/h2>\n\n\n\n<p>Um rund um die Uhr Zugriff auf . zu erhalten <a href=\"https:\/\/frank-casino-ru.com\/frank-kazino-ofitsialnyj-sajt\/\">offiziellen Website<\/a> Casino Frank, Sie m\u00fcssen die mobile Anwendung von unserem Portal herunterladen. Der Download muss direkt \u00fcber das Gadget erfolgen. \u00d6ffnen Sie nach dem Ausf\u00fcllen die Anwendung und melden Sie sich bei Ihrem Konto an. Wenn Sie noch kein Konto haben, registrieren Sie sich direkt \u00fcber die mobile Anwendung auf der Website und erhalten Sie Zugang zu beliebten Spielautomaten.<\/p>\n\n\n\n<div class=\"wp-block-image\"><figure class=\"aligncenter size-large\"><img loading=\"lazy\" width=\"205\" height=\"85\" src=\"https:\/\/frank-casino-ru.com\/wp-content\/uploads\/2019\/07\/logo.png\" alt=\"frank-casino Frank Casino mobile Version\" class=\"wp-image-53\"\/><\/figure><\/div>","protected":false},"excerpt":{"rendered":"<p>\u041f\u0440\u0435\u0438\u043c\u0443\u0449\u0435\u0441\u0442\u0432\u0430 \u0438 \u0432\u043e\u0437\u043c\u043e\u0436\u043d\u043e\u0441\u0442\u0438 \u043c\u043e\u0431\u0438\u043b\u044c\u043d\u043e\u0433\u043e \u043f\u0440\u0438\u043b\u043e\u0436\u0435\u043d\u0438\u044f \u0424\u0440\u0430\u043d\u043a \u041a\u0430\u0437\u0438\u043d\u043e \u0427\u0442\u043e \u043f\u0440\u0438\u043b\u043e\u0436\u0435\u043d\u0438\u0435 \u0434\u0430\u0435\u0442 \u0441\u0432\u043e\u0438\u043c \u043f\u043e\u043b\u044c\u0437\u043e\u0432\u0430\u0442\u0435\u043b\u044f\u043c?Frank Casino \u043c\u043e\u0431\u0438\u043b\u044c\u043d\u0430\u044f \u0432\u0435\u0440\u0441\u0438\u044f: \u043d\u0430\u0447\u0430\u043b\u043e \u0440\u0430\u0431\u043e\u0442\u044b \u041f\u0440\u0435\u0438\u043c\u0443\u0449\u0435\u0441\u0442\u0432\u0430 \u0438 \u0432\u043e\u0437\u043c\u043e\u0436\u043d\u043e\u0441\u0442\u0438 \u043c\u043e\u0431\u0438\u043b\u044c\u043d\u043e\u0433\u043e \u043f\u0440\u0438\u043b\u043e\u0436\u0435\u043d\u0438\u044f \u0424\u0440\u0430\u043d\u043a \u041a\u0430\u0437\u0438\u043d\u043e \u0427\u0442\u043e\u0431\u044b \u0443\u043a\u0440\u0435\u043f\u0438\u0442\u044c\u0441\u044f \u043d\u0430 \u0432\u044b\u0441\u043e\u043a\u043e\u0439 \u043f\u043e\u0437\u0438\u0446\u0438\u0438 \u0432 \u0440\u0435\u0439\u0442\u0438\u043d\u0433\u0435 \u043f\u043e\u043f\u0443\u043b\u044f\u0440\u043d\u043e\u0441\u0442\u0438 \u0441\u0440\u0435\u0434\u0438 \u0434\u0440\u0443\u0433\u0438\u0445 \u043e\u043d\u043b\u0430\u0439\u043d-\u043a\u0430\u0437\u0438\u043d\u043e, Frank Casino \u0440\u0435\u0433\u0443\u043b\u044f\u0440\u043d\u043e \u0441\u0442\u0430\u0440\u0430\u0435\u0442\u0441\u044f \u0443\u043b\u0443\u0447\u0448\u0430\u0442\u044c \u0441\u0432\u043e\u044e \u0440\u0430\u0431\u043e\u0442\u0443 \u0438 \u043c\u043e\u0434\u0435\u0440\u043d\u0438\u0437\u0438\u0440\u043e\u0432\u0430\u0442\u044c \u043e\u0444\u0438\u0446\u0438\u0430\u043b\u044c\u043d\u044b\u0439 \u0441\u0430\u0439\u0442, \u0430 \u0442\u0430\u043a\u0436\u0435 \u0434\u043e\u0441\u0442\u0443\u043f \u043a \u043d\u0435\u043c\u0443. \u0422\u0430\u043a\u0438\u0435 \u0434\u0435\u0439\u0441\u0442\u0432\u0438\u044f \u043d\u0430\u043f\u0440\u0430\u0432\u043b\u0435\u043d\u044b \u043d\u0430 &hellip;<\/p>","protected":false},"author":1,"featured_media":0,"parent":0,"menu_order":0,"comment_status":"closed","ping_status":"closed","template":"","meta":[],"_links":{"self":[{"href":"https:\/\/frank-casino-ru.com\/de\/wp-json\/wp\/v2\/pages\/32"}],"collection":[{"href":"https:\/\/frank-casino-ru.com\/de\/wp-json\/wp\/v2\/pages"}],"about":[{"href":"https:\/\/frank-casino-ru.com\/de\/wp-json\/wp\/v2\/types\/page"}],"author":[{"embeddable":true,"href":"https:\/\/frank-casino-ru.com\/de\/wp-json\/wp\/v2\/users\/1"}],"replies":[{"embeddable":true,"href":"https:\/\/frank-casino-ru.com\/de\/wp-json\/wp\/v2\/comments?post=32"}],"version-history":[{"count":4,"href":"https:\/\/frank-casino-ru.com\/de\/wp-json\/wp\/v2\/pages\/32\/revisions"}],"predecessor-version":[{"id":184,"href":"https:\/\/frank-casino-ru.com\/de\/wp-json\/wp\/v2\/pages\/32\/revisions\/184"}],"wp:attachment":[{"href":"https:\/\/frank-casino-ru.com\/de\/wp-json\/wp\/v2\/media?parent=32"}],"curies":[{"name":"wp","href":"https:\/\/api.w.org\/{rel}","templated":true}]}}