{"id":30,"date":"2019-07-08T14:57:24","date_gmt":"2019-07-08T11:57:24","guid":{"rendered":"https:\/\/frank-casino-ru.com\/?page_id=30"},"modified":"2021-04-23T14:41:16","modified_gmt":"2021-04-23T11:41:16","slug":"frank-casino-igrat-2","status":"publish","type":"page","link":"https:\/\/frank-casino-ru.com\/de\/frank-casino-igrat-2\/","title":{"rendered":"Frank Casino kostenlos spielen"},"content":{"rendered":"<div id=\"ez-toc-container\" class=\"ez-toc-v2_0_17 counter-hierarchy counter-decimal ez-toc-grey\">\n<nav><ul class=\"ez-toc-list ez-toc-list-level-1\"><li class=\"ez-toc-page-1 ez-toc-heading-level-2\"><a class=\"ez-toc-link ez-toc-heading-1\" href=\"https:\/\/frank-casino-ru.com\/de\/frank-casino-igrat-2\/#%D0%9D%D0%B5%D0%BE%D0%B1%D1%85%D0%BE%D0%B4%D0%B8%D0%BC%D0%BE%D1%81%D1%82%D1%8C_%D1%80%D0%B5%D0%B3%D0%B8%D1%81%D1%82%D1%80%D0%B0%D1%86%D0%B8%D0%B8_%D0%B2_%D0%BA%D0%B0%D0%B7%D0%B8%D0%BD%D0%BE_%D0%B8_%D0%BA%D0%B0%D0%BA%D0%B8%D0%BC_%D0%BE%D0%B1%D1%80%D0%B0%D0%B7%D0%BE%D0%BC_%D0%B7%D0%B0%D1%80%D0%B0%D0%B1%D0%B0%D1%82%D1%8B%D0%B2%D0%B0%D1%82%D1%8C_%D0%BD%D0%B0_%D0%B8%D0%B3%D1%80%D0%BE%D0%B2%D1%8B%D1%85_%D0%B0%D0%B2%D1%82%D0%BE%D0%BC%D0%B0%D1%82%D0%B0%D1%85\" title=\"Die Notwendigkeit, sich in einem Casino zu registrieren und wie man an Spielautomaten Geld verdient?\">Die Notwendigkeit, sich in einem Casino zu registrieren und wie man an Spielautomaten Geld verdient?<\/a><\/li><li class=\"ez-toc-page-1 ez-toc-heading-level-2\"><a class=\"ez-toc-link ez-toc-heading-2\" href=\"https:\/\/frank-casino-ru.com\/de\/frank-casino-igrat-2\/#Frank_Casino_%D0%B8%D0%B3%D1%80%D0%B0%D1%82%D1%8C_%D0%B2_%D1%81%D0%BB%D0%BE%D1%82%D1%8B\" title=\"Frank Casino Spielautomaten\">Frank Casino Spielautomaten<\/a><\/li><li class=\"ez-toc-page-1 ez-toc-heading-level-2\"><a class=\"ez-toc-link ez-toc-heading-3\" href=\"https:\/\/frank-casino-ru.com\/de\/frank-casino-igrat-2\/#%D0%A3%D0%BF%D1%80%D0%B0%D0%B2%D0%BB%D0%B5%D0%BD%D0%B8%D0%B5_%D0%B4%D0%B5%D0%BD%D0%B5%D0%B6%D0%BD%D1%8B%D0%BC_%D1%81%D1%87%D0%B5%D1%82%D0%BE%D0%BC_%D0%B1%D0%B5%D0%B7_%D0%BE%D1%88%D0%B8%D0%B1%D0%BE%D0%BA\" title=\"Geldkontof\u00fchrung ohne Fehler\">Geldkontof\u00fchrung ohne Fehler<\/a><\/li><\/ul><\/nav><\/div>\n\n<h2><span class=\"ez-toc-section\" id=\"%D0%9D%D0%B5%D0%BE%D0%B1%D1%85%D0%BE%D0%B4%D0%B8%D0%BC%D0%BE%D1%81%D1%82%D1%8C_%D1%80%D0%B5%D0%B3%D0%B8%D1%81%D1%82%D1%80%D0%B0%D1%86%D0%B8%D0%B8_%D0%B2_%D0%BA%D0%B0%D0%B7%D0%B8%D0%BD%D0%BE_%D0%B8_%D0%BA%D0%B0%D0%BA%D0%B8%D0%BC_%D0%BE%D0%B1%D1%80%D0%B0%D0%B7%D0%BE%D0%BC_%D0%B7%D0%B0%D1%80%D0%B0%D0%B1%D0%B0%D1%82%D1%8B%D0%B2%D0%B0%D1%82%D1%8C_%D0%BD%D0%B0_%D0%B8%D0%B3%D1%80%D0%BE%D0%B2%D1%8B%D1%85_%D0%B0%D0%B2%D1%82%D0%BE%D0%BC%D0%B0%D1%82%D0%B0%D1%85\"><\/span><strong>Die Notwendigkeit, sich in einem Casino zu registrieren und wie man an Spielautomaten Geld verdient?<\/strong><span class=\"ez-toc-section-end\"><\/span><\/h2>\n\n\n\n<p><a href=\"https:\/\/frank-casino-ru.com\/\">Frank Casino<\/a> erfreut seine Benutzer definitiv mit einem riesigen Spielekatalog<strong>,<\/strong> die nur Originalsoftware von bekannten Entwicklern enth\u00e4lt. Und Neulinge<strong>,<\/strong> und erfahrene Spieler k\u00f6nnen leicht etwas nach ihrem Geschmack finden. Es ist absolut sicher im Frank Casino zu spielen und viele Slots haben einen kumulativen Jackpot.<\/p>\n\n\n\n<p>Das Frank Casino kann ohne Einzahlung kostenlos gespielt werden. Sie k\u00f6nnen Ihre Spielf\u00e4higkeiten verbessern, ohne ein Konto zu erstellen: Drehen Sie die Trommeln von Simulatoren<strong>,<\/strong> Modelle erkunden<strong>,<\/strong> bauen Sie Ihre eigene Strategie auf. Wenn der Spieler f\u00fchlt<strong> <\/strong>Neigung, um echtes Geld zu spielen<strong>,<\/strong> Dann k\u00f6nnen Sie ein Konto erstellen und das erste Ratenkonto einwerfen. In Zukunft werden den Benutzern nach der Registrierung alle Arten von Boni und Werbeaktionen ge\u00f6ffnet<strong>,<\/strong> mit deren Hilfe Sie Ihren Urlaub viel spannender und aktiver gestalten k\u00f6nnen.<\/p>\n\n\n\n<h2><span class=\"ez-toc-section\" id=\"Frank_Casino_%D0%B8%D0%B3%D1%80%D0%B0%D1%82%D1%8C_%D0%B2_%D1%81%D0%BB%D0%BE%D1%82%D1%8B\"><\/span><strong>Frank Casino Spielautomaten<\/strong><span class=\"ez-toc-section-end\"><\/span><\/h2>\n\n\n\n<p>Um die Spielautomaten und das Spielen im Casino Frank vollst\u00e4ndig zu nutzen, m\u00fcssen Sie die Website oder den Arbeitsspiegel aufrufen. <a href=\"https:\/\/frank-casino-ru.com\/frank-casino-zerkalo-2\/\">Links zu einer Spiegelseite<\/a> ist immer auf unserem Portal. Der 24\/7-Zugriff ist auch \u00fcber die mobile Anwendung verf\u00fcgbar<strong>,<\/strong> die auch bei uns heruntergeladen werden k\u00f6nnen.<\/p>\n\n\n\n<p>Auf der Website k\u00f6nnen Sie leicht die gew\u00fcnschte Marke oder einen bestimmten Simulator finden find<strong>,<\/strong> mit komfortabler Navigation. Sie k\u00f6nnen Spielautomaten auf der offiziellen Website von Frank Casino spielen<strong>,<\/strong> die in thematische Rubriken gegliedert sind. Angesichts der Vielfalt an Genres und technischen Merkmalen<strong>,<\/strong> Diese Sortierung ist \u00e4u\u00dferst bequem. In der Liste der Entwickler k\u00f6nnen Sie gro\u00dfe Unternehmen sehen: NetEnt<strong>,<\/strong> Microgaming<strong>,<\/strong> Yggdrasil<strong>,<\/strong> Quickspin<strong>,<\/strong> Play&#39;n GO usw.<\/p>\n\n\n\n<div class=\"wp-block-image\"><figure class=\"aligncenter size-large\"><img loading=\"lazy\" width=\"589\" height=\"99\" src=\"https:\/\/frank-casino-ru.com\/wp-content\/uploads\/2020\/07\/frank-casino-new-games.png\" alt=\"frank-casino-neue-spiele\" class=\"wp-image-87\"\/><figcaption>Einige der Spiele in der Kategorie &quot;Neu&quot; <\/figcaption><\/figure><\/div>\n\n\n\n<p>Original <a class=\"rank-math-link\" href=\"https:\/\/ru.wikipedia.org\/wiki\/%D0%9F%D1%80%D0%BE%D0%B3%D1%80%D0%B0%D0%BC%D0%BC%D0%BD%D0%BE%D0%B5_%D0%BE%D0%B1%D0%B5%D1%81%D0%BF%D0%B5%D1%87%D0%B5%D0%BD%D0%B8%D0%B5\">DURCH<\/a> garantiert die Sicherheit der Spielerdaten und hilft bei der L\u00f6sung verschiedener Probleme und Streitigkeiten. Slots in der Kategorie &quot;Neu&quot; werden regelm\u00e4\u00dfig aktualisiert<strong>,<\/strong> und Sie k\u00f6nnen sich kostenlos mit den darin enthaltenen Spielen vertraut machen.<\/p>\n\n\n\n<h2><span class=\"ez-toc-section\" id=\"%D0%A3%D0%BF%D1%80%D0%B0%D0%B2%D0%BB%D0%B5%D0%BD%D0%B8%D0%B5_%D0%B4%D0%B5%D0%BD%D0%B5%D0%B6%D0%BD%D1%8B%D0%BC_%D1%81%D1%87%D0%B5%D1%82%D0%BE%D0%BC_%D0%B1%D0%B5%D0%B7_%D0%BE%D1%88%D0%B8%D0%B1%D0%BE%D0%BA\"><\/span><strong>Geldkontof\u00fchrung ohne Fehler<\/strong><span class=\"ez-toc-section-end\"><\/span><\/h2>\n\n\n\n<p>Um online im Frank Casino zu spielen, m\u00fcssen Sie den internen Prozess kontrollieren<strong>,<\/strong> um alle zul\u00e4ssigen Fehler beim Arbeiten mit einem individuellen Benutzerkonto zu vermeiden. Mit Einzahlungen und Gewinnen arbeiten<strong>,<\/strong> Sie m\u00fcssen dasselbe Zahlungssystem verwenden.<\/p>\n\n\n\n<div class=\"wp-block-image\"><figure class=\"aligncenter size-large\"><img loading=\"lazy\" width=\"583\" height=\"47\" src=\"https:\/\/frank-casino-ru.com\/wp-content\/uploads\/2020\/07\/frank-casino-payment.png\" alt=\"frank-casino-zahlung\" class=\"wp-image-89\"\/><figcaption>Verf\u00fcgbare Zahlungssysteme auf der Frank Casino-Website<\/figcaption><\/figure><\/div>\n\n\n\n<p>Tauchen Sie ein in die Atmosph\u00e4re der Aufregung<strong>,<\/strong> Erweitern Sie die unbekannten Grenzen des Gl\u00fccks mit Frank Casino Slots, gehen Sie online auf der offiziellen Website spielen!<\/p>","protected":false},"excerpt":{"rendered":"<p>\u041d\u0435\u043e\u0431\u0445\u043e\u0434\u0438\u043c\u043e\u0441\u0442\u044c \u0440\u0435\u0433\u0438\u0441\u0442\u0440\u0430\u0446\u0438\u0438 \u0432 \u043a\u0430\u0437\u0438\u043d\u043e \u0438 \u043a\u0430\u043a\u0438\u043c \u043e\u0431\u0440\u0430\u0437\u043e\u043c \u0437\u0430\u0440\u0430\u0431\u0430\u0442\u044b\u0432\u0430\u0442\u044c \u043d\u0430 \u0438\u0433\u0440\u043e\u0432\u044b\u0445 \u0430\u0432\u0442\u043e\u043c\u0430\u0442\u0430\u0445?Frank Casino \u0438\u0433\u0440\u0430\u0442\u044c \u0432 \u0441\u043b\u043e\u0442\u044b\u0423\u043f\u0440\u0430\u0432\u043b\u0435\u043d\u0438\u0435 \u0434\u0435\u043d\u0435\u0436\u043d\u044b\u043c \u0441\u0447\u0435\u0442\u043e\u043c \u0431\u0435\u0437 \u043e\u0448\u0438\u0431\u043e\u043a \u041d\u0435\u043e\u0431\u0445\u043e\u0434\u0438\u043c\u043e\u0441\u0442\u044c \u0440\u0435\u0433\u0438\u0441\u0442\u0440\u0430\u0446\u0438\u0438 \u0432 \u043a\u0430\u0437\u0438\u043d\u043e \u0438 \u043a\u0430\u043a\u0438\u043c \u043e\u0431\u0440\u0430\u0437\u043e\u043c \u0437\u0430\u0440\u0430\u0431\u0430\u0442\u044b\u0432\u0430\u0442\u044c \u043d\u0430 \u0438\u0433\u0440\u043e\u0432\u044b\u0445 \u0430\u0432\u0442\u043e\u043c\u0430\u0442\u0430\u0445? Frank Casino \u043e\u043f\u0440\u0435\u0434\u0435\u043b\u0435\u043d\u043d\u043e \u0440\u0430\u0434\u0443\u0435\u0442 \u0441\u0432\u043e\u0438\u0445 \u043f\u043e\u043b\u044c\u0437\u043e\u0432\u0430\u0442\u0435\u043b\u0435\u0439 \u043e\u0433\u0440\u043e\u043c\u043d\u044b\u043c \u0438\u0433\u0440\u043e\u0432\u044b\u043c \u043a\u0430\u0442\u0430\u043b\u043e\u0433\u043e\u043c, \u043a\u043e\u0442\u043e\u0440\u044b\u0439 \u0441\u043e\u0434\u0435\u0440\u0436\u0438\u0442 \u0442\u043e\u043b\u044c\u043a\u043e \u043e\u0440\u0438\u0433\u0438\u043d\u0430\u043b\u044c\u043d\u044b\u0439 \u0441\u043e\u0444\u0442 \u043e\u0442 \u043f\u043e\u043f\u0443\u043b\u044f\u0440\u043d\u044b\u0445 \u0440\u0430\u0437\u0440\u0430\u0431\u043e\u0442\u0447\u0438\u043a\u043e\u0432. \u0418 \u043d\u043e\u0432\u0438\u0447\u043a\u0438, \u0438 \u0433\u0435\u043c\u0431\u043b\u0435\u0440\u044b \u0441 \u043e\u043f\u044b\u0442\u043e\u043c \u0441\u043c\u043e\u0433\u0443\u0442 \u043b\u0435\u0433\u043a\u043e &hellip;<\/p>","protected":false},"author":1,"featured_media":0,"parent":0,"menu_order":0,"comment_status":"closed","ping_status":"closed","template":"","meta":[],"_links":{"self":[{"href":"https:\/\/frank-casino-ru.com\/de\/wp-json\/wp\/v2\/pages\/30"}],"collection":[{"href":"https:\/\/frank-casino-ru.com\/de\/wp-json\/wp\/v2\/pages"}],"about":[{"href":"https:\/\/frank-casino-ru.com\/de\/wp-json\/wp\/v2\/types\/page"}],"author":[{"embeddable":true,"href":"https:\/\/frank-casino-ru.com\/de\/wp-json\/wp\/v2\/users\/1"}],"replies":[{"embeddable":true,"href":"https:\/\/frank-casino-ru.com\/de\/wp-json\/wp\/v2\/comments?post=30"}],"version-history":[{"count":2,"href":"https:\/\/frank-casino-ru.com\/de\/wp-json\/wp\/v2\/pages\/30\/revisions"}],"predecessor-version":[{"id":131,"href":"https:\/\/frank-casino-ru.com\/de\/wp-json\/wp\/v2\/pages\/30\/revisions\/131"}],"wp:attachment":[{"href":"https:\/\/frank-casino-ru.com\/de\/wp-json\/wp\/v2\/media?parent=30"}],"curies":[{"name":"wp","href":"https:\/\/api.w.org\/{rel}","templated":true}]}}