{"id":28,"date":"2019-07-08T14:55:52","date_gmt":"2019-07-08T11:55:52","guid":{"rendered":"https:\/\/frank-casino-ru.com\/?page_id=28"},"modified":"2021-04-23T16:41:13","modified_gmt":"2021-04-23T13:41:13","slug":"frank-casino-zerkalo-2","status":"publish","type":"page","link":"https:\/\/frank-casino-ru.com\/de\/frank-casino-zerkalo-2\/","title":{"rendered":"Frank Casino Mirror Bypass-Blockierung"},"content":{"rendered":"<div id=\"ez-toc-container\" class=\"ez-toc-v2_0_17 counter-hierarchy counter-decimal ez-toc-grey\">\n<nav><ul class=\"ez-toc-list ez-toc-list-level-1\"><li class=\"ez-toc-page-1 ez-toc-heading-level-2\"><a class=\"ez-toc-link ez-toc-heading-1\" href=\"https:\/\/frank-casino-ru.com\/de\/frank-casino-zerkalo-2\/#%D0%9F%D0%BE%D0%B4%D0%BA%D0%BB%D1%8E%D1%87%D0%B5%D0%BD%D0%B8%D0%B5_%D0%BA_%D0%B7%D0%B5%D1%80%D0%BA%D0%B0%D0%BB%D1%8C%D0%BD%D0%BE%D0%BC%D1%83_%D1%81%D0%B0%D0%B9%D1%82%D1%83_%D0%B8_%D0%BE%D0%B1%D0%B7%D0%BE%D1%80_%D0%B2%D1%81%D0%B5%D1%85_%D0%B5%D0%B3%D0%BE_%D0%B2%D0%BE%D0%B7%D0%BC%D0%BE%D0%B6%D0%BD%D0%BE%D1%81%D1%82%D0%B5%D0%B9\" title=\"Verbindung zu einer Mirror-Site und eine \u00dcbersicht \u00fcber alle ihre Funktionen\">Verbindung zu einer Mirror-Site und eine \u00dcbersicht \u00fcber alle ihre Funktionen<\/a><\/li><li class=\"ez-toc-page-1 ez-toc-heading-level-2\"><a class=\"ez-toc-link ez-toc-heading-2\" href=\"https:\/\/frank-casino-ru.com\/de\/frank-casino-zerkalo-2\/#%D0%9D%D0%B5%D1%81%D0%BA%D0%BE%D0%BB%D1%8C%D0%BA%D0%BE_%D1%81%D0%BF%D0%BE%D1%81%D0%BE%D0%B1%D0%BE%D0%B2_%D0%BF%D0%BE%D0%BB%D1%83%D1%87%D0%B5%D0%BD%D0%B8%D1%8F_%D0%B4%D0%BE%D1%81%D1%82%D1%83%D0%BF%D0%B0_%D0%BA_%D0%B7%D0%B5%D1%80%D0%BA%D0%B0%D0%BB%D1%83_Frank_Casino\" title=\"Mehrere M\u00f6glichkeiten, auf den Frank Casino-Spiegel zuzugreifen\">Mehrere M\u00f6glichkeiten, auf den Frank Casino-Spiegel zuzugreifen<\/a><\/li><li class=\"ez-toc-page-1 ez-toc-heading-level-2\"><a class=\"ez-toc-link ez-toc-heading-3\" href=\"https:\/\/frank-casino-ru.com\/de\/frank-casino-zerkalo-2\/#%D0%A0%D0%B0%D0%B1%D0%BE%D1%87%D0%B5%D0%B5_%D0%B7%D0%B5%D1%80%D0%BA%D0%B0%D0%BB%D0%BE_%D0%B8_%D0%BE%D1%84%D0%B8%D1%86%D0%B8%D0%B0%D0%BB%D1%8C%D0%BD%D1%8B%D0%B9_%D1%81%D0%B0%D0%B9%D1%82_Frank_Casino_%D0%BE%D0%B1%D1%89%D0%B5%D0%B5\" title=\"Arbeitsspiegel und offizielle Website von Frank Casino: Allgemein \">Arbeitsspiegel und offizielle Website von Frank Casino: Allgemein <\/a><\/li><\/ul><\/nav><\/div>\n\n<h2><span class=\"ez-toc-section\" id=\"%D0%9F%D0%BE%D0%B4%D0%BA%D0%BB%D1%8E%D1%87%D0%B5%D0%BD%D0%B8%D0%B5_%D0%BA_%D0%B7%D0%B5%D1%80%D0%BA%D0%B0%D0%BB%D1%8C%D0%BD%D0%BE%D0%BC%D1%83_%D1%81%D0%B0%D0%B9%D1%82%D1%83_%D0%B8_%D0%BE%D0%B1%D0%B7%D0%BE%D1%80_%D0%B2%D1%81%D0%B5%D1%85_%D0%B5%D0%B3%D0%BE_%D0%B2%D0%BE%D0%B7%D0%BC%D0%BE%D0%B6%D0%BD%D0%BE%D1%81%D1%82%D0%B5%D0%B9\"><\/span><strong>Verbindung zu einer Mirror-Site und eine \u00dcbersicht \u00fcber alle ihre Funktionen<\/strong><span class=\"ez-toc-section-end\"><\/span><\/h2>\n\n\n\n<p>Die Schlie\u00dfung von Gl\u00fccksspieleinrichtungen wird in Russland auf gesetzlicher Ebene beschlossen. Sogar Online-Ressourcen sind gesperrt<strong>,<\/strong> verschiedenen Casinos gewidmet. Trotzdem fanden die Entwickler fast sofort einen Weg, um aus diesen Umst\u00e4nden herauszukommen und begannen, spezielle Spiegelseiten zu erstellen.<\/p>\n\n\n\n<p>IM <a href=\"https:\/\/frank-casino-ru.com\/\">Online-Casino Frank Casino<\/a> Spiegel<strong> <\/strong>fungiert als Portal mit einer identischen Struktur wie die Hauptseite.<\/p>\n\n\n\n<div class=\"wp-block-image\"><figure class=\"aligncenter size-large\"><img loading=\"lazy\" width=\"586\" height=\"153\" src=\"https:\/\/frank-casino-ru.com\/wp-content\/uploads\/2020\/07\/frank-casino-official-site.png\" alt=\"frank-casino\" class=\"wp-image-88\"\/><figcaption>Alle Spielkategorien auf dem Spiegel sind genau die gleichen wie auf dem Hauptportal<\/figcaption><\/figure><\/div>\n\n\n\n<h2><span class=\"ez-toc-section\" id=\"%D0%9D%D0%B5%D1%81%D0%BA%D0%BE%D0%BB%D1%8C%D0%BA%D0%BE_%D1%81%D0%BF%D0%BE%D1%81%D0%BE%D0%B1%D0%BE%D0%B2_%D0%BF%D0%BE%D0%BB%D1%83%D1%87%D0%B5%D0%BD%D0%B8%D1%8F_%D0%B4%D0%BE%D1%81%D1%82%D1%83%D0%BF%D0%B0_%D0%BA_%D0%B7%D0%B5%D1%80%D0%BA%D0%B0%D0%BB%D1%83_Frank_Casino\"><\/span><strong>Mehrere M\u00f6glichkeiten, auf den Frank Casino-Spiegel zuzugreifen<\/strong><span class=\"ez-toc-section-end\"><\/span><\/h2>\n\n\n\n<p>Betreten<strong> <\/strong>Frank Casino, ein Spiegel, der heute zum Blockieren verwendet wird<strong>,<\/strong> technische Ausf\u00e4lle<strong>,<\/strong> Hackerangriffe. Nach Pr\u00fcfung aller akzeptablen Szenarien und Risiken<strong>,<\/strong> die Entwickler haben den Spiegel des Clubs verbessert<strong>,<\/strong> dadurch sicher: Loggen Sie sich in Ihr Konto ein<strong>,<\/strong> internes Management<strong>,<\/strong> verschiedene Transaktionen mit Zahlungen durchf\u00fchren<strong>,<\/strong> Aktivierung von Boni und Aktionscodes usw.<\/p>\n\n\n\n<p>Um zum Frank Casino Mirror zu gelangen, k\u00f6nnen Sie verschiedene Methoden verwenden. Erstens<strong>,<\/strong> oft erfolgt der \u00dcbergang zu einer Spiegelseite mechanisch<strong>,<\/strong> wenn Systemprobleme auf dem Hauptportal begannen. Eine \u00e4hnliche automatisierte Verbindung erfolgt beim Anmelden \u00fcber <a class=\"rank-math-link\" href=\"https:\/\/ru.wikipedia.org\/wiki\/%D0%9C%D0%BE%D0%B1%D0%B8%D0%BB%D1%8C%D0%BD%D0%BE%D0%B5_%D0%BF%D1%80%D0%B8%D0%BB%D0%BE%D0%B6%D0%B5%D0%BD%D0%B8%D0%B5\">App<\/a>... Zweitens<strong>,<\/strong> Sie k\u00f6nnen dem funktionierenden Link unabh\u00e4ngig folgen. Alle Links auf unserem Portal sind aktuell und werden t\u00e4glich aktualisiert. Au\u00dferdem k\u00f6nnen sie regelm\u00e4\u00dfig empfangen werden.<strong>,<\/strong> indem Sie die Casino-Benachrichtigungen abonnieren.<\/p>\n\n\n\n<h2><span class=\"ez-toc-section\" id=\"%D0%A0%D0%B0%D0%B1%D0%BE%D1%87%D0%B5%D0%B5_%D0%B7%D0%B5%D1%80%D0%BA%D0%B0%D0%BB%D0%BE_%D0%B8_%D0%BE%D1%84%D0%B8%D1%86%D0%B8%D0%B0%D0%BB%D1%8C%D0%BD%D1%8B%D0%B9_%D1%81%D0%B0%D0%B9%D1%82_Frank_Casino_%D0%BE%D0%B1%D1%89%D0%B5%D0%B5\"><\/span><strong>Arbeitsspiegel und offizielle Website von Frank Casino: Allgemein <\/strong><span class=\"ez-toc-section-end\"><\/span><\/h2>\n\n\n\n<p>Im Frank Casino imitiert der Spiegel die externen und internen Inhalte der Hauptclubseite.<\/p>\n\n\n\n<p>Wenn der Spieler einen Spiegel verwendet<strong>,<\/strong> dann:<\/p>\n\n\n\n<ul><li>es besteht weiterhin die M\u00f6glichkeit, im Demo-Modus oder um Geld zu spielen;<\/li><li><a href=\"https:\/\/frank-casino-ru.com\/frank-kazino-bonusy\/\">Aktionen gehen weiter<\/a>;<\/li><li>die st\u00e4ndige Arbeit der Seiten der Site wird aufrechterhalten;<\/li><li>Benutzer haben rund um die Uhr Zugang;<\/li><li>Vertraulichkeit garantiert;<\/li><li>p\u00fcnktliche Zahlungen erfolgen;<\/li><li>alle Leistungen des Benutzers werden gespeichert.<\/li><\/ul>\n\n\n\n<div class=\"wp-block-image\"><figure class=\"aligncenter size-large\"><img loading=\"lazy\" width=\"586\" height=\"216\" src=\"https:\/\/frank-casino-ru.com\/wp-content\/uploads\/2020\/07\/frank-casino-turnir.png\" alt=\"frank-casino-turnir\" class=\"wp-image-94\"\/><figcaption>Nehmen Sie am Turnier teil, indem Sie sich \u00fcber den Spiegel einloggen - alle Ergebnisse werden gespeichert! <\/figcaption><\/figure><\/div>\n\n\n\n<p>Wenn der Spieler bereits ein Konto auf der offiziellen Casino-Website er\u00f6ffnet hat<strong>,<\/strong> und jetzt wird er sein pers\u00f6nliches Profil bei Frank Casino Mirror eingeben, dann kann er seinen Benutzernamen und sein Passwort verwenden. Wenn kein Konto vorhanden ist<strong>,<\/strong> dann k\u00f6nnen Sie den Registrierungsprozess direkt auf dem Spiegel durchlaufen.<\/p>\n\n\n\n<p>Regelm\u00e4\u00dfiger Zugang zu ber\u00fchmten Spielautomaten<strong>,<\/strong> Anteile<strong>,<\/strong> Lotterien und Gewinnspiele<strong>,<\/strong> und vor allem - gro\u00dfe Gewinne<strong>,<\/strong> Du kannst es bekommen<strong>,<\/strong> indem Sie ein Konto erstellen auf <a href=\"https:\/\/frank-casino-ru.com\/frank-kazino-ofitsialnyj-sajt\/\">offizielle Website<\/a> Frank Casino oder Spiegel!<\/p>","protected":false},"excerpt":{"rendered":"<p>\u041f\u043e\u0434\u043a\u043b\u044e\u0447\u0435\u043d\u0438\u0435 \u043a \u0437\u0435\u0440\u043a\u0430\u043b\u044c\u043d\u043e\u043c\u0443 \u0441\u0430\u0439\u0442\u0443 \u0438 \u043e\u0431\u0437\u043e\u0440 \u0432\u0441\u0435\u0445 \u0435\u0433\u043e \u0432\u043e\u0437\u043c\u043e\u0436\u043d\u043e\u0441\u0442\u0435\u0439\u041d\u0435\u0441\u043a\u043e\u043b\u044c\u043a\u043e \u0441\u043f\u043e\u0441\u043e\u0431\u043e\u0432 \u043f\u043e\u043b\u0443\u0447\u0435\u043d\u0438\u044f \u0434\u043e\u0441\u0442\u0443\u043f\u0430 \u043a \u0437\u0435\u0440\u043a\u0430\u043b\u0443 Frank Casino\u0420\u0430\u0431\u043e\u0447\u0435\u0435 \u0437\u0435\u0440\u043a\u0430\u043b\u043e \u0438 \u043e\u0444\u0438\u0446\u0438\u0430\u043b\u044c\u043d\u044b\u0439 \u0441\u0430\u0439\u0442 Frank Casino: \u043e\u0431\u0449\u0435\u0435 \u041f\u043e\u0434\u043a\u043b\u044e\u0447\u0435\u043d\u0438\u0435 \u043a \u0437\u0435\u0440\u043a\u0430\u043b\u044c\u043d\u043e\u043c\u0443 \u0441\u0430\u0439\u0442\u0443 \u0438 \u043e\u0431\u0437\u043e\u0440 \u0432\u0441\u0435\u0445 \u0435\u0433\u043e \u0432\u043e\u0437\u043c\u043e\u0436\u043d\u043e\u0441\u0442\u0435\u0439 \u0417\u0430\u043a\u0440\u044b\u0442\u0438\u0435 \u0430\u0437\u0430\u0440\u0442\u043d\u044b\u0445 \u0437\u0430\u0432\u0435\u0434\u0435\u043d\u0438\u0439 \u043f\u0440\u0438\u043d\u044f\u0442\u043e \u0432 \u0420\u043e\u0441\u0441\u0438\u0438 \u043d\u0430 \u0437\u0430\u043a\u043e\u043d\u043e\u0434\u0430\u0442\u0435\u043b\u044c\u043d\u043e\u043c \u0443\u0440\u043e\u0432\u043d\u0435. \u0414\u0430\u0436\u0435 \u0432 \u0441\u0435\u0442\u0438 \u043f\u0440\u043e\u0438\u0441\u0445\u043e\u0434\u0438\u0442 \u0431\u043b\u043e\u043a\u0438\u0440\u043e\u0432\u043a\u0430 \u043e\u043d\u043b\u0430\u0439\u043d-\u0440\u0435\u0441\u0443\u0440\u0441\u043e\u0432, \u043f\u043e\u0441\u0432\u044f\u0449\u0435\u043d\u043d\u044b\u0445 \u0440\u0430\u0437\u043b\u0438\u0447\u043d\u044b\u043c \u043a\u0430\u0437\u0438\u043d\u043e. \u0422\u0435\u043c \u043d\u0435 \u043c\u0435\u043d\u0435\u0435 \u0440\u0430\u0437\u0440\u0430\u0431\u043e\u0442\u0447\u0438\u043a\u0438 \u043f\u0440\u0430\u043a\u0442\u0438\u0447\u0435\u0441\u043a\u0438 &hellip;<\/p>","protected":false},"author":1,"featured_media":0,"parent":0,"menu_order":0,"comment_status":"closed","ping_status":"closed","template":"","meta":[],"_links":{"self":[{"href":"https:\/\/frank-casino-ru.com\/de\/wp-json\/wp\/v2\/pages\/28"}],"collection":[{"href":"https:\/\/frank-casino-ru.com\/de\/wp-json\/wp\/v2\/pages"}],"about":[{"href":"https:\/\/frank-casino-ru.com\/de\/wp-json\/wp\/v2\/types\/page"}],"author":[{"embeddable":true,"href":"https:\/\/frank-casino-ru.com\/de\/wp-json\/wp\/v2\/users\/1"}],"replies":[{"embeddable":true,"href":"https:\/\/frank-casino-ru.com\/de\/wp-json\/wp\/v2\/comments?post=28"}],"version-history":[{"count":3,"href":"https:\/\/frank-casino-ru.com\/de\/wp-json\/wp\/v2\/pages\/28\/revisions"}],"predecessor-version":[{"id":183,"href":"https:\/\/frank-casino-ru.com\/de\/wp-json\/wp\/v2\/pages\/28\/revisions\/183"}],"wp:attachment":[{"href":"https:\/\/frank-casino-ru.com\/de\/wp-json\/wp\/v2\/media?parent=28"}],"curies":[{"name":"wp","href":"https:\/\/api.w.org\/{rel}","templated":true}]}}