{"id":26,"date":"2019-07-08T14:53:59","date_gmt":"2019-07-08T11:53:59","guid":{"rendered":"https:\/\/frank-casino-ru.com\/?page_id=26"},"modified":"2021-04-23T16:35:04","modified_gmt":"2021-04-23T13:35:04","slug":"frank-kazino","status":"publish","type":"page","link":"https:\/\/frank-casino-ru.com\/de\/","title":{"rendered":"Frank Casino Online - ein Gaming-Club mit g\u00fcnstigen Konditionen"},"content":{"rendered":"<div id=\"ez-toc-container\" class=\"ez-toc-v2_0_17 counter-hierarchy counter-decimal ez-toc-grey\">\n<nav><ul class=\"ez-toc-list ez-toc-list-level-1\"><li class=\"ez-toc-page-1 ez-toc-heading-level-2\"><a class=\"ez-toc-link ez-toc-heading-1\" href=\"https:\/\/frank-casino-ru.com\/de\/#%D0%9A%D0%B0%D0%B7%D0%B8%D0%BD%D0%BE_Frank_%D0%BE%D0%B1%D0%B7%D0%BE%D1%80_%D0%BD%D0%B0_%D0%BF%D1%80%D0%B5%D0%B8%D0%BC%D1%83%D1%89%D0%B5%D1%81%D1%82%D0%B2%D0%B0_-_%D0%BF%D1%80%D0%B5%D0%BC%D0%B8%D1%83%D0%BC_%D0%BA%D0%BB%D1%83%D0%B1_%D0%BA%D1%80%D1%83%D1%82%D1%8B%D0%B5_%D0%B1%D0%BE%D0%BD%D1%83%D1%81%D1%8B_%D1%81%D0%B0%D0%B9%D1%82\" title=\"Frank Casino-Rezension zu den Vorteilen - Premium-Club, coole Boni, Website\">Frank Casino-Rezension zu den Vorteilen - Premium-Club, coole Boni, Website <\/a><\/li><li class=\"ez-toc-page-1 ez-toc-heading-level-2\"><a class=\"ez-toc-link ez-toc-heading-2\" href=\"https:\/\/frank-casino-ru.com\/de\/#%D0%9F%D0%BE%D1%87%D0%B5%D0%BC%D1%83_%D0%B8%D0%B3%D1%80%D0%BE%D0%BA%D0%B8_%D0%B2%D1%8B%D0%B1%D0%B8%D1%80%D0%B0%D1%8E%D1%82_Frank_Casino\" title=\"Warum entscheiden sich Spieler f\u00fcr Frank Casino?\">Warum entscheiden sich Spieler f\u00fcr Frank Casino?<\/a><\/li><li class=\"ez-toc-page-1 ez-toc-heading-level-2\"><a class=\"ez-toc-link ez-toc-heading-3\" href=\"https:\/\/frank-casino-ru.com\/de\/#%D0%9A%D0%B0%D1%87%D0%B5%D1%81%D1%82%D0%B2%D0%B5%D0%BD%D0%BD%D0%B0%D1%8F_%D1%80%D0%B0%D0%B1%D0%BE%D1%82%D0%B0_%D0%BE%D1%84%D0%B8%D1%86%D0%B8%D0%B0%D0%BB%D1%8C%D0%BD%D0%BE%D0%B3%D0%BE_%D1%81%D0%B0%D0%B9%D1%82%D0%B0\" title=\"Hochwertige Arbeit der offiziellen Website\">Hochwertige Arbeit der offiziellen Website<\/a><\/li><\/ul><\/nav><\/div>\n\n<h2><span class=\"ez-toc-section\" id=\"%D0%9A%D0%B0%D0%B7%D0%B8%D0%BD%D0%BE_Frank_%D0%BE%D0%B1%D0%B7%D0%BE%D1%80_%D0%BD%D0%B0_%D0%BF%D1%80%D0%B5%D0%B8%D0%BC%D1%83%D1%89%D0%B5%D1%81%D1%82%D0%B2%D0%B0_-_%D0%BF%D1%80%D0%B5%D0%BC%D0%B8%D1%83%D0%BC_%D0%BA%D0%BB%D1%83%D0%B1_%D0%BA%D1%80%D1%83%D1%82%D1%8B%D0%B5_%D0%B1%D0%BE%D0%BD%D1%83%D1%81%D1%8B_%D1%81%D0%B0%D0%B9%D1%82\"><\/span><strong>Frank Casino-Rezension zu den Vorteilen - Premium-Club, coole Boni, Website <\/strong><span class=\"ez-toc-section-end\"><\/span><\/h2>\n\n\n\n<p>Frank Casino ist eines der beliebtesten Online-Casinos auf dem Markt f\u00fcr Gl\u00fccksspielclubs. Gl\u00fccksspielbegeisterte werden nicht nur von der sch\u00f6nen Oberfl\u00e4che der offiziellen Website angezogen, sondern auch von den hochwertigen Inhalten, mit denen sie gef\u00fcllt ist. Der Benutzersupport ist auf einem ziemlich hohen Niveau.<\/p>\n\n\n\n<p>Frank Casino hat sich vorbereitet<strong> <\/strong>F\u00fcr unsere Kunden gibt es viele g\u00fcnstige Bedingungen: eine bequeme offizielle Website, ein gro\u00dfes Bonusprogramm, die M\u00f6glichkeit, dem Premium Club beizutreten, mehrere Zahlungssysteme zur Verwaltung eines Kontos, Benutzersupport, schnelles Abheben von Geldern, lizenzierte Spiele und vieles mehr .<\/p>\n\n\n\n<p>Wie viele andere<strong> <\/strong>Casino, Frank Casino<strong> <\/strong>gibt seinen Benutzern die M\u00f6glichkeit, ab der ersten Einzahlung zu verdienen, daf\u00fcr reicht es aus, sich auf der offiziellen Website zu registrieren. Spieler k\u00f6nnen beliebte Slots in einem kostenlosen Demo-Modus testen, f\u00fcr den es nicht erforderlich ist, ein Konto zu er\u00f6ffnen.<\/p>\n\n\n\n<div class=\"wp-block-image\"><figure class=\"aligncenter size-large\"><img loading=\"lazy\" width=\"589\" height=\"122\" src=\"https:\/\/frank-casino-ru.com\/wp-content\/uploads\/2020\/07\/frank-casino-games.png\" alt=\"frank-casino-spiele\" class=\"wp-image-85\"\/><figcaption>Versuchen Sie, im Testmodus zu spielen - kostenlos und ohne Registrierung<\/figcaption><\/figure><\/div>\n\n\n\n<h2><span class=\"ez-toc-section\" id=\"%D0%9F%D0%BE%D1%87%D0%B5%D0%BC%D1%83_%D0%B8%D0%B3%D1%80%D0%BE%D0%BA%D0%B8_%D0%B2%D1%8B%D0%B1%D0%B8%D1%80%D0%B0%D1%8E%D1%82_Frank_Casino\"><\/span><strong>Warum entscheiden sich Spieler f\u00fcr Frank Casino?<\/strong><span class=\"ez-toc-section-end\"><\/span><\/h2>\n\n\n\n<p>M\u00f6chten Sie ein Teil von Frank Casino online werden? Finden Sie heraus, welche Vorteile Spieler erhalten:<\/p>\n\n\n\n<ul><li>nur Original-Gaming-Software;<\/li><li>Zuverl\u00e4ssigkeit und Qualit\u00e4t;<\/li><li>die M\u00f6glichkeit, Mitglied des VIP-Clubs zu werden;<\/li><li>verschiedene Quests, Turniere, Lotterien und Boni;<\/li><li>ein gro\u00dfer Prozentsatz der Zahlungen;<\/li><li>Sicherheit personenbezogener Daten;<\/li><li>technischer Support rund um die Uhr;<\/li><li>FAQ-Bereich;<\/li><li>fehlende Systemfehler auf der Site;<\/li><li>Verf\u00fcgbarkeit einer mobilen Version.<\/li><\/ul>\n\n\n\n<p>Im Frank Casino wird der Eintritt verf\u00fcgbar sein<strong> <\/strong>nicht nur mit Hilfe eines Computers, sondern auch durch verschiedene Gadgets auf der Android-Plattform. Die mobile Anwendung kann von unserer Website absolut kostenlos heruntergeladen werden.<\/p>\n\n\n\n<p>Frank Casino<strong> <\/strong>bietet seinen Kunden die M\u00f6glichkeit, das Gameplay zu verbessern und zus\u00e4tzliche Privilegien zu erhalten, indem sie Mitglied im Premium Club werden. Dies ist in wenigen Schritten m\u00f6glich:<\/p>\n\n\n\n<ol><li>Registrieren Sie sich und t\u00e4tigen Sie Ihre erste Einzahlung;<\/li><li>Starte das Spiel;<\/li><li>Holen Sie sich Ihren ersten VIP-Status;<\/li><li>Erreiche und behalte den Dark Knight-Status;<\/li><li>Bleiben Sie ein aktiver Spieler;<\/li><li>Erwarten Sie Casino-Einladungen.<\/li><\/ol>\n\n\n\n<p>Spieler erhalten viele n\u00fctzliche Vorteile, wenn sie Teil des VIP-Clubs werden: Zugang zu privaten Events, Premium-Boni, pers\u00f6nliche Geschenke, pers\u00f6nlicher Assistent, pers\u00f6nlicher W\u00e4hrungswechselkurs im Spiel, sofortige Auszahlung von Geldern, Cashbacks bis zu 15%.&nbsp;<\/p>\n\n\n\n<div class=\"wp-block-image\"><figure class=\"aligncenter size-large\"><img loading=\"lazy\" width=\"589\" height=\"233\" src=\"https:\/\/frank-casino-ru.com\/wp-content\/uploads\/2020\/07\/frank-casino-presents.png\" alt=\"frank-casino-pr\u00e4sentiert\" class=\"wp-image-90\"\/><figcaption>Werden Sie Mitglied im Premium Club und erhalten Sie viele Privilegien! <\/figcaption><\/figure><\/div>\n\n\n\n<h2><span class=\"ez-toc-section\" id=\"%D0%9A%D0%B0%D1%87%D0%B5%D1%81%D1%82%D0%B2%D0%B5%D0%BD%D0%BD%D0%B0%D1%8F_%D1%80%D0%B0%D0%B1%D0%BE%D1%82%D0%B0_%D0%BE%D1%84%D0%B8%D1%86%D0%B8%D0%B0%D0%BB%D1%8C%D0%BD%D0%BE%D0%B3%D0%BE_%D1%81%D0%B0%D0%B9%D1%82%D0%B0\"><\/span><strong>Hochwertige Arbeit der offiziellen Website<\/strong><span class=\"ez-toc-section-end\"><\/span><\/h2>\n\n\n\n<p>Kochen an<strong> <\/strong>Frank Casino Review wurde eine gro\u00dfe Anzahl von Bewertungen \u00fcber den Club untersucht. Viele Nutzer \u00e4u\u00dfern sich positiv \u00fcber die Arbeit der offiziellen Website. Seine stabile Leistung ist einer der Hauptvorteile. Wir konnten keinen einzigen Kommentar zu Systemfehlern w\u00e4hrend des Spielablaufs, der Aktivierung von Boni oder der Auszahlung von Gewinnen bei Frank Casino finden.<\/p>","protected":false},"excerpt":{"rendered":"<p>\u041a\u0430\u0437\u0438\u043d\u043e Frank \u043e\u0431\u0437\u043e\u0440 \u043d\u0430 \u043f\u0440\u0435\u0438\u043c\u0443\u0449\u0435\u0441\u0442\u0432\u0430 &#8212; \u043f\u0440\u0435\u043c\u0438\u0443\u043c \u043a\u043b\u0443\u0431, \u043a\u0440\u0443\u0442\u044b\u0435 \u0431\u043e\u043d\u0443\u0441\u044b, \u0441\u0430\u0439\u0442 \u041f\u043e\u0447\u0435\u043c\u0443 \u0438\u0433\u0440\u043e\u043a\u0438 \u0432\u044b\u0431\u0438\u0440\u0430\u044e\u0442 Frank Casino?\u041a\u0430\u0447\u0435\u0441\u0442\u0432\u0435\u043d\u043d\u0430\u044f \u0440\u0430\u0431\u043e\u0442\u0430 \u043e\u0444\u0438\u0446\u0438\u0430\u043b\u044c\u043d\u043e\u0433\u043e \u0441\u0430\u0439\u0442\u0430 \u041a\u0430\u0437\u0438\u043d\u043e Frank \u043e\u0431\u0437\u043e\u0440 \u043d\u0430 \u043f\u0440\u0435\u0438\u043c\u0443\u0449\u0435\u0441\u0442\u0432\u0430 &#8212; \u043f\u0440\u0435\u043c\u0438\u0443\u043c \u043a\u043b\u0443\u0431, \u043a\u0440\u0443\u0442\u044b\u0435 \u0431\u043e\u043d\u0443\u0441\u044b, \u0441\u0430\u0439\u0442 Frank Casino \u2013 \u043e\u0434\u043d\u043e \u0438\u0437 \u0441\u0430\u043c\u044b\u0445 \u043f\u043e\u043f\u0443\u043b\u044f\u0440\u043d\u044b\u0445 \u043e\u043d\u043b\u0430\u0439\u043d-\u043a\u0430\u0437\u0438\u043d\u043e \u043d\u0430 \u0440\u044b\u043d\u043a\u0435 \u0438\u0433\u0440\u043e\u0432\u044b\u0445 \u043a\u043b\u0443\u0431\u043e\u0432. \u041b\u044e\u0431\u0438\u0442\u0435\u043b\u0435\u0439 \u0430\u0437\u0430\u0440\u0442\u043d\u043e\u0433\u043e \u0434\u043e\u0441\u0443\u0433\u0430 \u043f\u0440\u0438\u0432\u043b\u0435\u043a\u0430\u0435\u0442 \u043d\u0435 \u0442\u043e\u043b\u044c\u043a\u043e \u043a\u0440\u0430\u0441\u0438\u0432\u044b\u0439 \u0438\u043d\u0442\u0435\u0440\u0444\u0435\u0439\u0441 \u043e\u0444\u0438\u0446\u0438\u0430\u043b\u044c\u043d\u043e\u0433\u043e \u0441\u0430\u0439\u0442\u0430, \u043d\u043e \u0438 \u043a\u0430\u0447\u0435\u0441\u0442\u0432\u0435\u043d\u043d\u044b\u0439 &hellip;<\/p>","protected":false},"author":1,"featured_media":0,"parent":0,"menu_order":0,"comment_status":"closed","ping_status":"closed","template":"","meta":[],"_links":{"self":[{"href":"https:\/\/frank-casino-ru.com\/de\/wp-json\/wp\/v2\/pages\/26"}],"collection":[{"href":"https:\/\/frank-casino-ru.com\/de\/wp-json\/wp\/v2\/pages"}],"about":[{"href":"https:\/\/frank-casino-ru.com\/de\/wp-json\/wp\/v2\/types\/page"}],"author":[{"embeddable":true,"href":"https:\/\/frank-casino-ru.com\/de\/wp-json\/wp\/v2\/users\/1"}],"replies":[{"embeddable":true,"href":"https:\/\/frank-casino-ru.com\/de\/wp-json\/wp\/v2\/comments?post=26"}],"version-history":[{"count":3,"href":"https:\/\/frank-casino-ru.com\/de\/wp-json\/wp\/v2\/pages\/26\/revisions"}],"predecessor-version":[{"id":123,"href":"https:\/\/frank-casino-ru.com\/de\/wp-json\/wp\/v2\/pages\/26\/revisions\/123"}],"wp:attachment":[{"href":"https:\/\/frank-casino-ru.com\/de\/wp-json\/wp\/v2\/media?parent=26"}],"curies":[{"name":"wp","href":"https:\/\/api.w.org\/{rel}","templated":true}]}}