{"id":12,"date":"2019-07-08T14:51:19","date_gmt":"2019-07-08T11:51:19","guid":{"rendered":"https:\/\/frank-casino-ru.com\/?page_id=12"},"modified":"2021-04-23T14:18:54","modified_gmt":"2021-04-23T11:18:54","slug":"frank-kazino-bonusy","status":"publish","type":"page","link":"https:\/\/frank-casino-ru.com\/de\/frank-kazino-bonusy\/","title":{"rendered":"Frank Casino Boni und Promo-Codes"},"content":{"rendered":"<div id=\"ez-toc-container\" class=\"ez-toc-v2_0_17 counter-hierarchy counter-decimal ez-toc-grey\">\n<nav><ul class=\"ez-toc-list ez-toc-list-level-1\"><li class=\"ez-toc-page-1 ez-toc-heading-level-2\"><a class=\"ez-toc-link ez-toc-heading-1\" href=\"https:\/\/frank-casino-ru.com\/de\/frank-kazino-bonusy\/#%D0%9A%D0%B0%D0%BA_%D0%BF%D0%BE%D0%BB%D1%83%D1%87%D0%B8%D1%82%D1%8C_%D0%B2%D1%8B%D0%B3%D0%BE%D0%B4%D0%BD%D1%8B%D0%B5_%D0%B1%D0%BE%D0%BD%D1%83%D1%81%D1%8B_%D0%B8_%D1%83%D0%B2%D0%B5%D0%BB%D0%B8%D1%87%D0%B8%D1%82%D1%8C_%D1%81%D0%B2%D0%BE%D0%B9_%D0%B2%D1%8B%D0%B8%D0%B3%D1%80%D1%8B%D1%88\" title=\"Wie erhalten Sie lukrative Boni und erh\u00f6hen Ihre Gewinne?\">Wie erhalten Sie lukrative Boni und erh\u00f6hen Ihre Gewinne?<\/a><\/li><li class=\"ez-toc-page-1 ez-toc-heading-level-2\"><a class=\"ez-toc-link ez-toc-heading-2\" href=\"https:\/\/frank-casino-ru.com\/de\/frank-kazino-bonusy\/#%D0%94%D0%BE%D1%81%D1%82%D1%83%D0%BF%D0%BD%D1%8B%D0%B5_Frank_Casino_%D0%B1%D0%BE%D0%BD%D1%83%D1%81%D1%8B\" title=\"Frank Casino Boni verf\u00fcgbar \">Frank Casino Boni verf\u00fcgbar <\/a><\/li><li class=\"ez-toc-page-1 ez-toc-heading-level-2\"><a class=\"ez-toc-link ez-toc-heading-3\" href=\"https:\/\/frank-casino-ru.com\/de\/frank-kazino-bonusy\/#%D0%90%D0%BA%D1%82%D0%B8%D0%B2%D0%B0%D1%86%D0%B8%D1%8F_%D0%B1%D0%BE%D0%BD%D1%83%D1%81%D0%BD%D1%8B%D1%85_%D0%BF%D1%80%D0%B5%D0%B4%D0%BB%D0%BE%D0%B6%D0%B5%D0%BD%D0%B8%D0%B9_%D0%BD%D0%B0_%D1%81%D0%B0%D0%B9%D1%82%D0%B5\" title=\"Aktivierung von Bonusangeboten auf der Seite\">Aktivierung von Bonusangeboten auf der Seite<\/a><\/li><\/ul><\/nav><\/div>\n\n<h2><span class=\"ez-toc-section\" id=\"%D0%9A%D0%B0%D0%BA_%D0%BF%D0%BE%D0%BB%D1%83%D1%87%D0%B8%D1%82%D1%8C_%D0%B2%D1%8B%D0%B3%D0%BE%D0%B4%D0%BD%D1%8B%D0%B5_%D0%B1%D0%BE%D0%BD%D1%83%D1%81%D1%8B_%D0%B8_%D1%83%D0%B2%D0%B5%D0%BB%D0%B8%D1%87%D0%B8%D1%82%D1%8C_%D1%81%D0%B2%D0%BE%D0%B9_%D0%B2%D1%8B%D0%B8%D0%B3%D1%80%D1%8B%D1%88\"><\/span><strong>Wie erhalten Sie lukrative Boni und erh\u00f6hen Ihre Gewinne?<\/strong><span class=\"ez-toc-section-end\"><\/span><\/h2>\n\n\n\n<p>Gro\u00dfes Bonusprogramm von <a href=\"https:\/\/frank-casino-ru.com\/\">Frank Casino<\/a> erm\u00f6glicht es seinen Nutzern, gro\u00dfe Gewinne mit minimalen Wettkosten zu erzielen. Pr\u00e4mien werden regelm\u00e4\u00dfig ausgesch\u00fcttet, Ihren ersten Frank Casino Bonus k\u00f6nnen Sie bereits f\u00fcr die erste Einzahlung erhalten. Das Bonusprogramm beinhaltet auch Frank Casino Promo-Codes, Spins, Franken. Alle Angebote zielen darauf ab, Kunden zu gewinnen, Konkurrenten zu umgehen und gute Beziehungen zu den Spielern aufzubauen.<\/p>\n\n\n\n<h2><span class=\"ez-toc-section\" id=\"%D0%94%D0%BE%D1%81%D1%82%D1%83%D0%BF%D0%BD%D1%8B%D0%B5_Frank_Casino_%D0%B1%D0%BE%D0%BD%D1%83%D1%81%D1%8B\"><\/span><strong>Frank Casino Boni verf\u00fcgbar <\/strong><span class=\"ez-toc-section-end\"><\/span><\/h2>\n\n\n\n<p>Um zeitnah Informationen von Frank Casino \u00fcber Boni zu erhalten, ben\u00f6tigen Sie<strong> <\/strong>abonnieren Sie die Mailingliste, w\u00e4hrend Sie ein Konto auf der Site erstellen. Es gibt immer viele aktuelle Bonusangebote und Aktionen im Casino, Informationen dazu finden Sie im Men\u00fc, das sich in der oberen linken Ecke der Seite befindet.<\/p>\n\n\n\n<p>Werfen wir einen genaueren Blick auf alle Optionen f\u00fcr Belohnungen, die ein Casino-Benutzer erhalten kann.<\/p>\n\n\n\n<div class=\"wp-block-image\"><figure class=\"aligncenter size-large\"><img loading=\"lazy\" width=\"583\" height=\"270\" src=\"https:\/\/frank-casino-ru.com\/wp-content\/uploads\/2020\/07\/frank-casino-bonuses.png\" alt=\"Frank-Casino-Bonus\" class=\"wp-image-84\"\/><figcaption>Frank Casino Boni<\/figcaption><\/figure><\/div>\n\n\n\n<ul><li>Freispiele - Freispiele, mit denen Sie das Spiel testen k\u00f6nnen, ohne Wetten zu platzieren;<\/li><li>Freie Franken - kostenloser Erhalt der Spielw\u00e4hrung;<\/li><li>Einzahlungszinsen - Sie k\u00f6nnen bis zu 100% vom Einzahlungsbetrag erhalten;<\/li><li>Turnierrunden - <a href=\"https:\/\/frank-casino-ru.com\/frank-kazino-ofitsialnyj-sajt\/\">auf der Seite<\/a> Sie k\u00f6nnen Teilnehmer eines aufregenden Turniers werden und sich in einem echten Kampf versuchen;<\/li><li>Bonus des Tages - zum Aktivieren m\u00fcssen Sie den Bonusakku mit 100% aufladen;<\/li><li><a class=\"rank-math-link\" href=\"https:\/\/ru.wikipedia.org\/wiki\/%D0%9A%D0%B5%D1%88%D0%B1%D1%8D%D0%BA\">Cashback<\/a> - Um zu aktivieren, m\u00fcssen Sie Einzahlungen in H\u00f6he von 1000 USD f\u00fcr den vorherigen Kalendermonat t\u00e4tigen.<\/li><\/ul>\n\n\n\n<p>Nachdem der Spieler dem Premium Club beigetreten ist, kann der Spieler Frank Casino-Boni einer h\u00f6heren Stufe erhalten: Bronze-, Silber-, Gold- und Platin-Bonuspakete. Sie alle beinhalten Freispiele und Franken.<\/p>\n\n\n\n<div class=\"wp-block-image\"><figure class=\"aligncenter size-large\"><img loading=\"lazy\" width=\"440\" height=\"453\" src=\"https:\/\/frank-casino-ru.com\/wp-content\/uploads\/2020\/07\/frank-casino-vip.png\" alt=\"frank-casino-vip\" class=\"wp-image-95\"\/><figcaption>Eine Registerkarte, auf der alle Vorteile einer VIP-Club-Mitgliedschaft aufgef\u00fchrt sind<\/figcaption><\/figure><\/div>\n\n\n\n<h2><span class=\"ez-toc-section\" id=\"%D0%90%D0%BA%D1%82%D0%B8%D0%B2%D0%B0%D1%86%D0%B8%D1%8F_%D0%B1%D0%BE%D0%BD%D1%83%D1%81%D0%BD%D1%8B%D1%85_%D0%BF%D1%80%D0%B5%D0%B4%D0%BB%D0%BE%D0%B6%D0%B5%D0%BD%D0%B8%D0%B9_%D0%BD%D0%B0_%D1%81%D0%B0%D0%B9%D1%82%D0%B5\"><\/span><strong>Aktivierung von Bonusangeboten auf der Seite<\/strong><span class=\"ez-toc-section-end\"><\/span><\/h2>\n\n\n\n<p>Es ist wichtig zu betonen, dass es bei Frank Casino keinen Bonus ohne Einzahlung gibt, aber nach der Erstellung eines Kontos werden mehrere profitable Angebote gleichzeitig verf\u00fcgbar. Um die auf Ihrem pers\u00f6nlichen Konto erhaltenen Boni zu aktivieren, m\u00fcssen Sie einige einfache Schritte ausf\u00fchren:<\/p>\n\n\n\n<ol><li>Melden Sie sich bei Ihrem Konto auf der Website an;<\/li><li>Gehen Sie zur Registerkarte &quot;Kasse&quot; und sehen Sie sich die verf\u00fcgbaren Angebote an;<\/li><li>Klicken Sie auf die Schaltfl\u00e4che &quot;Aktivieren&quot;, um mit der Arbeit mit Boni zu beginnen.&nbsp;<\/li><\/ol>\n\n\n\n<p>Das Casino garantiert seinen Kunden eine schnelle Auszahlung von Geldern und zuverl\u00e4ssigen Schutz vor Betr\u00fcgern. Durch die Verwendung von Boni im Frank Casino und damit die Vervielfachung ihrer Gewinne werden die Benutzer zweifellos f\u00fcr eine gute Stimmung sorgen!<\/p>","protected":false},"excerpt":{"rendered":"<p>\u041a\u0430\u043a \u043f\u043e\u043b\u0443\u0447\u0438\u0442\u044c \u0432\u044b\u0433\u043e\u0434\u043d\u044b\u0435 \u0431\u043e\u043d\u0443\u0441\u044b \u0438 \u0443\u0432\u0435\u043b\u0438\u0447\u0438\u0442\u044c \u0441\u0432\u043e\u0439 \u0432\u044b\u0438\u0433\u0440\u044b\u0448?\u0414\u043e\u0441\u0442\u0443\u043f\u043d\u044b\u0435 Frank Casino \u0431\u043e\u043d\u0443\u0441\u044b \u0410\u043a\u0442\u0438\u0432\u0430\u0446\u0438\u044f \u0431\u043e\u043d\u0443\u0441\u043d\u044b\u0445 \u043f\u0440\u0435\u0434\u043b\u043e\u0436\u0435\u043d\u0438\u0439 \u043d\u0430 \u0441\u0430\u0439\u0442\u0435 \u041a\u0430\u043a \u043f\u043e\u043b\u0443\u0447\u0438\u0442\u044c \u0432\u044b\u0433\u043e\u0434\u043d\u044b\u0435 \u0431\u043e\u043d\u0443\u0441\u044b \u0438 \u0443\u0432\u0435\u043b\u0438\u0447\u0438\u0442\u044c \u0441\u0432\u043e\u0439 \u0432\u044b\u0438\u0433\u0440\u044b\u0448? \u0411\u043e\u043b\u044c\u0448\u0430\u044f \u0431\u043e\u043d\u0443\u0441\u043d\u0430\u044f \u043f\u0440\u043e\u0433\u0440\u0430\u043c\u043c\u0430 \u043e\u0442 Frank Casino \u0434\u0430\u0435\u0442 \u0432\u043e\u0437\u043c\u043e\u0436\u043d\u043e\u0441\u0442\u044c \u0441\u0432\u043e\u0438\u043c \u043f\u043e\u043b\u044c\u0437\u043e\u0432\u0430\u0442\u0435\u043b\u044f\u043c \u0437\u0430\u0440\u0430\u0431\u0430\u0442\u044b\u0432\u0430\u0442\u044c \u043a\u0440\u0443\u043f\u043d\u044b\u0435 \u0432\u044b\u0438\u0433\u0440\u044b\u0448\u0438 \u043f\u0440\u0438 \u043c\u0438\u043d\u0438\u043c\u0430\u043b\u044c\u043d\u044b\u0445 \u0437\u0430\u0442\u0440\u0430\u0442\u0430\u0445 \u043d\u0430 \u0441\u0442\u0430\u0432\u043a\u0438. \u041f\u043e\u043e\u0449\u0440\u0435\u043d\u0438\u044f \u0440\u0430\u0437\u0434\u0430\u044e\u0442\u0441\u044f \u0440\u0435\u0433\u0443\u043b\u044f\u0440\u043d\u043e, \u0441\u0432\u043e\u0439 \u043f\u0435\u0440\u0432\u044b\u0439 \u0431\u043e\u043d\u0443\u0441 Frank Casino \u043c\u043e\u0436\u043d\u043e \u043f\u043e\u043b\u0443\u0447\u0438\u0442\u044c \u0443\u0436\u0435 \u0437\u0430 \u043f\u0435\u0440\u0432\u043e\u0435 &hellip;<\/p>","protected":false},"author":1,"featured_media":0,"parent":0,"menu_order":0,"comment_status":"closed","ping_status":"closed","template":"","meta":[],"_links":{"self":[{"href":"https:\/\/frank-casino-ru.com\/de\/wp-json\/wp\/v2\/pages\/12"}],"collection":[{"href":"https:\/\/frank-casino-ru.com\/de\/wp-json\/wp\/v2\/pages"}],"about":[{"href":"https:\/\/frank-casino-ru.com\/de\/wp-json\/wp\/v2\/types\/page"}],"author":[{"embeddable":true,"href":"https:\/\/frank-casino-ru.com\/de\/wp-json\/wp\/v2\/users\/1"}],"replies":[{"embeddable":true,"href":"https:\/\/frank-casino-ru.com\/de\/wp-json\/wp\/v2\/comments?post=12"}],"version-history":[{"count":2,"href":"https:\/\/frank-casino-ru.com\/de\/wp-json\/wp\/v2\/pages\/12\/revisions"}],"predecessor-version":[{"id":127,"href":"https:\/\/frank-casino-ru.com\/de\/wp-json\/wp\/v2\/pages\/12\/revisions\/127"}],"wp:attachment":[{"href":"https:\/\/frank-casino-ru.com\/de\/wp-json\/wp\/v2\/media?parent=12"}],"curies":[{"name":"wp","href":"https:\/\/api.w.org\/{rel}","templated":true}]}}